{"id":6615,"date":"2021-09-27T09:54:38","date_gmt":"2021-09-27T13:54:38","guid":{"rendered":"https:\/\/ccla.org\/?page_id=6615"},"modified":"2023-04-20T14:32:02","modified_gmt":"2023-04-20T18:32:02","slug":"make-a-bequest-in-your-will","status":"publish","type":"page","link":"https:\/\/dev.ccla.org\/fr\/faire-un-legs-dans-votre-testament\/","title":{"rendered":"Faire un legs dans votre testament"},"content":{"rendered":"<div id=\"fws_69d0ec7d7ef39\"  data-column-margin=\"default\" data-midnight=\"dark\"  class=\"wpb_row vc_row-fluid vc_row\"  style=\"padding-top: 0px; padding-bottom: 0px; \"><div class=\"row-bg-wrap\" data-bg-animation=\"none\" data-bg-animation-delay=\"\" data-bg-overlay=\"false\"><div class=\"inner-wrap row-bg-layer\" ><div class=\"row-bg viewport-desktop\"  style=\"\"><\/div><\/div><\/div><div class=\"row_col_wrap_12 col span_12 dark left\">\n\t<div  class=\"vc_col-sm-12 wpb_column column_container vc_column_container col no-extra-padding inherit_tablet inherit_phone\"  data-padding-pos=\"all\" data-has-bg-color=\"false\" data-bg-color=\"\" data-bg-opacity=\"1\" data-animation=\"\" data-delay=\"0\" >\n\t\t<div class=\"vc_column-inner\" >\n\t\t\t<div class=\"wpb_wrapper\">\n\t\t\t\t\n\t\t<div id=\"fws_69d0ec7d7fcf7\"  data-column-margin=\"default\" data-midnight=\"dark\"  class=\"wpb_row vc_row-fluid vc_row full-width-section\"  style=\"padding-top: 0px; padding-bottom: 0px; \"><div class=\"row-bg-wrap\" data-bg-animation=\"none\" data-bg-animation-delay=\"\" data-bg-overlay=\"true\"><div class=\"inner-wrap row-bg-layer\" ><div class=\"row-bg viewport-desktop\"  style=\"\"><\/div><\/div><div class=\"row-bg-overlay row-bg-layer\" style=\"background: rgba(0,0,0,0.3); background: linear-gradient(to bottom,rgba(0,0,0,0.3) 0%,rgba(238,238,238,0.01) 100%);  opacity: 0.5; \"><\/div><\/div><div class=\"row_col_wrap_12 col span_12 dark left\">\n\t<div  class=\"vc_col-sm-12 wpb_column column_container vc_column_container col no-extra-padding inherit_tablet inherit_phone\"  data-padding-pos=\"all\" data-has-bg-color=\"false\" data-bg-color=\"\" data-bg-opacity=\"1\" data-animation=\"\" data-delay=\"0\" >\n\t\t<div class=\"vc_column-inner\" >\n\t\t\t<div class=\"wpb_wrapper\">\n\t\t\t\t<div class=\"divider-wrap\" data-alignment=\"default\"><div style=\"height: 10px;\" class=\"divider\"><\/div><\/div>\n\t\t\t<\/div> \n\t\t<\/div>\n\t<\/div> \n<\/div><\/div>\n\n\t\t\t<\/div> \n\t\t<\/div>\n\t<\/div> \n<\/div><\/div>\n\t\t<div id=\"fws_69d0ec7d807e8\"  data-column-margin=\"60px\" data-midnight=\"dark\" data-top-percent=\"3%\" data-bottom-percent=\"3%\"  class=\"wpb_row vc_row-fluid vc_row full-width-section  reverse_columns_column_phone\"  style=\"padding-top: calc(100vw * 0.03); padding-bottom: calc(100vw * 0.03); \"><div class=\"row-bg-wrap\" data-bg-animation=\"none\" data-bg-animation-delay=\"\" data-bg-overlay=\"false\"><div class=\"inner-wrap row-bg-layer\" ><div class=\"row-bg viewport-desktop using-bg-color\"  style=\"background-color: #ffffff; \"><\/div><\/div><\/div><div class=\"row_col_wrap_12 col span_12 dark left\">\n\t<div  class=\"vc_col-sm-12 wpb_column column_container vc_column_container col no-extra-padding inherit_tablet inherit_phone\"  data-padding-pos=\"right\" data-has-bg-color=\"false\" data-bg-color=\"\" data-bg-opacity=\"1\" data-animation=\"\" data-delay=\"0\" >\n\t\t<div class=\"vc_column-inner\" >\n\t\t\t<div class=\"wpb_wrapper\">\n\t\t\t\t\n<div class=\"wpb_text_column wpb_content_element\" >\n\t<div class=\"wpb_wrapper\">\n\t\t<h2><span style=\"color: #1e5799;\">Vous pouvez l\u00e9guer un h\u00e9ritage de libert\u00e9s et de droits fondamentaux \u00e0 tous les Canadiens pour les g\u00e9n\u00e9rations \u00e0 venir <\/span><\/h2>\n\t<\/div>\n<\/div>\n\n\n\n\n<div class=\"wpb_text_column wpb_content_element\" >\n\t<div class=\"wpb_wrapper\">\n\t\t<p>Votre conviction que le Canada devrait \u00eatre un pays o\u00f9 les libert\u00e9s civiles et les libert\u00e9s de chacun sont pleinement respect\u00e9es et prot\u00e9g\u00e9es peut perdurer.<\/p>\n<p>En faisant un don dans votre testament \u00e0 l&#039;Association canadienne des libert\u00e9s civiles, vous pouvez vous assurer que l&#039;ACLC pourra continuer \u00e0 agir comme un chien de garde solide, d\u00e9fendant les droits et libert\u00e9s de tous au Canada pour les g\u00e9n\u00e9rations \u00e0 venir.<\/p>\n<p>Fond\u00e9e en 1964, l&#039;ACLC a travaill\u00e9 avec diligence pendant six d\u00e9cennies pour contester les violations individuelles et collectives des libert\u00e9s civiles, des droits et des libert\u00e9s et pour travailler pour plus de justice pour tous au Canada. Nous avons \u00e9t\u00e9 \u00e0 l&#039;avant-garde de certains des probl\u00e8mes de justice sociale les plus urgents des 60 derni\u00e8res ann\u00e9es, et en d\u00e9fiant et en modifiant les lois, nous avons chang\u00e9 des vies pour le mieux.<\/p>\n<p>Vous pouvez contribuer \u00e0 faire en sorte que nous soyons l\u00e0 pour lutter pour les droits pendant les 60 prochaines ann\u00e9es\u00a0!<\/p>\n<p>Faire un don \u00e0 l&#039;ACLC dans votre testament est facile et pourrait \u00eatre l&#039;une des contributions les plus importantes et les plus durables que vous puissiez apporter \u00e0 un avenir meilleur pour tous au Canada.<\/p>\n<p>Tout au long de l&#039;histoire de l&#039;ACLC, les h\u00e9ritages ont fourni le financement vital n\u00e9cessaire pour garantir que nous disposions des ressources n\u00e9cessaires pour aller en justice pour contester les violations des droits des personnes et pour travailler \u00e0 plusieurs niveaux pour changer les lois et pratiques injustes.<\/p>\n<p><strong>C&#039;est facile \u00e0 faire <\/strong><\/p>\n<p>Les deux fa\u00e7ons les plus courantes de faire un don \u00e0 un organisme de bienfaisance dans votre testament sont de nommer un montant de don pr\u00e9cis ou de laisser un pourcentage du reliquat de votre succession une fois que toutes les taxes, les frais administratifs et les dons aux amis et \u00e0 la famille ont \u00e9t\u00e9 pay\u00e9s.<br \/>\nVoici un exemple de libell\u00e9 que vous pouvez utiliser pour chacun de ces deux types de don\u00a0:<\/p>\n<h3><span style=\"color: #1e5799;\">Information utile<\/span><\/h3>\n\t<\/div>\n<\/div>\n\n\n\n\n<div class=\"wpb_text_column wpb_content_element\" >\n\t<div class=\"wpb_wrapper\">\n\t\t<p><strong>Montant sp\u00e9cifique du don <\/strong><\/p>\n<p><em>Je donne \u00e0 l&#039;Association canadienne des libert\u00e9s civiles, actuellement au 124 Merton Street, Suite #400, Toronto, Ontario M4S 2Z2, la somme de $\u2014\u2013. J&#039;ordonne que ces fonds soient utilis\u00e9s aux fins g\u00e9n\u00e9rales de l&#039;organisation. <\/em><\/p>\n<p><strong>Pourcentage du montant r\u00e9siduel <\/strong><\/p>\n<p><em>Je donne \u00e0 l&#039;Association canadienne des libert\u00e9s civiles, actuellement au 124 Merton Street, Suite #400, Toronto, Ontario M4S 2Z2, la totalit\u00e9 (ou \u2014 %) du reliquat de ma succession. J&#039;ordonne que ces fonds soient utilis\u00e9s aux fins g\u00e9n\u00e9rales de l&#039;organisation. <\/em><\/p>\n<p><strong>Nom l\u00e9gal et enregistrement d&#039;organisme de bienfaisance<\/strong><\/p>\n<p>Notre nom l\u00e9gal est l&#039;Association canadienne des libert\u00e9s civiles et notre num\u00e9ro d&#039;enregistrement d&#039;organisme de bienfaisance est le #75480 2288 RR0001.<br \/>\nVous pouvez \u00e9galement laisser un h\u00e9ritage \u00e0 notre organisation s\u0153ur qui g\u00e8re des programmes innovants d&#039;\u00e9ducation aux droits dans les \u00e9coles et la communaut\u00e9 : la Fiducie canadienne pour l&#039;\u00e9ducation des libert\u00e9s civiles, enregistrement caritatif # 10684 4384 RR0001.<\/p>\n<p><strong>C&#039;est une bonne id\u00e9e d&#039;obtenir des conseils juridiques<\/strong><\/p>\n<p>Si vous avez d\u00e9j\u00e0 un testament et souhaitez faire un don \u00e0 l&#039;ACLC, il n&#039;est pas n\u00e9cessaire de r\u00e9\u00e9crire votre testament. Tout ce dont vous avez besoin est un simple ajout appel\u00e9 codicille. Un codicille est un document testamentaire qui modifie votre testament et vous permet d&#039;apporter un changement tout en laissant le reste des dispositions telles qu&#039;elles sont.<\/p>\n<p>Si vous n&#039;avez pas de testament, d\u00e9cider de faire un don testamentaire \u00e0 l&#039;ACLC est une bonne occasion de contacter un avocat et d&#039;entamer le processus. Que vous r\u00e9digiez un nouveau testament ou un codicille, nous vous conseillons de discuter de vos volont\u00e9s et intentions avec un avocat sp\u00e9cialis\u00e9 en successions et fiducies afin de vous assurer que vos volont\u00e9s seront bien ex\u00e9cut\u00e9es par le biais de votre testament.<\/p>\n<p><em>Pour plus d&#039;informations ou pour vous renseigner sur d&#039;autres moyens de soutenir le travail de l&#039;Association canadienne des libert\u00e9s civiles, n&#039;h\u00e9sitez pas \u00e0 contacter Michael Lowery au 416-646-1407, mlowery@ccla.org.<\/em><\/p>\n\t<\/div>\n<\/div>\n\n\n\n\n\t\t\t<\/div> \n\t\t<\/div>\n\t<\/div> \n\n\t<div  class=\"vc_col-sm-12 wpb_column column_container vc_column_container col no-extra-padding inherit_tablet inherit_phone\"  data-padding-pos=\"all\" data-has-bg-color=\"false\" data-bg-color=\"\" data-bg-opacity=\"1\" data-animation=\"\" data-delay=\"0\" >\n\t\t<div class=\"vc_column-inner\" >\n\t\t\t<div class=\"wpb_wrapper\">\n\t\t\t\t\n\t\t\t<\/div> \n\t\t<\/div>\n\t<\/div> \n<\/div><\/div>\n\t\t<div id=\"fws_69d0ec7d81857\"  data-column-margin=\"default\" data-midnight=\"dark\"  class=\"wpb_row vc_row-fluid vc_row\"  style=\"padding-top: 0px; padding-bottom: 0px; \"><div class=\"row-bg-wrap\" data-bg-animation=\"none\" data-bg-animation-delay=\"\" data-bg-overlay=\"false\"><div class=\"inner-wrap row-bg-layer\" ><div class=\"row-bg viewport-desktop\"  style=\"\"><\/div><\/div><\/div><div class=\"row_col_wrap_12 col span_12 dark left\">\n\t<div  class=\"vc_col-sm-12 wpb_column column_container vc_column_container col no-extra-padding inherit_tablet inherit_phone\"  data-padding-pos=\"all\" data-has-bg-color=\"false\" data-bg-color=\"\" data-bg-opacity=\"1\" data-animation=\"\" data-delay=\"0\" >\n\t\t<div class=\"vc_column-inner\" >\n\t\t\t<div class=\"wpb_wrapper\">\n\t\t\t\t\n\t\t<div id=\"fws_69d0ec7d82216\"  data-column-margin=\"default\" data-midnight=\"dark\"  class=\"wpb_row vc_row-fluid vc_row full-width-section\"  style=\"padding-top: 0px; padding-bottom: 0px; \"><div class=\"row-bg-wrap\" data-bg-animation=\"none\" data-bg-animation-delay=\"\" data-bg-overlay=\"true\"><div class=\"inner-wrap row-bg-layer\" ><div class=\"row-bg viewport-desktop using-bg-color\"  style=\"background-color: #f2f2f2; \"><\/div><\/div><div class=\"row-bg-overlay row-bg-layer\" style=\"background: rgba(0,0,0,0.01); background: linear-gradient(to bottom,rgba(0,0,0,0.01) 0%,rgba(0,0,0,0.3) 100%);  opacity: 0.95; \"><\/div><\/div><div class=\"row_col_wrap_12 col span_12 dark left\">\n\t<div  class=\"vc_col-sm-12 wpb_column column_container vc_column_container col no-extra-padding inherit_tablet inherit_phone\"  data-padding-pos=\"all\" data-has-bg-color=\"false\" data-bg-color=\"\" data-bg-opacity=\"1\" data-animation=\"\" data-delay=\"0\" >\n\t\t<div class=\"vc_column-inner\" >\n\t\t\t<div class=\"wpb_wrapper\">\n\t\t\t\t<div class=\"divider-wrap\" data-alignment=\"default\"><div style=\"height: 10px;\" class=\"divider\"><\/div><\/div>\n\t\t\t<\/div> \n\t\t<\/div>\n\t<\/div> \n<\/div><\/div>\n\n\t\t\t<\/div> \n\t\t<\/div>\n\t<\/div> \n<\/div><\/div>","protected":false},"excerpt":{"rendered":"Vous pouvez laisser un h\u00e9ritage de droits et de libert\u00e9s fondamentaux \u00e0 tous les Canadiens pour les g\u00e9n\u00e9rations \u00e0 venir. Votre conviction que le Canada devrait \u00eatre un pays o\u00f9 chaque personne...","protected":false},"author":4,"featured_media":8636,"parent":0,"menu_order":0,"comment_status":"closed","ping_status":"closed","template":"","meta":{"footnotes":""},"class_list":["post-6615","page","type-page","status-publish","has-post-thumbnail"],"yoast_head":"<!-- This site is optimized with the Yoast SEO plugin v24.7 - https:\/\/yoast.com\/wordpress\/plugins\/seo\/ -->\n<title>Make a Bequest in Your Will - CCLA<\/title>\n<meta name=\"robots\" content=\"noindex, follow, max-snippet:-1, max-image-preview:large, max-video-preview:-1\" \/>\n<meta property=\"og:locale\" content=\"fr_CA\" \/>\n<meta property=\"og:type\" content=\"article\" \/>\n<meta property=\"og:title\" content=\"Make a Bequest in Your Will - CCLA\" \/>\n<meta property=\"og:url\" content=\"https:\/\/dev.ccla.org\/fr\/faire-un-legs-dans-votre-testament\/\" \/>\n<meta property=\"og:site_name\" content=\"CCLA\" \/>\n<meta property=\"article:modified_time\" content=\"2023-04-20T18:32:02+00:00\" \/>\n<meta property=\"og:image\" content=\"https:\/\/dev.ccla.org\/wp-content\/uploads\/2023\/04\/CCLA-Legacy-web-banner-200x800-draft-1.jpg\" \/>\n\t<meta property=\"og:image:width\" content=\"2000\" \/>\n\t<meta property=\"og:image:height\" content=\"800\" \/>\n\t<meta property=\"og:image:type\" content=\"image\/jpeg\" \/>\n<meta name=\"twitter:card\" content=\"summary_large_image\" \/>\n<meta name=\"twitter:label1\" content=\"Estimation du temps de lecture\" \/>\n\t<meta name=\"twitter:data1\" content=\"4 minutes\" \/>\n<script type=\"application\/ld+json\" class=\"yoast-schema-graph\">{\"@context\":\"https:\/\/schema.org\",\"@graph\":[{\"@type\":\"WebPage\",\"@id\":\"https:\/\/dev.ccla.org\/make-a-bequest-in-your-will\/\",\"url\":\"https:\/\/dev.ccla.org\/make-a-bequest-in-your-will\/\",\"name\":\"Make a Bequest in Your Will - CCLA\",\"isPartOf\":{\"@id\":\"https:\/\/dev.ccla.org\/#website\"},\"primaryImageOfPage\":{\"@id\":\"https:\/\/dev.ccla.org\/make-a-bequest-in-your-will\/#primaryimage\"},\"image\":{\"@id\":\"https:\/\/dev.ccla.org\/make-a-bequest-in-your-will\/#primaryimage\"},\"thumbnailUrl\":\"https:\/\/dev.ccla.org\/wp-content\/uploads\/2023\/04\/CCLA-Legacy-web-banner-200x800-draft-1.jpg\",\"datePublished\":\"2021-09-27T13:54:38+00:00\",\"dateModified\":\"2023-04-20T18:32:02+00:00\",\"breadcrumb\":{\"@id\":\"https:\/\/dev.ccla.org\/make-a-bequest-in-your-will\/#breadcrumb\"},\"inLanguage\":\"fr-CA\",\"potentialAction\":[{\"@type\":\"ReadAction\",\"target\":[\"https:\/\/dev.ccla.org\/make-a-bequest-in-your-will\/\"]}]},{\"@type\":\"ImageObject\",\"inLanguage\":\"fr-CA\",\"@id\":\"https:\/\/dev.ccla.org\/make-a-bequest-in-your-will\/#primaryimage\",\"url\":\"https:\/\/dev.ccla.org\/wp-content\/uploads\/2023\/04\/CCLA-Legacy-web-banner-200x800-draft-1.jpg\",\"contentUrl\":\"https:\/\/dev.ccla.org\/wp-content\/uploads\/2023\/04\/CCLA-Legacy-web-banner-200x800-draft-1.jpg\",\"width\":2000,\"height\":800},{\"@type\":\"BreadcrumbList\",\"@id\":\"https:\/\/dev.ccla.org\/make-a-bequest-in-your-will\/#breadcrumb\",\"itemListElement\":[{\"@type\":\"ListItem\",\"position\":1,\"name\":\"Home\",\"item\":\"https:\/\/dev.ccla.org\/\"},{\"@type\":\"ListItem\",\"position\":2,\"name\":\"Make a Bequest in Your Will\"}]},{\"@type\":\"WebSite\",\"@id\":\"https:\/\/dev.ccla.org\/#website\",\"url\":\"https:\/\/dev.ccla.org\/\",\"name\":\"CCLA\",\"description\":\"\",\"potentialAction\":[{\"@type\":\"SearchAction\",\"target\":{\"@type\":\"EntryPoint\",\"urlTemplate\":\"https:\/\/dev.ccla.org\/?s={search_term_string}\"},\"query-input\":{\"@type\":\"PropertyValueSpecification\",\"valueRequired\":true,\"valueName\":\"search_term_string\"}}],\"inLanguage\":\"fr-CA\"}]}<\/script>\n<!-- \/ Yoast SEO plugin. -->","yoast_head_json":{"title":"Make a Bequest in Your Will - CCLA","robots":{"index":"noindex","follow":"follow","max-snippet":"max-snippet:-1","max-image-preview":"max-image-preview:large","max-video-preview":"max-video-preview:-1"},"og_locale":"fr_CA","og_type":"article","og_title":"Make a Bequest in Your Will - CCLA","og_url":"https:\/\/dev.ccla.org\/fr\/faire-un-legs-dans-votre-testament\/","og_site_name":"CCLA","article_modified_time":"2023-04-20T18:32:02+00:00","og_image":[{"width":2000,"height":800,"url":"https:\/\/dev.ccla.org\/wp-content\/uploads\/2023\/04\/CCLA-Legacy-web-banner-200x800-draft-1.jpg","type":"image\/jpeg"}],"twitter_card":"summary_large_image","twitter_misc":{"Estimation du temps de lecture":"4 minutes"},"schema":{"@context":"https:\/\/schema.org","@graph":[{"@type":"WebPage","@id":"https:\/\/dev.ccla.org\/make-a-bequest-in-your-will\/","url":"https:\/\/dev.ccla.org\/make-a-bequest-in-your-will\/","name":"Make a Bequest in Your Will - CCLA","isPartOf":{"@id":"https:\/\/dev.ccla.org\/#website"},"primaryImageOfPage":{"@id":"https:\/\/dev.ccla.org\/make-a-bequest-in-your-will\/#primaryimage"},"image":{"@id":"https:\/\/dev.ccla.org\/make-a-bequest-in-your-will\/#primaryimage"},"thumbnailUrl":"https:\/\/dev.ccla.org\/wp-content\/uploads\/2023\/04\/CCLA-Legacy-web-banner-200x800-draft-1.jpg","datePublished":"2021-09-27T13:54:38+00:00","dateModified":"2023-04-20T18:32:02+00:00","breadcrumb":{"@id":"https:\/\/dev.ccla.org\/make-a-bequest-in-your-will\/#breadcrumb"},"inLanguage":"fr-CA","potentialAction":[{"@type":"ReadAction","target":["https:\/\/dev.ccla.org\/make-a-bequest-in-your-will\/"]}]},{"@type":"ImageObject","inLanguage":"fr-CA","@id":"https:\/\/dev.ccla.org\/make-a-bequest-in-your-will\/#primaryimage","url":"https:\/\/dev.ccla.org\/wp-content\/uploads\/2023\/04\/CCLA-Legacy-web-banner-200x800-draft-1.jpg","contentUrl":"https:\/\/dev.ccla.org\/wp-content\/uploads\/2023\/04\/CCLA-Legacy-web-banner-200x800-draft-1.jpg","width":2000,"height":800},{"@type":"BreadcrumbList","@id":"https:\/\/dev.ccla.org\/make-a-bequest-in-your-will\/#breadcrumb","itemListElement":[{"@type":"ListItem","position":1,"name":"Home","item":"https:\/\/dev.ccla.org\/"},{"@type":"ListItem","position":2,"name":"Make a Bequest in Your Will"}]},{"@type":"WebSite","@id":"https:\/\/dev.ccla.org\/#website","url":"https:\/\/dev.ccla.org\/","name":"CCLA","description":"","potentialAction":[{"@type":"SearchAction","target":{"@type":"EntryPoint","urlTemplate":"https:\/\/dev.ccla.org\/?s={search_term_string}"},"query-input":{"@type":"PropertyValueSpecification","valueRequired":true,"valueName":"search_term_string"}}],"inLanguage":"fr-CA"}]}},"_links":{"self":[{"href":"https:\/\/dev.ccla.org\/fr\/wp-json\/wp\/v2\/pages\/6615","targetHints":{"allow":["GET"]}}],"collection":[{"href":"https:\/\/dev.ccla.org\/fr\/wp-json\/wp\/v2\/pages"}],"about":[{"href":"https:\/\/dev.ccla.org\/fr\/wp-json\/wp\/v2\/types\/page"}],"author":[{"embeddable":true,"href":"https:\/\/dev.ccla.org\/fr\/wp-json\/wp\/v2\/users\/4"}],"replies":[{"embeddable":true,"href":"https:\/\/dev.ccla.org\/fr\/wp-json\/wp\/v2\/comments?post=6615"}],"version-history":[{"count":18,"href":"https:\/\/dev.ccla.org\/fr\/wp-json\/wp\/v2\/pages\/6615\/revisions"}],"predecessor-version":[{"id":8641,"href":"https:\/\/dev.ccla.org\/fr\/wp-json\/wp\/v2\/pages\/6615\/revisions\/8641"}],"wp:featuredmedia":[{"embeddable":true,"href":"https:\/\/dev.ccla.org\/fr\/wp-json\/wp\/v2\/media\/8636"}],"wp:attachment":[{"href":"https:\/\/dev.ccla.org\/fr\/wp-json\/wp\/v2\/media?parent=6615"}],"curies":[{"name":"wp","href":"https:\/\/api.w.org\/{rel}","templated":true}]}}