{"id":4728,"date":"2021-07-06T16:15:40","date_gmt":"2021-07-06T16:15:40","guid":{"rendered":"https:\/\/ccla.org\/?page_id=4728"},"modified":"2025-01-22T11:12:45","modified_gmt":"2025-01-22T16:12:45","slug":"legal-volunteers","status":"publish","type":"page","link":"https:\/\/dev.ccla.org\/fr\/volontaire\/volontaires-juridiques\/","title":{"rendered":"\u00c9tudiants en droit"},"content":{"rendered":"<div id=\"fws_69d7c58b6b7fe\"  data-column-margin=\"default\" data-midnight=\"dark\"  class=\"wpb_row vc_row-fluid vc_row\"  style=\"padding-top: 0px; padding-bottom: 0px; \"><div class=\"row-bg-wrap\" data-bg-animation=\"none\" data-bg-animation-delay=\"\" data-bg-overlay=\"false\"><div class=\"inner-wrap row-bg-layer\" ><div class=\"row-bg viewport-desktop\"  style=\"\"><\/div><\/div><\/div><div class=\"row_col_wrap_12 col span_12 dark left\">\n\t<div  class=\"vc_col-sm-12 wpb_column column_container vc_column_container col no-extra-padding inherit_tablet inherit_phone\"  data-padding-pos=\"all\" data-has-bg-color=\"false\" data-bg-color=\"\" data-bg-opacity=\"1\" data-animation=\"\" data-delay=\"0\" >\n\t\t<div class=\"vc_column-inner\" >\n\t\t\t<div class=\"wpb_wrapper\">\n\t\t\t\t\n\t\t<div id=\"fws_69d7c58b6c45b\"  data-column-margin=\"default\" data-midnight=\"dark\"  class=\"wpb_row vc_row-fluid vc_row full-width-section\"  style=\"padding-top: 0px; padding-bottom: 0px; \"><div class=\"row-bg-wrap\" data-bg-animation=\"none\" data-bg-animation-delay=\"\" data-bg-overlay=\"true\"><div class=\"inner-wrap row-bg-layer\" ><div class=\"row-bg viewport-desktop\"  style=\"\"><\/div><\/div><div class=\"row-bg-overlay row-bg-layer\" style=\"background: rgba(0,0,0,0.3); background: linear-gradient(to bottom,rgba(0,0,0,0.3) 0%,rgba(238,238,238,0.01) 100%);  opacity: 0.5; \"><\/div><\/div><div class=\"row_col_wrap_12 col span_12 dark left\">\n\t<div  class=\"vc_col-sm-12 wpb_column column_container vc_column_container col no-extra-padding inherit_tablet inherit_phone\"  data-padding-pos=\"all\" data-has-bg-color=\"false\" data-bg-color=\"\" data-bg-opacity=\"1\" data-animation=\"\" data-delay=\"0\" >\n\t\t<div class=\"vc_column-inner\" >\n\t\t\t<div class=\"wpb_wrapper\">\n\t\t\t\t<div class=\"divider-wrap\" data-alignment=\"default\"><div style=\"height: 10px;\" class=\"divider\"><\/div><\/div>\n\t\t\t<\/div> \n\t\t<\/div>\n\t<\/div> \n<\/div><\/div>\n\n\t\t\t<\/div> \n\t\t<\/div>\n\t<\/div> \n<\/div><\/div>\n\t\t<div id=\"mission\"  data-column-margin=\"default\" data-midnight=\"dark\" data-top-percent=\"3%\" data-bottom-percent=\"2%\"  class=\"wpb_row vc_row-fluid vc_row full-width-section\"  style=\"padding-top: calc(100vw * 0.03); padding-bottom: calc(100vw * 0.02); \"><div class=\"row-bg-wrap\" data-bg-animation=\"none\" data-bg-animation-delay=\"\" data-bg-overlay=\"false\"><div class=\"inner-wrap row-bg-layer\" ><div class=\"row-bg viewport-desktop\"  style=\"\"><\/div><\/div><\/div><div class=\"row_col_wrap_12 col span_12 dark left\">\n\t<div style=\" color: #000000;\" class=\"vc_col-sm-12 wpb_column column_container vc_column_container col no-extra-padding inherit_tablet inherit_phone\" data-cfc=\"true\"  data-padding-pos=\"all\" data-has-bg-color=\"false\" data-bg-color=\"\" data-bg-opacity=\"1\" data-animation=\"\" data-delay=\"0\" >\n\t\t<div class=\"vc_column-inner\" >\n\t\t\t<div class=\"wpb_wrapper\">\n\t\t\t\t<h2 style=\"font-size: 36px;color: #707070;line-height: 1.4;text-align: left;font-family:Crimson Text;font-weight:400;font-style:italic\" class=\"vc_custom_heading vc_do_custom_heading\" >Merci de l&#039;int\u00e9r\u00eat que vous portez au travail de l&#039;Association canadienne des libert\u00e9s civiles qui d\u00e9fend les droits et libert\u00e9s des personnes au Canada \u2013 et merci de votre int\u00e9r\u00eat \u00e0 faire du b\u00e9n\u00e9volat avec l&#039;ACLC.<\/h2>\n\t\t\t<\/div> \n\t\t<\/div>\n\t<\/div> \n<\/div><\/div>\n\t\t<div id=\"mission\"  data-column-margin=\"40px\" data-midnight=\"dark\" data-bottom-percent=\"5%\"  class=\"wpb_row vc_row-fluid vc_row full-width-section\"  style=\"padding-top: 0px; padding-bottom: calc(100vw * 0.05); \"><div class=\"row-bg-wrap\" data-bg-animation=\"none\" data-bg-animation-delay=\"\" data-bg-overlay=\"false\"><div class=\"inner-wrap row-bg-layer\" ><div class=\"row-bg viewport-desktop\"  style=\"\"><\/div><\/div><\/div><div class=\"row_col_wrap_12 col span_12 dark left\">\n\t<div style=\" color: #000000;\" class=\"vc_col-sm-6 wpb_column column_container vc_column_container col no-extra-padding inherit_tablet inherit_phone\" data-cfc=\"true\"  data-padding-pos=\"all\" data-has-bg-color=\"false\" data-bg-color=\"\" data-bg-opacity=\"1\" data-animation=\"\" data-delay=\"0\" >\n\t\t<div class=\"vc_column-inner\" >\n\t\t\t<div class=\"wpb_wrapper\">\n\t\t\t\t<div class=\"nectar-flip-box\" data-min-height=\"300\" data-flip-direction=\"horizontal-to-left\" data-h_text_align=\"left\" data-v_text_align=\"center\"><div class=\"flip-box-front\"  data-bg-overlay=\"true\" data-text-color=\"light\" style=\"background-image: url('https:\/\/dev.ccla.org\/wp-content\/uploads\/2021\/06\/mimi-thian-737711-unsplash.jpg'); background-color: #000000; min-height: 300px;\"> <div class=\"inner\"><\/p>\n<h2>Programme d&#039;\u00e9t\u00e9 de b\u00e9n\u00e9volat en droit<\/h2>\n<p><\/div> <\/div><div class=\"flip-box-back\"  data-bg-overlay=\"\" data-text-color=\"light\" style=\"background-color: #1e5799; min-height: 300px;\"> <div class=\"inner\">Chaque ann\u00e9e, nous accueillons plusieurs b\u00e9n\u00e9voles juridiques pendant l&#039;\u00e9t\u00e9. Pour en savoir plus sur ces postes, <span style=\"color: #ff6600\"><a style=\"color: #ff6600\" href=\"https:\/\/dev.ccla.org\/wp-content\/uploads\/2025\/01\/2025-01-09-2025-Summer-Legal-Volunteer-Posting-Final.pdf\">Cliquez ici<\/a><\/span>. Nous avons \u00e9galement notre poste d&#039;\u00e9t\u00e9 d&#039;\u00e9tudiant en droit sur les droits des transgenres. Pour en savoir plus, <span style=\"color: #ff6600\"><a style=\"color: #ff6600\" href=\"https:\/\/dev.ccla.org\/wp-content\/uploads\/2025\/01\/2025-01-10-2025-Trans-Rights-Summer-Law-Student-Job-Posting-Final-1.pdf\">Cliquez ici<\/a><\/span>. Veuillez noter les dates limites de candidature.<\/p>\n<\/div> <\/div><\/div>\n\t\t\t<\/div> \n\t\t<\/div>\n\t<\/div> \n\n\t<div  class=\"vc_col-sm-6 wpb_column column_container vc_column_container col no-extra-padding inherit_tablet inherit_phone\"  data-padding-pos=\"all\" data-has-bg-color=\"false\" data-bg-color=\"\" data-bg-opacity=\"1\" data-animation=\"\" data-delay=\"0\" >\n\t\t<div class=\"vc_column-inner\" >\n\t\t\t<div class=\"wpb_wrapper\">\n\t\t\t\t<div class=\"nectar-flip-box\" data-min-height=\"300\" data-flip-direction=\"horizontal-to-left\" data-h_text_align=\"left\" data-v_text_align=\"center\"><div class=\"flip-box-front\"  data-bg-overlay=\"true\" data-text-color=\"light\" style=\"background-image: url('https:\/\/dev.ccla.org\/wp-content\/uploads\/2021\/06\/person-signing-the-document-on-device-concept-of-e-362RNUS.jpg'); background-color: #000000; min-height: 300px;\"> <div class=\"inner\"><\/p>\n<h2>\u00c9tudiants en droit b\u00e9n\u00e9voles pendant l&#039;ann\u00e9e scolaire<\/h2>\n<p><\/div> <\/div><div class=\"flip-box-back\"  data-bg-overlay=\"\" data-text-color=\"light\" style=\"background-color: #1e5799; min-height: 300px;\"> <div class=\"inner\">Au cours de l&#039;ann\u00e9e scolaire, nous accueillons plusieurs \u00e9tudiants en droit en tant que b\u00e9n\u00e9voles par le biais d&#039;\u00c9tudiants Pro Bono Canada. Veuillez contacter la section PBSC de votre \u00e9cole pour en savoir plus sur ces opportunit\u00e9s. Si vous fr\u00e9quentez une \u00e9cole de droit \u00e0 l&#039;ext\u00e9rieur du Canada, veuillez remplir notre <strong><span style=\"text-decoration: underline\"><span style=\"color: #ef770e;text-decoration: underline\"><a style=\"color: #ef770e;text-decoration: underline\" href=\"https:\/\/forms.office.com\/pages\/responsepage.aspx?id=-b0i80K57kas_03F_wgRh00ZzbZllIZGsPgv2qqPV99UOTFLQjVMSFdSSDJXOTBJVldTQjNaRktVNS4u\" target=\"_blank\" rel=\"noopener\">formulaire de b\u00e9n\u00e9volat<\/a><\/span><\/span><\/strong>, ou envoyez-nous un e-mail \u00e0 <strong><span style=\"color: #ef770e\"><a style=\"color: #ef770e\" href=\"mailto:volunteer@ccla.org\"><span style=\"text-decoration: underline\">b\u00e9n\u00e9vole@ccla.org<\/span><\/a><\/span><\/strong> avec toutes les questions.<\/div> <\/div><\/div>\n\t\t\t<\/div> \n\t\t<\/div>\n\t<\/div> \n\n\t<div  class=\"vc_col-sm-12 wpb_column column_container vc_column_container col no-extra-padding inherit_tablet inherit_phone\"  data-padding-pos=\"all\" data-has-bg-color=\"false\" data-bg-color=\"\" data-bg-opacity=\"1\" data-animation=\"\" data-delay=\"0\" >\n\t\t<div class=\"vc_column-inner\" >\n\t\t\t<div class=\"wpb_wrapper\">\n\t\t\t\t<div class=\"divider-wrap\" data-alignment=\"default\"><div style=\"height: 25px;\" class=\"divider\"><\/div><\/div><div class=\"divider-wrap\" data-alignment=\"default\"><div style=\"height: 25px;\" class=\"divider\"><\/div><\/div><div class=\"divider-wrap\" data-alignment=\"default\"><div style=\"height: 25px;\" class=\"divider\"><\/div><\/div>\n\t\t\t<\/div> \n\t\t<\/div>\n\t<\/div> \n\n\t<div  class=\"vc_col-sm-12 wpb_column column_container vc_column_container col no-extra-padding inherit_tablet inherit_phone\"  data-padding-pos=\"all\" data-has-bg-color=\"false\" data-bg-color=\"\" data-bg-opacity=\"1\" data-animation=\"\" data-delay=\"0\" >\n\t\t<div class=\"vc_column-inner\" >\n\t\t\t<div class=\"wpb_wrapper\">\n\t\t\t\t\n<div class=\"wpb_text_column wpb_content_element\" >\n\t<div class=\"wpb_wrapper\">\n\t\t<h6><span style=\"color: #707070;\"><strong><span class=\"TextRun Underlined SCXW86614988 BCX0\" lang=\"EN-CA\" xml:lang=\"EN-CA\" data-contrast=\"auto\"><span class=\"NormalTextRun SCXW86614988 BCX0\">Vous cherchez des renseignements sur notre processus de demande de stage?<\/span><\/span> <\/strong><\/span><\/h6>\n<p>Veuillez visiter notre <span style=\"text-decoration: underline;\"><strong><span style=\"color: #ef770e; text-decoration: underline;\"><a style=\"color: #ef770e; text-decoration: underline;\" href=\"https:\/\/dev.ccla.org\/fr\/a-propos-de-nous\/opportunites-demploi\/\" target=\"_blank\" rel=\"noopener\">Opportunit\u00e9s d&#039;emploi<\/a><\/span><\/strong><\/span> page pour en savoir plus sur les opportunit\u00e9s r\u00e9mun\u00e9r\u00e9es en cours. Si nous embauchons un stagiaire, l&#039;annonce y appara\u00eetra.<\/p>\n<h6><span style=\"color: #707070;\"><strong>Vous n&#039;\u00eates pas \u00e9tudiant en droit mais vous souhaitez faire du b\u00e9n\u00e9volat avec nous?<\/strong><\/span><\/h6>\n<p>Vous pouvez en savoir plus sur les autres opportunit\u00e9s de b\u00e9n\u00e9volat et remplir notre formulaire g\u00e9n\u00e9ral <span style=\"text-decoration: underline;\"><strong><span style=\"color: #ef770e;\"><a style=\"color: #ef770e; text-decoration: underline;\" href=\"https:\/\/forms.office.com\/pages\/responsepage.aspx?id=-b0i80K57kas_03F_wgRh00ZzbZllIZGsPgv2qqPV99UOTFLQjVMSFdSSDJXOTBJVldTQjNaRktVNS4u\" target=\"_blank\" rel=\"noopener\">formulaire de b\u00e9n\u00e9volat<\/a><\/span><\/strong><\/span>.<\/p>\n<h6><span style=\"color: #707070;\"><strong>Des questions ou des demandes de b\u00e9n\u00e9volat urgentes?<\/strong><\/span><\/h6>\n<p>Envoyez-nous un email \u00e0 <span style=\"text-decoration: underline;\"><strong><span style=\"color: #ef770e; text-decoration: underline;\"><a style=\"color: #ef770e; text-decoration: underline;\" href=\"mailto:volunteer@ccla.org\">b\u00e9n\u00e9vole@ccla.org<\/a><\/span><\/strong><\/span>, nous vous r\u00e9pondrons d\u00e8s que possible.<\/p>\n\t<\/div>\n<\/div>\n\n\n\n\n\t\t\t<\/div> \n\t\t<\/div>\n\t<\/div> \n<\/div><\/div>\n\t\t<div id=\"fws_69d7c58b703b3\"  data-column-margin=\"default\" data-midnight=\"dark\"  class=\"wpb_row vc_row-fluid vc_row\"  style=\"padding-top: 0px; padding-bottom: 0px; \"><div class=\"row-bg-wrap\" data-bg-animation=\"none\" data-bg-animation-delay=\"\" data-bg-overlay=\"false\"><div class=\"inner-wrap row-bg-layer\" ><div class=\"row-bg viewport-desktop\"  style=\"\"><\/div><\/div><\/div><div class=\"row_col_wrap_12 col span_12 dark left\">\n\t<div  class=\"vc_col-sm-12 wpb_column column_container vc_column_container col no-extra-padding inherit_tablet inherit_phone\"  data-padding-pos=\"all\" data-has-bg-color=\"false\" data-bg-color=\"\" data-bg-opacity=\"1\" data-animation=\"\" data-delay=\"0\" >\n\t\t<div class=\"vc_column-inner\" >\n\t\t\t<div class=\"wpb_wrapper\">\n\t\t\t\t\n\t\t<div id=\"fws_69d7c58b70de2\"  data-column-margin=\"default\" data-midnight=\"dark\"  class=\"wpb_row vc_row-fluid vc_row full-width-section\"  style=\"padding-top: 0px; padding-bottom: 0px; \"><div class=\"row-bg-wrap\" data-bg-animation=\"none\" data-bg-animation-delay=\"\" data-bg-overlay=\"true\"><div class=\"inner-wrap row-bg-layer\" ><div class=\"row-bg viewport-desktop using-bg-color\"  style=\"background-color: #f2f2f2; \"><\/div><\/div><div class=\"row-bg-overlay row-bg-layer\" style=\"background: rgba(0,0,0,0.01); background: linear-gradient(to bottom,rgba(0,0,0,0.01) 0%,rgba(0,0,0,0.3) 100%);  opacity: 0.95; \"><\/div><\/div><div class=\"row_col_wrap_12 col span_12 dark left\">\n\t<div  class=\"vc_col-sm-12 wpb_column column_container vc_column_container col no-extra-padding inherit_tablet inherit_phone\"  data-padding-pos=\"all\" data-has-bg-color=\"false\" data-bg-color=\"\" data-bg-opacity=\"1\" data-animation=\"\" data-delay=\"0\" >\n\t\t<div class=\"vc_column-inner\" >\n\t\t\t<div class=\"wpb_wrapper\">\n\t\t\t\t<div class=\"divider-wrap\" data-alignment=\"default\"><div style=\"height: 10px;\" class=\"divider\"><\/div><\/div>\n\t\t\t<\/div> \n\t\t<\/div>\n\t<\/div> \n<\/div><\/div>\n\n\t\t\t<\/div> \n\t\t<\/div>\n\t<\/div> \n<\/div><\/div>","protected":false},"excerpt":{"rendered":"Merci de votre int\u00e9r\u00eat pour le travail de l&#039;Association canadienne des libert\u00e9s civiles qui d\u00e9fend les droits et libert\u00e9s des personnes au Canada - et merci pour votre...","protected":false},"author":4,"featured_media":4776,"parent":4697,"menu_order":0,"comment_status":"closed","ping_status":"closed","template":"","meta":{"footnotes":""},"class_list":["post-4728","page","type-page","status-publish","has-post-thumbnail"],"yoast_head":"<!-- This site is optimized with the Yoast SEO plugin v24.7 - https:\/\/yoast.com\/wordpress\/plugins\/seo\/ -->\n<title>Law Students - CCLA<\/title>\n<meta name=\"robots\" content=\"noindex, follow, max-snippet:-1, max-image-preview:large, max-video-preview:-1\" \/>\n<meta property=\"og:locale\" content=\"fr_CA\" \/>\n<meta property=\"og:type\" content=\"article\" \/>\n<meta property=\"og:title\" content=\"Law Students - CCLA\" \/>\n<meta property=\"og:url\" content=\"https:\/\/dev.ccla.org\/fr\/volontaire\/volontaires-juridiques\/\" \/>\n<meta property=\"og:site_name\" content=\"CCLA\" \/>\n<meta property=\"article:modified_time\" content=\"2025-01-22T16:12:45+00:00\" \/>\n<meta property=\"og:image\" content=\"https:\/\/dev.ccla.org\/wp-content\/uploads\/2021\/07\/businessman-working-in-serious-action-with-compute-HYW5DKR.jpg\" \/>\n\t<meta property=\"og:image:width\" content=\"2000\" \/>\n\t<meta property=\"og:image:height\" content=\"800\" \/>\n\t<meta property=\"og:image:type\" content=\"image\/jpeg\" \/>\n<meta name=\"twitter:card\" content=\"summary_large_image\" \/>\n<meta name=\"twitter:label1\" content=\"Estimation du temps de lecture\" \/>\n\t<meta name=\"twitter:data1\" content=\"3 minutes\" \/>\n<script type=\"application\/ld+json\" class=\"yoast-schema-graph\">{\"@context\":\"https:\/\/schema.org\",\"@graph\":[{\"@type\":\"WebPage\",\"@id\":\"https:\/\/dev.ccla.org\/volunteer\/legal-volunteers\/\",\"url\":\"https:\/\/dev.ccla.org\/volunteer\/legal-volunteers\/\",\"name\":\"Law Students - CCLA\",\"isPartOf\":{\"@id\":\"https:\/\/dev.ccla.org\/#website\"},\"primaryImageOfPage\":{\"@id\":\"https:\/\/dev.ccla.org\/volunteer\/legal-volunteers\/#primaryimage\"},\"image\":{\"@id\":\"https:\/\/dev.ccla.org\/volunteer\/legal-volunteers\/#primaryimage\"},\"thumbnailUrl\":\"https:\/\/dev.ccla.org\/wp-content\/uploads\/2021\/07\/businessman-working-in-serious-action-with-compute-HYW5DKR.jpg\",\"datePublished\":\"2021-07-06T16:15:40+00:00\",\"dateModified\":\"2025-01-22T16:12:45+00:00\",\"breadcrumb\":{\"@id\":\"https:\/\/dev.ccla.org\/volunteer\/legal-volunteers\/#breadcrumb\"},\"inLanguage\":\"fr-CA\",\"potentialAction\":[{\"@type\":\"ReadAction\",\"target\":[\"https:\/\/dev.ccla.org\/volunteer\/legal-volunteers\/\"]}]},{\"@type\":\"ImageObject\",\"inLanguage\":\"fr-CA\",\"@id\":\"https:\/\/dev.ccla.org\/volunteer\/legal-volunteers\/#primaryimage\",\"url\":\"https:\/\/dev.ccla.org\/wp-content\/uploads\/2021\/07\/businessman-working-in-serious-action-with-compute-HYW5DKR.jpg\",\"contentUrl\":\"https:\/\/dev.ccla.org\/wp-content\/uploads\/2021\/07\/businessman-working-in-serious-action-with-compute-HYW5DKR.jpg\",\"width\":2000,\"height\":800},{\"@type\":\"BreadcrumbList\",\"@id\":\"https:\/\/dev.ccla.org\/volunteer\/legal-volunteers\/#breadcrumb\",\"itemListElement\":[{\"@type\":\"ListItem\",\"position\":1,\"name\":\"Home\",\"item\":\"https:\/\/dev.ccla.org\/\"},{\"@type\":\"ListItem\",\"position\":2,\"name\":\"Volunteer\",\"item\":\"https:\/\/dev.ccla.org\/volunteer\/\"},{\"@type\":\"ListItem\",\"position\":3,\"name\":\"Law Students\"}]},{\"@type\":\"WebSite\",\"@id\":\"https:\/\/dev.ccla.org\/#website\",\"url\":\"https:\/\/dev.ccla.org\/\",\"name\":\"CCLA\",\"description\":\"\",\"potentialAction\":[{\"@type\":\"SearchAction\",\"target\":{\"@type\":\"EntryPoint\",\"urlTemplate\":\"https:\/\/dev.ccla.org\/?s={search_term_string}\"},\"query-input\":{\"@type\":\"PropertyValueSpecification\",\"valueRequired\":true,\"valueName\":\"search_term_string\"}}],\"inLanguage\":\"fr-CA\"}]}<\/script>\n<!-- \/ Yoast SEO plugin. -->","yoast_head_json":{"title":"Law Students - CCLA","robots":{"index":"noindex","follow":"follow","max-snippet":"max-snippet:-1","max-image-preview":"max-image-preview:large","max-video-preview":"max-video-preview:-1"},"og_locale":"fr_CA","og_type":"article","og_title":"Law Students - CCLA","og_url":"https:\/\/dev.ccla.org\/fr\/volontaire\/volontaires-juridiques\/","og_site_name":"CCLA","article_modified_time":"2025-01-22T16:12:45+00:00","og_image":[{"width":2000,"height":800,"url":"https:\/\/dev.ccla.org\/wp-content\/uploads\/2021\/07\/businessman-working-in-serious-action-with-compute-HYW5DKR.jpg","type":"image\/jpeg"}],"twitter_card":"summary_large_image","twitter_misc":{"Estimation du temps de lecture":"3 minutes"},"schema":{"@context":"https:\/\/schema.org","@graph":[{"@type":"WebPage","@id":"https:\/\/dev.ccla.org\/volunteer\/legal-volunteers\/","url":"https:\/\/dev.ccla.org\/volunteer\/legal-volunteers\/","name":"Law Students - CCLA","isPartOf":{"@id":"https:\/\/dev.ccla.org\/#website"},"primaryImageOfPage":{"@id":"https:\/\/dev.ccla.org\/volunteer\/legal-volunteers\/#primaryimage"},"image":{"@id":"https:\/\/dev.ccla.org\/volunteer\/legal-volunteers\/#primaryimage"},"thumbnailUrl":"https:\/\/dev.ccla.org\/wp-content\/uploads\/2021\/07\/businessman-working-in-serious-action-with-compute-HYW5DKR.jpg","datePublished":"2021-07-06T16:15:40+00:00","dateModified":"2025-01-22T16:12:45+00:00","breadcrumb":{"@id":"https:\/\/dev.ccla.org\/volunteer\/legal-volunteers\/#breadcrumb"},"inLanguage":"fr-CA","potentialAction":[{"@type":"ReadAction","target":["https:\/\/dev.ccla.org\/volunteer\/legal-volunteers\/"]}]},{"@type":"ImageObject","inLanguage":"fr-CA","@id":"https:\/\/dev.ccla.org\/volunteer\/legal-volunteers\/#primaryimage","url":"https:\/\/dev.ccla.org\/wp-content\/uploads\/2021\/07\/businessman-working-in-serious-action-with-compute-HYW5DKR.jpg","contentUrl":"https:\/\/dev.ccla.org\/wp-content\/uploads\/2021\/07\/businessman-working-in-serious-action-with-compute-HYW5DKR.jpg","width":2000,"height":800},{"@type":"BreadcrumbList","@id":"https:\/\/dev.ccla.org\/volunteer\/legal-volunteers\/#breadcrumb","itemListElement":[{"@type":"ListItem","position":1,"name":"Home","item":"https:\/\/dev.ccla.org\/"},{"@type":"ListItem","position":2,"name":"Volunteer","item":"https:\/\/dev.ccla.org\/volunteer\/"},{"@type":"ListItem","position":3,"name":"Law Students"}]},{"@type":"WebSite","@id":"https:\/\/dev.ccla.org\/#website","url":"https:\/\/dev.ccla.org\/","name":"CCLA","description":"","potentialAction":[{"@type":"SearchAction","target":{"@type":"EntryPoint","urlTemplate":"https:\/\/dev.ccla.org\/?s={search_term_string}"},"query-input":{"@type":"PropertyValueSpecification","valueRequired":true,"valueName":"search_term_string"}}],"inLanguage":"fr-CA"}]}},"_links":{"self":[{"href":"https:\/\/dev.ccla.org\/fr\/wp-json\/wp\/v2\/pages\/4728","targetHints":{"allow":["GET"]}}],"collection":[{"href":"https:\/\/dev.ccla.org\/fr\/wp-json\/wp\/v2\/pages"}],"about":[{"href":"https:\/\/dev.ccla.org\/fr\/wp-json\/wp\/v2\/types\/page"}],"author":[{"embeddable":true,"href":"https:\/\/dev.ccla.org\/fr\/wp-json\/wp\/v2\/users\/4"}],"replies":[{"embeddable":true,"href":"https:\/\/dev.ccla.org\/fr\/wp-json\/wp\/v2\/comments?post=4728"}],"version-history":[{"count":43,"href":"https:\/\/dev.ccla.org\/fr\/wp-json\/wp\/v2\/pages\/4728\/revisions"}],"predecessor-version":[{"id":10074,"href":"https:\/\/dev.ccla.org\/fr\/wp-json\/wp\/v2\/pages\/4728\/revisions\/10074"}],"up":[{"embeddable":true,"href":"https:\/\/dev.ccla.org\/fr\/wp-json\/wp\/v2\/pages\/4697"}],"wp:featuredmedia":[{"embeddable":true,"href":"https:\/\/dev.ccla.org\/fr\/wp-json\/wp\/v2\/media\/4776"}],"wp:attachment":[{"href":"https:\/\/dev.ccla.org\/fr\/wp-json\/wp\/v2\/media?parent=4728"}],"curies":[{"name":"wp","href":"https:\/\/api.w.org\/{rel}","templated":true}]}}