{"id":4721,"date":"2021-07-06T16:09:32","date_gmt":"2021-07-06T16:09:32","guid":{"rendered":"https:\/\/ccla.org\/?page_id=4721"},"modified":"2022-05-04T10:17:55","modified_gmt":"2022-05-04T14:17:55","slug":"general","status":"publish","type":"page","link":"https:\/\/dev.ccla.org\/fr\/volontaire\/general\/","title":{"rendered":"Volontariat g\u00e9n\u00e9ral"},"content":{"rendered":"<div id=\"fws_69d28f1a45ccd\"  data-column-margin=\"default\" data-midnight=\"dark\"  class=\"wpb_row vc_row-fluid vc_row\"  style=\"padding-top: 0px; padding-bottom: 0px; \"><div class=\"row-bg-wrap\" data-bg-animation=\"none\" data-bg-animation-delay=\"\" data-bg-overlay=\"false\"><div class=\"inner-wrap row-bg-layer\" ><div class=\"row-bg viewport-desktop\"  style=\"\"><\/div><\/div><\/div><div class=\"row_col_wrap_12 col span_12 dark left\">\n\t<div  class=\"vc_col-sm-12 wpb_column column_container vc_column_container col no-extra-padding inherit_tablet inherit_phone\"  data-padding-pos=\"all\" data-has-bg-color=\"false\" data-bg-color=\"\" data-bg-opacity=\"1\" data-animation=\"\" data-delay=\"0\" >\n\t\t<div class=\"vc_column-inner\" >\n\t\t\t<div class=\"wpb_wrapper\">\n\t\t\t\t\n\t\t<div id=\"fws_69d28f1a46b2d\"  data-column-margin=\"default\" data-midnight=\"dark\"  class=\"wpb_row vc_row-fluid vc_row full-width-section\"  style=\"padding-top: 0px; padding-bottom: 0px; \"><div class=\"row-bg-wrap\" data-bg-animation=\"none\" data-bg-animation-delay=\"\" data-bg-overlay=\"true\"><div class=\"inner-wrap row-bg-layer\" ><div class=\"row-bg viewport-desktop\"  style=\"\"><\/div><\/div><div class=\"row-bg-overlay row-bg-layer\" style=\"background: rgba(0,0,0,0.3); background: linear-gradient(to bottom,rgba(0,0,0,0.3) 0%,rgba(238,238,238,0.01) 100%);  opacity: 0.5; \"><\/div><\/div><div class=\"row_col_wrap_12 col span_12 dark left\">\n\t<div  class=\"vc_col-sm-12 wpb_column column_container vc_column_container col no-extra-padding inherit_tablet inherit_phone\"  data-padding-pos=\"all\" data-has-bg-color=\"false\" data-bg-color=\"\" data-bg-opacity=\"1\" data-animation=\"\" data-delay=\"0\" >\n\t\t<div class=\"vc_column-inner\" >\n\t\t\t<div class=\"wpb_wrapper\">\n\t\t\t\t<div class=\"divider-wrap\" data-alignment=\"default\"><div style=\"height: 10px;\" class=\"divider\"><\/div><\/div>\n\t\t\t<\/div> \n\t\t<\/div>\n\t<\/div> \n<\/div><\/div>\n\n\t\t\t<\/div> \n\t\t<\/div>\n\t<\/div> \n<\/div><\/div>\n\t\t<div id=\"fws_69d28f1a47742\"  data-column-margin=\"default\" data-midnight=\"dark\" data-top-percent=\"3%\" data-bottom-percent=\"2%\"  class=\"wpb_row vc_row-fluid vc_row full-width-section\"  style=\"padding-top: calc(100vw * 0.03); padding-bottom: calc(100vw * 0.02); \"><div class=\"row-bg-wrap\" data-bg-animation=\"none\" data-bg-animation-delay=\"\" data-bg-overlay=\"false\"><div class=\"inner-wrap row-bg-layer\" ><div class=\"row-bg viewport-desktop\"  style=\"\"><\/div><\/div><\/div><div class=\"row_col_wrap_12 col span_12 dark left\">\n\t<div style=\" color: #000000;\" class=\"vc_col-sm-12 wpb_column column_container vc_column_container col no-extra-padding inherit_tablet inherit_phone\" data-cfc=\"true\"  data-padding-pos=\"all\" data-has-bg-color=\"false\" data-bg-color=\"\" data-bg-opacity=\"1\" data-animation=\"\" data-delay=\"0\" >\n\t\t<div class=\"vc_column-inner\" >\n\t\t\t<div class=\"wpb_wrapper\">\n\t\t\t\t<h2 style=\"font-size: 36px;color: #707070;line-height: 1.4;text-align: left;font-family:Crimson Text;font-weight:400;font-style:italic\" class=\"vc_custom_heading vc_do_custom_heading\" >Merci de votre int\u00e9r\u00eat pour le travail de l&#039;Association canadienne des libert\u00e9s civiles qui d\u00e9fend les droits et libert\u00e9s des personnes au Canada - et merci de votre int\u00e9r\u00eat \u00e0 faire du b\u00e9n\u00e9volat aupr\u00e8s de l&#039;ACLC.<\/h2><div class=\"divider-wrap\" data-alignment=\"default\"><div style=\"margin-top: 25px; width: 120px; height: 6px; margin-bottom: 25px;\" data-width=\"120px\" data-animate=\"yes\" data-animation-delay=\"\" data-color=\"extra-color-1\" class=\"divider-small-border\"><\/div><\/div>\n\t\t\t<\/div> \n\t\t<\/div>\n\t<\/div> \n<\/div><\/div>\n\t\t<div id=\"fws_69d28f1a48462\"  data-column-margin=\"50px\" data-midnight=\"dark\" data-bottom-percent=\"5%\"  class=\"wpb_row vc_row-fluid vc_row full-width-section\"  style=\"padding-top: 0px; padding-bottom: calc(100vw * 0.05); \"><div class=\"row-bg-wrap\" data-bg-animation=\"none\" data-bg-animation-delay=\"\" data-bg-overlay=\"false\"><div class=\"inner-wrap row-bg-layer\" ><div class=\"row-bg viewport-desktop\"  style=\"\"><\/div><\/div><\/div><div class=\"row_col_wrap_12 col span_12 dark left\">\n\t<div style=\" color: #000000;\" class=\"vc_col-sm-12 wpb_column column_container vc_column_container col no-extra-padding inherit_tablet inherit_phone\" data-cfc=\"true\"  data-padding-pos=\"all\" data-has-bg-color=\"false\" data-bg-color=\"\" data-bg-opacity=\"1\" data-animation=\"\" data-delay=\"0\" >\n\t\t<div class=\"vc_column-inner\" >\n\t\t\t<div class=\"wpb_wrapper\">\n\t\t\t\t\n<div class=\"wpb_text_column wpb_content_element\" >\n\t<div class=\"wpb_wrapper\">\n\t\t<p>L&#039;ACLC re\u00e7oit de nombreuses demandes de b\u00e9n\u00e9voles, si nombreuses en fait que nous ne pouvons malheureusement pas accepter toutes les merveilleuses offres d&#039;aide que nous recevons.<\/p>\n<p>Si vous \u00eates \u00e9tudiant en droit, veuillez visiter notre <span style=\"text-decoration: underline;\"><strong><span style=\"color: #ef770e;\"><a style=\"color: #ef770e; text-decoration: underline;\" href=\"https:\/\/dev.ccla.org\/fr\/volontaire\/volontaires-juridiques\/\" target=\"_blank\" rel=\"noopener\">Page de b\u00e9n\u00e9volat des \u00e9tudiants en droit<\/a><\/span><\/strong><\/span> pour plus d&#039;informations sur les opportunit\u00e9s de b\u00e9n\u00e9volat.<\/p>\n<p><strong>Pour tous les autres, veuillez noter que nous n&#039;avons actuellement aucun projet pour lequel nous recherchons activement des b\u00e9n\u00e9voles.\u00a0<\/strong><\/p>\n<p>Bien que nous n&#039;ayons pas toujours des projets qui n\u00e9cessitent l&#039;aide de b\u00e9n\u00e9voles, nous vous encourageons \u00e0 remplir notre <span style=\"text-decoration: underline;\"><span style=\"color: #ef770e;\"><strong><a style=\"color: #ef770e; text-decoration: underline;\" href=\"https:\/\/forms.office.com\/pages\/responsepage.aspx?id=-b0i80K57kas_03F_wgRh00ZzbZllIZGsPgv2qqPV99UOTFLQjVMSFdSSDJXOTBJVldTQjNaRktVNS4u\" target=\"_blank\" rel=\"noopener\">formulaire de b\u00e9n\u00e9volat<\/a><\/strong><\/span><\/span>. Nous conserverons vos coordonn\u00e9es et vous contacterons si des opportunit\u00e9s se pr\u00e9sentent.<\/p>\n<p>Si vous avez des questions ou une demande particuli\u00e8rement urgente, veuillez nous envoyer un e-mail \u00e0 <span style=\"text-decoration: underline;\"><strong><span style=\"color: #ef770e;\"><a style=\"color: #ef770e; text-decoration: underline;\" href=\"mailto:volunteer@ccla.org\">b\u00e9n\u00e9vole@ccla.org<\/a><\/span><\/strong><\/span>, nous vous r\u00e9pondrons d\u00e8s que possible.<\/p>\n\t<\/div>\n<\/div>\n\n\n\n\n\t\t\t<\/div> \n\t\t<\/div>\n\t<\/div> \n<\/div><\/div>\n\t\t<div id=\"fws_69d28f1a48f25\"  data-column-margin=\"default\" data-midnight=\"dark\"  class=\"wpb_row vc_row-fluid vc_row\"  style=\"padding-top: 0px; padding-bottom: 0px; \"><div class=\"row-bg-wrap\" data-bg-animation=\"none\" data-bg-animation-delay=\"\" data-bg-overlay=\"false\"><div class=\"inner-wrap row-bg-layer\" ><div class=\"row-bg viewport-desktop\"  style=\"\"><\/div><\/div><\/div><div class=\"row_col_wrap_12 col span_12 dark left\">\n\t<div  class=\"vc_col-sm-12 wpb_column column_container vc_column_container col no-extra-padding inherit_tablet inherit_phone\"  data-padding-pos=\"all\" data-has-bg-color=\"false\" data-bg-color=\"\" data-bg-opacity=\"1\" data-animation=\"\" data-delay=\"0\" >\n\t\t<div class=\"vc_column-inner\" >\n\t\t\t<div class=\"wpb_wrapper\">\n\t\t\t\t\n\t\t<div id=\"fws_69d28f1a4992c\"  data-column-margin=\"default\" data-midnight=\"dark\"  class=\"wpb_row vc_row-fluid vc_row full-width-section\"  style=\"padding-top: 0px; padding-bottom: 0px; \"><div class=\"row-bg-wrap\" data-bg-animation=\"none\" data-bg-animation-delay=\"\" data-bg-overlay=\"true\"><div class=\"inner-wrap row-bg-layer\" ><div class=\"row-bg viewport-desktop using-bg-color\"  style=\"background-color: #f2f2f2; \"><\/div><\/div><div class=\"row-bg-overlay row-bg-layer\" style=\"background: rgba(0,0,0,0.01); background: linear-gradient(to bottom,rgba(0,0,0,0.01) 0%,rgba(0,0,0,0.3) 100%);  opacity: 0.95; \"><\/div><\/div><div class=\"row_col_wrap_12 col span_12 dark left\">\n\t<div  class=\"vc_col-sm-12 wpb_column column_container vc_column_container col no-extra-padding inherit_tablet inherit_phone\"  data-padding-pos=\"all\" data-has-bg-color=\"false\" data-bg-color=\"\" data-bg-opacity=\"1\" data-animation=\"\" data-delay=\"0\" >\n\t\t<div class=\"vc_column-inner\" >\n\t\t\t<div class=\"wpb_wrapper\">\n\t\t\t\t<div class=\"divider-wrap\" data-alignment=\"default\"><div style=\"height: 10px;\" class=\"divider\"><\/div><\/div>\n\t\t\t<\/div> \n\t\t<\/div>\n\t<\/div> \n<\/div><\/div>\n\n\t\t\t<\/div> \n\t\t<\/div>\n\t<\/div> \n<\/div><\/div>","protected":false},"excerpt":{"rendered":"Merci de votre int\u00e9r\u00eat pour le travail de l&#039;Association canadienne des libert\u00e9s civiles qui d\u00e9fend les droits et libert\u00e9s des personnes au Canada - et merci de votre int\u00e9r\u00eat pour...","protected":false},"author":4,"featured_media":4766,"parent":4697,"menu_order":0,"comment_status":"closed","ping_status":"closed","template":"","meta":{"footnotes":""},"class_list":["post-4721","page","type-page","status-publish","has-post-thumbnail"],"yoast_head":"<!-- This site is optimized with the Yoast SEO plugin v24.7 - https:\/\/yoast.com\/wordpress\/plugins\/seo\/ -->\n<title>General Volunteering - CCLA<\/title>\n<meta name=\"robots\" content=\"noindex, follow, max-snippet:-1, max-image-preview:large, max-video-preview:-1\" \/>\n<meta property=\"og:locale\" content=\"fr_CA\" \/>\n<meta property=\"og:type\" content=\"article\" \/>\n<meta property=\"og:title\" content=\"General Volunteering - CCLA\" \/>\n<meta property=\"og:url\" content=\"https:\/\/dev.ccla.org\/fr\/volontaire\/general\/\" \/>\n<meta property=\"og:site_name\" content=\"CCLA\" \/>\n<meta property=\"article:modified_time\" content=\"2022-05-04T14:17:55+00:00\" \/>\n<meta property=\"og:image\" content=\"https:\/\/dev.ccla.org\/wp-content\/uploads\/2021\/07\/multiracial-gay-people-at-lbgt-pride-focus-on-face-4QZDPKT.jpg\" \/>\n\t<meta property=\"og:image:width\" content=\"2000\" \/>\n\t<meta property=\"og:image:height\" content=\"800\" \/>\n\t<meta property=\"og:image:type\" content=\"image\/jpeg\" \/>\n<meta name=\"twitter:card\" content=\"summary_large_image\" \/>\n<meta name=\"twitter:label1\" content=\"Estimation du temps de lecture\" \/>\n\t<meta name=\"twitter:data1\" content=\"2 minutes\" \/>\n<script type=\"application\/ld+json\" class=\"yoast-schema-graph\">{\"@context\":\"https:\/\/schema.org\",\"@graph\":[{\"@type\":\"WebPage\",\"@id\":\"https:\/\/dev.ccla.org\/volunteer\/general\/\",\"url\":\"https:\/\/dev.ccla.org\/volunteer\/general\/\",\"name\":\"General Volunteering - CCLA\",\"isPartOf\":{\"@id\":\"https:\/\/dev.ccla.org\/#website\"},\"primaryImageOfPage\":{\"@id\":\"https:\/\/dev.ccla.org\/volunteer\/general\/#primaryimage\"},\"image\":{\"@id\":\"https:\/\/dev.ccla.org\/volunteer\/general\/#primaryimage\"},\"thumbnailUrl\":\"https:\/\/dev.ccla.org\/wp-content\/uploads\/2021\/07\/multiracial-gay-people-at-lbgt-pride-focus-on-face-4QZDPKT.jpg\",\"datePublished\":\"2021-07-06T16:09:32+00:00\",\"dateModified\":\"2022-05-04T14:17:55+00:00\",\"breadcrumb\":{\"@id\":\"https:\/\/dev.ccla.org\/volunteer\/general\/#breadcrumb\"},\"inLanguage\":\"fr-CA\",\"potentialAction\":[{\"@type\":\"ReadAction\",\"target\":[\"https:\/\/dev.ccla.org\/volunteer\/general\/\"]}]},{\"@type\":\"ImageObject\",\"inLanguage\":\"fr-CA\",\"@id\":\"https:\/\/dev.ccla.org\/volunteer\/general\/#primaryimage\",\"url\":\"https:\/\/dev.ccla.org\/wp-content\/uploads\/2021\/07\/multiracial-gay-people-at-lbgt-pride-focus-on-face-4QZDPKT.jpg\",\"contentUrl\":\"https:\/\/dev.ccla.org\/wp-content\/uploads\/2021\/07\/multiracial-gay-people-at-lbgt-pride-focus-on-face-4QZDPKT.jpg\",\"width\":2000,\"height\":800},{\"@type\":\"BreadcrumbList\",\"@id\":\"https:\/\/dev.ccla.org\/volunteer\/general\/#breadcrumb\",\"itemListElement\":[{\"@type\":\"ListItem\",\"position\":1,\"name\":\"Home\",\"item\":\"https:\/\/dev.ccla.org\/\"},{\"@type\":\"ListItem\",\"position\":2,\"name\":\"Volunteer\",\"item\":\"https:\/\/dev.ccla.org\/volunteer\/\"},{\"@type\":\"ListItem\",\"position\":3,\"name\":\"General Volunteering\"}]},{\"@type\":\"WebSite\",\"@id\":\"https:\/\/dev.ccla.org\/#website\",\"url\":\"https:\/\/dev.ccla.org\/\",\"name\":\"CCLA\",\"description\":\"\",\"potentialAction\":[{\"@type\":\"SearchAction\",\"target\":{\"@type\":\"EntryPoint\",\"urlTemplate\":\"https:\/\/dev.ccla.org\/?s={search_term_string}\"},\"query-input\":{\"@type\":\"PropertyValueSpecification\",\"valueRequired\":true,\"valueName\":\"search_term_string\"}}],\"inLanguage\":\"fr-CA\"}]}<\/script>\n<!-- \/ Yoast SEO plugin. -->","yoast_head_json":{"title":"General Volunteering - CCLA","robots":{"index":"noindex","follow":"follow","max-snippet":"max-snippet:-1","max-image-preview":"max-image-preview:large","max-video-preview":"max-video-preview:-1"},"og_locale":"fr_CA","og_type":"article","og_title":"General Volunteering - CCLA","og_url":"https:\/\/dev.ccla.org\/fr\/volontaire\/general\/","og_site_name":"CCLA","article_modified_time":"2022-05-04T14:17:55+00:00","og_image":[{"width":2000,"height":800,"url":"https:\/\/dev.ccla.org\/wp-content\/uploads\/2021\/07\/multiracial-gay-people-at-lbgt-pride-focus-on-face-4QZDPKT.jpg","type":"image\/jpeg"}],"twitter_card":"summary_large_image","twitter_misc":{"Estimation du temps de lecture":"2 minutes"},"schema":{"@context":"https:\/\/schema.org","@graph":[{"@type":"WebPage","@id":"https:\/\/dev.ccla.org\/volunteer\/general\/","url":"https:\/\/dev.ccla.org\/volunteer\/general\/","name":"General Volunteering - CCLA","isPartOf":{"@id":"https:\/\/dev.ccla.org\/#website"},"primaryImageOfPage":{"@id":"https:\/\/dev.ccla.org\/volunteer\/general\/#primaryimage"},"image":{"@id":"https:\/\/dev.ccla.org\/volunteer\/general\/#primaryimage"},"thumbnailUrl":"https:\/\/dev.ccla.org\/wp-content\/uploads\/2021\/07\/multiracial-gay-people-at-lbgt-pride-focus-on-face-4QZDPKT.jpg","datePublished":"2021-07-06T16:09:32+00:00","dateModified":"2022-05-04T14:17:55+00:00","breadcrumb":{"@id":"https:\/\/dev.ccla.org\/volunteer\/general\/#breadcrumb"},"inLanguage":"fr-CA","potentialAction":[{"@type":"ReadAction","target":["https:\/\/dev.ccla.org\/volunteer\/general\/"]}]},{"@type":"ImageObject","inLanguage":"fr-CA","@id":"https:\/\/dev.ccla.org\/volunteer\/general\/#primaryimage","url":"https:\/\/dev.ccla.org\/wp-content\/uploads\/2021\/07\/multiracial-gay-people-at-lbgt-pride-focus-on-face-4QZDPKT.jpg","contentUrl":"https:\/\/dev.ccla.org\/wp-content\/uploads\/2021\/07\/multiracial-gay-people-at-lbgt-pride-focus-on-face-4QZDPKT.jpg","width":2000,"height":800},{"@type":"BreadcrumbList","@id":"https:\/\/dev.ccla.org\/volunteer\/general\/#breadcrumb","itemListElement":[{"@type":"ListItem","position":1,"name":"Home","item":"https:\/\/dev.ccla.org\/"},{"@type":"ListItem","position":2,"name":"Volunteer","item":"https:\/\/dev.ccla.org\/volunteer\/"},{"@type":"ListItem","position":3,"name":"General Volunteering"}]},{"@type":"WebSite","@id":"https:\/\/dev.ccla.org\/#website","url":"https:\/\/dev.ccla.org\/","name":"CCLA","description":"","potentialAction":[{"@type":"SearchAction","target":{"@type":"EntryPoint","urlTemplate":"https:\/\/dev.ccla.org\/?s={search_term_string}"},"query-input":{"@type":"PropertyValueSpecification","valueRequired":true,"valueName":"search_term_string"}}],"inLanguage":"fr-CA"}]}},"_links":{"self":[{"href":"https:\/\/dev.ccla.org\/fr\/wp-json\/wp\/v2\/pages\/4721","targetHints":{"allow":["GET"]}}],"collection":[{"href":"https:\/\/dev.ccla.org\/fr\/wp-json\/wp\/v2\/pages"}],"about":[{"href":"https:\/\/dev.ccla.org\/fr\/wp-json\/wp\/v2\/types\/page"}],"author":[{"embeddable":true,"href":"https:\/\/dev.ccla.org\/fr\/wp-json\/wp\/v2\/users\/4"}],"replies":[{"embeddable":true,"href":"https:\/\/dev.ccla.org\/fr\/wp-json\/wp\/v2\/comments?post=4721"}],"version-history":[{"count":23,"href":"https:\/\/dev.ccla.org\/fr\/wp-json\/wp\/v2\/pages\/4721\/revisions"}],"predecessor-version":[{"id":7606,"href":"https:\/\/dev.ccla.org\/fr\/wp-json\/wp\/v2\/pages\/4721\/revisions\/7606"}],"up":[{"embeddable":true,"href":"https:\/\/dev.ccla.org\/fr\/wp-json\/wp\/v2\/pages\/4697"}],"wp:featuredmedia":[{"embeddable":true,"href":"https:\/\/dev.ccla.org\/fr\/wp-json\/wp\/v2\/media\/4766"}],"wp:attachment":[{"href":"https:\/\/dev.ccla.org\/fr\/wp-json\/wp\/v2\/media?parent=4721"}],"curies":[{"name":"wp","href":"https:\/\/api.w.org\/{rel}","templated":true}]}}