{"id":4199,"date":"2021-06-18T19:36:31","date_gmt":"2021-06-18T19:36:31","guid":{"rendered":"https:\/\/ccla.org\/?page_id=4199"},"modified":"2022-02-25T12:36:11","modified_gmt":"2022-02-25T17:36:11","slug":"media-kit","status":"publish","type":"page","link":"https:\/\/dev.ccla.org\/fr\/kit-media\/","title":{"rendered":"Trousse de presse de l&#039;ACLC"},"content":{"rendered":"<div id=\"fws_69d147c484ad6\"  data-column-margin=\"default\" data-midnight=\"dark\"  class=\"wpb_row vc_row-fluid vc_row\"  style=\"padding-top: 0px; padding-bottom: 0px; \"><div class=\"row-bg-wrap\" data-bg-animation=\"none\" data-bg-animation-delay=\"\" data-bg-overlay=\"false\"><div class=\"inner-wrap row-bg-layer\" ><div class=\"row-bg viewport-desktop\"  style=\"\"><\/div><\/div><\/div><div class=\"row_col_wrap_12 col span_12 dark left\">\n\t<div  class=\"vc_col-sm-12 wpb_column column_container vc_column_container col no-extra-padding inherit_tablet inherit_phone\"  data-padding-pos=\"all\" data-has-bg-color=\"false\" data-bg-color=\"\" data-bg-opacity=\"1\" data-animation=\"\" data-delay=\"0\" >\n\t\t<div class=\"vc_column-inner\" >\n\t\t\t<div class=\"wpb_wrapper\">\n\t\t\t\t\n\t\t<div id=\"fws_69d147c4858a3\"  data-column-margin=\"default\" data-midnight=\"dark\"  class=\"wpb_row vc_row-fluid vc_row full-width-section\"  style=\"padding-top: 0px; padding-bottom: 0px; \"><div class=\"row-bg-wrap\" data-bg-animation=\"none\" data-bg-animation-delay=\"\" data-bg-overlay=\"true\"><div class=\"inner-wrap row-bg-layer\" ><div class=\"row-bg viewport-desktop\"  style=\"\"><\/div><\/div><div class=\"row-bg-overlay row-bg-layer\" style=\"background: rgba(0,0,0,0.3); background: linear-gradient(to bottom,rgba(0,0,0,0.3) 0%,rgba(238,238,238,0.01) 100%);  opacity: 0.5; \"><\/div><\/div><div class=\"row_col_wrap_12 col span_12 dark left\">\n\t<div  class=\"vc_col-sm-12 wpb_column column_container vc_column_container col no-extra-padding inherit_tablet inherit_phone\"  data-padding-pos=\"all\" data-has-bg-color=\"false\" data-bg-color=\"\" data-bg-opacity=\"1\" data-animation=\"\" data-delay=\"0\" >\n\t\t<div class=\"vc_column-inner\" >\n\t\t\t<div class=\"wpb_wrapper\">\n\t\t\t\t<div class=\"divider-wrap\" data-alignment=\"default\"><div style=\"height: 10px;\" class=\"divider\"><\/div><\/div>\n\t\t\t<\/div> \n\t\t<\/div>\n\t<\/div> \n<\/div><\/div>\n\n\t\t\t<\/div> \n\t\t<\/div>\n\t<\/div> \n<\/div><\/div>\n\t\t<div id=\"mission\"  data-column-margin=\"default\" data-midnight=\"dark\" data-top-percent=\"5%\" data-bottom-percent=\"5%\"  class=\"wpb_row vc_row-fluid vc_row full-width-section vc_row-o-equal-height vc_row-flex vc_row-o-content-top\"  style=\"padding-top: calc(100vw * 0.05); padding-bottom: calc(100vw * 0.05); \"><div class=\"row-bg-wrap\" data-bg-animation=\"none\" data-bg-animation-delay=\"\" data-bg-overlay=\"false\"><div class=\"inner-wrap row-bg-layer\" ><div class=\"row-bg viewport-desktop\"  style=\"\"><\/div><\/div><\/div><div class=\"row_col_wrap_12 col span_12 dark left\">\n\t<div style=\" color: #000000;\" class=\"vc_col-sm-6 wpb_column column_container vc_column_container col no-extra-padding inherit_tablet inherit_phone\" data-cfc=\"true\"  data-padding-pos=\"all\" data-has-bg-color=\"false\" data-bg-color=\"\" data-bg-opacity=\"1\" data-animation=\"\" data-delay=\"0\" >\n\t\t<div class=\"vc_column-inner\" >\n\t\t\t<div class=\"wpb_wrapper\">\n\t\t\t\t<div class=\"img-with-aniamtion-wrap  custom-width-80pct\" data-max-width=\"custom\" data-max-width-mobile=\"default\" data-shadow=\"none\" data-animation=\"fade-in\" >\n      <div class=\"inner\">\n        <div class=\"hover-wrap\"> \n          <div class=\"hover-wrap-inner\">\n            <img loading=\"lazy\" decoding=\"async\" class=\"img-with-animation skip-lazy\" data-delay=\"0\" height=\"148\" width=\"624\" data-animation=\"fade-in\" src=\"https:\/\/dev.ccla.org\/wp-content\/uploads\/2021\/03\/CCLA-logo.png\" alt=\"\" srcset=\"https:\/\/dev.ccla.org\/wp-content\/uploads\/2021\/03\/CCLA-logo.png 624w, https:\/\/dev.ccla.org\/wp-content\/uploads\/2021\/03\/CCLA-logo-300x71.png 300w\" sizes=\"auto, (max-width: 624px) 100vw, 624px\" \/>\n          <\/div>\n        <\/div>\n      <\/div>\n    <\/div><div class=\"divider-wrap\" data-alignment=\"default\"><div style=\"height: 30px;\" class=\"divider\"><\/div><\/div><h3 style=\"color: #1e5799;text-align: left\" class=\"vc_custom_heading vc_do_custom_heading\" >Courte biographie de l&#039;ACLC<\/h3><div class=\"divider-wrap\" data-alignment=\"default\"><div style=\"height: 30px;\" class=\"divider\"><\/div><\/div>\n<div class=\"wpb_text_column wpb_content_element  wpb_animate_when_almost_visible wpb_bottom-to-top bottom-to-top vc_custom_1624044618526\" >\n\t<div class=\"wpb_wrapper\">\n\t\t<p>L&#039;ACLC croit que chaque personne au Canada devrait avoir droit aux droits fondamentaux, aux libert\u00e9s, \u00e0 la dignit\u00e9 et au respect. Nous d\u00e9fendons depuis longtemps les Canadiens et nous croyons qu&#039;il est imp\u00e9ratif de prendre position contre l&#039;injustice et l&#039;oppression. Nous travaillons localement en partenariat avec des avocats b\u00e9n\u00e9voles pour lutter activement contre les lois injustes et garantir que notre syst\u00e8me juridique fonctionne pour les gens, pas contre eux. Fond\u00e9e en 1964, nous sommes une organisation ind\u00e9pendante, nationale et non gouvernementale, travaillant dans les tribunaux, devant les comit\u00e9s l\u00e9gislatifs, dans les salles de classe et dans la rue, prot\u00e9geant les droits et libert\u00e9s de tous les Canadiens.<\/p>\n\t<\/div>\n<\/div>\n\n\n\n\n\t\t\t<\/div> \n\t\t<\/div>\n\t<\/div> \n\n\t<div  class=\"vc_col-sm-6 wpb_column column_container vc_column_container col no-extra-padding inherit_tablet inherit_phone\"  data-padding-pos=\"left-right\" data-has-bg-color=\"false\" data-bg-color=\"\" data-bg-opacity=\"1\" data-animation=\"\" data-delay=\"0\" >\n\t\t<div class=\"vc_column-inner\" >\n\t\t\t<div class=\"wpb_wrapper\">\n\t\t\t\t<h3 style=\"color: #1e5799;text-align: left\" class=\"vc_custom_heading vc_do_custom_heading\" >Logo de l&#039;ACLC<\/h3><div class=\"divider-wrap\" data-alignment=\"default\"><div style=\"height: 30px;\" class=\"divider\"><\/div><\/div>\n<div class=\"wpb_text_column wpb_content_element  wpb_animate_when_almost_visible wpb_bottom-to-top bottom-to-top vc_custom_1624044846992\" >\n\t<div class=\"wpb_wrapper\">\n\t\t<p>Voir notre logo\u00a0<a href=\"\/wp-content\/uploads\/2021\/06\/CCLA-Logo.png\">ICI<\/a>\u00a0(PNG) et\u00a0<a href=\"\/wp-content\/uploads\/2021\/06\/CCLA-Logo.pdf\" target=\"_blank\" rel=\"noopener\">ICI<\/a> (PDF).<\/p>\n\t<\/div>\n<\/div>\n\n\n\n<div class=\"divider-wrap\" data-alignment=\"default\"><div style=\"height: 30px;\" class=\"divider\"><\/div><\/div><h3 style=\"color: #1e5799;text-align: left\" class=\"vc_custom_heading vc_do_custom_heading\" >Logo de l&#039;ACLC<\/h3><div class=\"divider-wrap\" data-alignment=\"default\"><div style=\"height: 30px;\" class=\"divider\"><\/div><\/div>\n<div class=\"wpb_text_column wpb_content_element  wpb_animate_when_almost_visible wpb_bottom-to-top bottom-to-top vc_custom_1645810484190\" >\n\t<div class=\"wpb_wrapper\">\n\t\t<p><b>NOA MENDELSOHN AVIV<\/b>, directeur ex\u00e9cutif et avocat g\u00e9n\u00e9ral<br \/>\n<a href=\"\/wp-content\/uploads\/2021\/06\/Noa-Mendelsohn-Aviv-Headshot.jpg\" target=\"_blank\" rel=\"noopener\">T\u00e9l\u00e9chargez le portrait ici<\/a>.<\/p>\n<p><b>BRENDA MCPHAIL<\/b>, directeur, Projet sur la protection de la vie priv\u00e9e, la technologie et la surveillance<br \/>\n<a href=\"\/wp-content\/uploads\/2021\/06\/Brenda-McPhail-Headshot.jpg\" target=\"_blank\" rel=\"noopener\">T\u00e9l\u00e9chargez le portrait ici<\/a>.<\/p>\n<p><b>CARA ZWIBEL<\/b>, directeur, Libert\u00e9s fondamentales<i><br \/>\n<\/i><a href=\"\/wp-content\/uploads\/2021\/06\/Cara-Zwibel-Headshot.jpg\" target=\"_blank\" rel=\"noopener\">T\u00e9l\u00e9chargez le portrait ici<\/a>.<\/p>\n<p><strong>ABBY DESHMAN<\/strong>, directeur, Justice p\u00e9nale<br \/>\n<a href=\"\/wp-content\/uploads\/2021\/09\/abby_deshman_photo_crop_small1.png\" target=\"_blank\" rel=\"noopener\">T\u00e9l\u00e9chargez le portrait ici<\/a>.<\/p>\n<p><strong>AVRIL JULIEN<\/strong>, directeur, \u00c9ducation<br \/>\n<a href=\"\/wp-content\/uploads\/2021\/09\/april-julian.jpg\" target=\"_blank\" rel=\"noopener\">T\u00e9l\u00e9chargez le portrait ici<\/a>.<\/p>\n\t<\/div>\n<\/div>\n\n\n\n\n\t\t\t<\/div> \n\t\t<\/div>\n\t<\/div> \n<\/div><\/div>\n\t\t<div id=\"fws_69d147c488534\"  data-column-margin=\"default\" data-midnight=\"dark\"  class=\"wpb_row vc_row-fluid vc_row\"  style=\"padding-top: 0px; padding-bottom: 0px; \"><div class=\"row-bg-wrap\" data-bg-animation=\"none\" data-bg-animation-delay=\"\" data-bg-overlay=\"false\"><div class=\"inner-wrap row-bg-layer\" ><div class=\"row-bg viewport-desktop\"  style=\"\"><\/div><\/div><\/div><div class=\"row_col_wrap_12 col span_12 dark left\">\n\t<div  class=\"vc_col-sm-12 wpb_column column_container vc_column_container col no-extra-padding inherit_tablet inherit_phone\"  data-padding-pos=\"all\" data-has-bg-color=\"false\" data-bg-color=\"\" data-bg-opacity=\"1\" data-animation=\"\" data-delay=\"0\" >\n\t\t<div class=\"vc_column-inner\" >\n\t\t\t<div class=\"wpb_wrapper\">\n\t\t\t\t\n\t\t<div id=\"fws_69d147c488ecc\"  data-column-margin=\"default\" data-midnight=\"dark\"  class=\"wpb_row vc_row-fluid vc_row full-width-section\"  style=\"padding-top: 0px; padding-bottom: 0px; \"><div class=\"row-bg-wrap\" data-bg-animation=\"none\" data-bg-animation-delay=\"\" data-bg-overlay=\"true\"><div class=\"inner-wrap row-bg-layer\" ><div class=\"row-bg viewport-desktop using-bg-color\"  style=\"background-color: #f2f2f2; \"><\/div><\/div><div class=\"row-bg-overlay row-bg-layer\" style=\"background: rgba(0,0,0,0.01); background: linear-gradient(to bottom,rgba(0,0,0,0.01) 0%,rgba(0,0,0,0.3) 100%);  opacity: 0.95; \"><\/div><\/div><div class=\"row_col_wrap_12 col span_12 dark left\">\n\t<div  class=\"vc_col-sm-12 wpb_column column_container vc_column_container col no-extra-padding inherit_tablet inherit_phone\"  data-padding-pos=\"all\" data-has-bg-color=\"false\" data-bg-color=\"\" data-bg-opacity=\"1\" data-animation=\"\" data-delay=\"0\" >\n\t\t<div class=\"vc_column-inner\" >\n\t\t\t<div class=\"wpb_wrapper\">\n\t\t\t\t<div class=\"divider-wrap\" data-alignment=\"default\"><div style=\"height: 10px;\" class=\"divider\"><\/div><\/div>\n\t\t\t<\/div> \n\t\t<\/div>\n\t<\/div> \n<\/div><\/div>\n\n\t\t\t<\/div> \n\t\t<\/div>\n\t<\/div> \n<\/div><\/div>","protected":false},"excerpt":{"rendered":"Courte biographie de l&#039;ACLC L&#039;ACLC croit que chaque personne au Canada devrait avoir droit aux droits fondamentaux, aux libert\u00e9s, \u00e0 la dignit\u00e9 et au respect. Nous d\u00e9fendons depuis longtemps les Canadiens et nous...","protected":false},"author":4,"featured_media":3945,"parent":0,"menu_order":0,"comment_status":"closed","ping_status":"closed","template":"","meta":{"footnotes":""},"class_list":["post-4199","page","type-page","status-publish","has-post-thumbnail"],"yoast_head":"<!-- This site is optimized with the Yoast SEO plugin v24.7 - https:\/\/yoast.com\/wordpress\/plugins\/seo\/ -->\n<title>CCLA Media Kit - CCLA<\/title>\n<meta name=\"robots\" content=\"noindex, follow, max-snippet:-1, max-image-preview:large, max-video-preview:-1\" \/>\n<meta property=\"og:locale\" content=\"fr_CA\" \/>\n<meta property=\"og:type\" content=\"article\" \/>\n<meta property=\"og:title\" content=\"CCLA Media Kit - CCLA\" \/>\n<meta property=\"og:url\" content=\"https:\/\/dev.ccla.org\/fr\/kit-media\/\" \/>\n<meta property=\"og:site_name\" content=\"CCLA\" \/>\n<meta property=\"article:modified_time\" content=\"2022-02-25T17:36:11+00:00\" \/>\n<meta property=\"og:image\" content=\"https:\/\/dev.ccla.org\/wp-content\/uploads\/2021\/06\/COVID_NEWS-GW2K62Q.jpg\" \/>\n\t<meta property=\"og:image:width\" content=\"2000\" \/>\n\t<meta property=\"og:image:height\" content=\"800\" \/>\n\t<meta property=\"og:image:type\" content=\"image\/jpeg\" \/>\n<meta name=\"twitter:card\" content=\"summary_large_image\" \/>\n<meta name=\"twitter:label1\" content=\"Estimation du temps de lecture\" \/>\n\t<meta name=\"twitter:data1\" content=\"2 minutes\" \/>\n<script type=\"application\/ld+json\" class=\"yoast-schema-graph\">{\"@context\":\"https:\/\/schema.org\",\"@graph\":[{\"@type\":\"WebPage\",\"@id\":\"https:\/\/dev.ccla.org\/media-kit\/\",\"url\":\"https:\/\/dev.ccla.org\/media-kit\/\",\"name\":\"CCLA Media Kit - CCLA\",\"isPartOf\":{\"@id\":\"https:\/\/dev.ccla.org\/#website\"},\"primaryImageOfPage\":{\"@id\":\"https:\/\/dev.ccla.org\/media-kit\/#primaryimage\"},\"image\":{\"@id\":\"https:\/\/dev.ccla.org\/media-kit\/#primaryimage\"},\"thumbnailUrl\":\"https:\/\/dev.ccla.org\/wp-content\/uploads\/2021\/06\/COVID_NEWS-GW2K62Q.jpg\",\"datePublished\":\"2021-06-18T19:36:31+00:00\",\"dateModified\":\"2022-02-25T17:36:11+00:00\",\"breadcrumb\":{\"@id\":\"https:\/\/dev.ccla.org\/media-kit\/#breadcrumb\"},\"inLanguage\":\"fr-CA\",\"potentialAction\":[{\"@type\":\"ReadAction\",\"target\":[\"https:\/\/dev.ccla.org\/media-kit\/\"]}]},{\"@type\":\"ImageObject\",\"inLanguage\":\"fr-CA\",\"@id\":\"https:\/\/dev.ccla.org\/media-kit\/#primaryimage\",\"url\":\"https:\/\/dev.ccla.org\/wp-content\/uploads\/2021\/06\/COVID_NEWS-GW2K62Q.jpg\",\"contentUrl\":\"https:\/\/dev.ccla.org\/wp-content\/uploads\/2021\/06\/COVID_NEWS-GW2K62Q.jpg\",\"width\":2000,\"height\":800},{\"@type\":\"BreadcrumbList\",\"@id\":\"https:\/\/dev.ccla.org\/media-kit\/#breadcrumb\",\"itemListElement\":[{\"@type\":\"ListItem\",\"position\":1,\"name\":\"Home\",\"item\":\"https:\/\/dev.ccla.org\/\"},{\"@type\":\"ListItem\",\"position\":2,\"name\":\"CCLA Media Kit\"}]},{\"@type\":\"WebSite\",\"@id\":\"https:\/\/dev.ccla.org\/#website\",\"url\":\"https:\/\/dev.ccla.org\/\",\"name\":\"CCLA\",\"description\":\"\",\"potentialAction\":[{\"@type\":\"SearchAction\",\"target\":{\"@type\":\"EntryPoint\",\"urlTemplate\":\"https:\/\/dev.ccla.org\/?s={search_term_string}\"},\"query-input\":{\"@type\":\"PropertyValueSpecification\",\"valueRequired\":true,\"valueName\":\"search_term_string\"}}],\"inLanguage\":\"fr-CA\"}]}<\/script>\n<!-- \/ Yoast SEO plugin. -->","yoast_head_json":{"title":"CCLA Media Kit - CCLA","robots":{"index":"noindex","follow":"follow","max-snippet":"max-snippet:-1","max-image-preview":"max-image-preview:large","max-video-preview":"max-video-preview:-1"},"og_locale":"fr_CA","og_type":"article","og_title":"CCLA Media Kit - CCLA","og_url":"https:\/\/dev.ccla.org\/fr\/kit-media\/","og_site_name":"CCLA","article_modified_time":"2022-02-25T17:36:11+00:00","og_image":[{"width":2000,"height":800,"url":"https:\/\/dev.ccla.org\/wp-content\/uploads\/2021\/06\/COVID_NEWS-GW2K62Q.jpg","type":"image\/jpeg"}],"twitter_card":"summary_large_image","twitter_misc":{"Estimation du temps de lecture":"2 minutes"},"schema":{"@context":"https:\/\/schema.org","@graph":[{"@type":"WebPage","@id":"https:\/\/dev.ccla.org\/media-kit\/","url":"https:\/\/dev.ccla.org\/media-kit\/","name":"CCLA Media Kit - CCLA","isPartOf":{"@id":"https:\/\/dev.ccla.org\/#website"},"primaryImageOfPage":{"@id":"https:\/\/dev.ccla.org\/media-kit\/#primaryimage"},"image":{"@id":"https:\/\/dev.ccla.org\/media-kit\/#primaryimage"},"thumbnailUrl":"https:\/\/dev.ccla.org\/wp-content\/uploads\/2021\/06\/COVID_NEWS-GW2K62Q.jpg","datePublished":"2021-06-18T19:36:31+00:00","dateModified":"2022-02-25T17:36:11+00:00","breadcrumb":{"@id":"https:\/\/dev.ccla.org\/media-kit\/#breadcrumb"},"inLanguage":"fr-CA","potentialAction":[{"@type":"ReadAction","target":["https:\/\/dev.ccla.org\/media-kit\/"]}]},{"@type":"ImageObject","inLanguage":"fr-CA","@id":"https:\/\/dev.ccla.org\/media-kit\/#primaryimage","url":"https:\/\/dev.ccla.org\/wp-content\/uploads\/2021\/06\/COVID_NEWS-GW2K62Q.jpg","contentUrl":"https:\/\/dev.ccla.org\/wp-content\/uploads\/2021\/06\/COVID_NEWS-GW2K62Q.jpg","width":2000,"height":800},{"@type":"BreadcrumbList","@id":"https:\/\/dev.ccla.org\/media-kit\/#breadcrumb","itemListElement":[{"@type":"ListItem","position":1,"name":"Home","item":"https:\/\/dev.ccla.org\/"},{"@type":"ListItem","position":2,"name":"CCLA Media Kit"}]},{"@type":"WebSite","@id":"https:\/\/dev.ccla.org\/#website","url":"https:\/\/dev.ccla.org\/","name":"CCLA","description":"","potentialAction":[{"@type":"SearchAction","target":{"@type":"EntryPoint","urlTemplate":"https:\/\/dev.ccla.org\/?s={search_term_string}"},"query-input":{"@type":"PropertyValueSpecification","valueRequired":true,"valueName":"search_term_string"}}],"inLanguage":"fr-CA"}]}},"_links":{"self":[{"href":"https:\/\/dev.ccla.org\/fr\/wp-json\/wp\/v2\/pages\/4199","targetHints":{"allow":["GET"]}}],"collection":[{"href":"https:\/\/dev.ccla.org\/fr\/wp-json\/wp\/v2\/pages"}],"about":[{"href":"https:\/\/dev.ccla.org\/fr\/wp-json\/wp\/v2\/types\/page"}],"author":[{"embeddable":true,"href":"https:\/\/dev.ccla.org\/fr\/wp-json\/wp\/v2\/users\/4"}],"replies":[{"embeddable":true,"href":"https:\/\/dev.ccla.org\/fr\/wp-json\/wp\/v2\/comments?post=4199"}],"version-history":[{"count":13,"href":"https:\/\/dev.ccla.org\/fr\/wp-json\/wp\/v2\/pages\/4199\/revisions"}],"predecessor-version":[{"id":7281,"href":"https:\/\/dev.ccla.org\/fr\/wp-json\/wp\/v2\/pages\/4199\/revisions\/7281"}],"wp:featuredmedia":[{"embeddable":true,"href":"https:\/\/dev.ccla.org\/fr\/wp-json\/wp\/v2\/media\/3945"}],"wp:attachment":[{"href":"https:\/\/dev.ccla.org\/fr\/wp-json\/wp\/v2\/media?parent=4199"}],"curies":[{"name":"wp","href":"https:\/\/api.w.org\/{rel}","templated":true}]}}