{"id":3701,"date":"2021-06-16T01:20:48","date_gmt":"2021-06-16T01:20:48","guid":{"rendered":"https:\/\/ccla.org\/?page_id=3701"},"modified":"2021-10-20T14:10:12","modified_gmt":"2021-10-20T18:10:12","slug":"calling-all-activists","status":"publish","type":"page","link":"https:\/\/dev.ccla.org\/fr\/appel-a-tous-les-activistes\/","title":{"rendered":"\u00catre impliqu\u00e9"},"content":{"rendered":"<div id=\"fws_69d162005f522\"  data-column-margin=\"default\" data-midnight=\"dark\"  class=\"wpb_row vc_row-fluid vc_row\"  style=\"padding-top: 0px; padding-bottom: 0px; \"><div class=\"row-bg-wrap\" data-bg-animation=\"none\" data-bg-animation-delay=\"\" data-bg-overlay=\"false\"><div class=\"inner-wrap row-bg-layer\" ><div class=\"row-bg viewport-desktop\"  style=\"\"><\/div><\/div><\/div><div class=\"row_col_wrap_12 col span_12 dark left\">\n\t<div  class=\"vc_col-sm-12 wpb_column column_container vc_column_container col no-extra-padding inherit_tablet inherit_phone\"  data-padding-pos=\"all\" data-has-bg-color=\"false\" data-bg-color=\"\" data-bg-opacity=\"1\" data-animation=\"\" data-delay=\"0\" >\n\t\t<div class=\"vc_column-inner\" >\n\t\t\t<div class=\"wpb_wrapper\">\n\t\t\t\t\n\t\t<div id=\"fws_69d162006061b\"  data-column-margin=\"default\" data-midnight=\"dark\"  class=\"wpb_row vc_row-fluid vc_row full-width-section\"  style=\"padding-top: 0px; padding-bottom: 0px; \"><div class=\"row-bg-wrap\" data-bg-animation=\"none\" data-bg-animation-delay=\"\" data-bg-overlay=\"true\"><div class=\"inner-wrap row-bg-layer\" ><div class=\"row-bg viewport-desktop\"  style=\"\"><\/div><\/div><div class=\"row-bg-overlay row-bg-layer\" style=\"background: rgba(0,0,0,0.3); background: linear-gradient(to bottom,rgba(0,0,0,0.3) 0%,rgba(238,238,238,0.01) 100%);  opacity: 0.5; \"><\/div><\/div><div class=\"row_col_wrap_12 col span_12 dark left\">\n\t<div  class=\"vc_col-sm-12 wpb_column column_container vc_column_container col no-extra-padding inherit_tablet inherit_phone\"  data-padding-pos=\"all\" data-has-bg-color=\"false\" data-bg-color=\"\" data-bg-opacity=\"1\" data-animation=\"\" data-delay=\"0\" >\n\t\t<div class=\"vc_column-inner\" >\n\t\t\t<div class=\"wpb_wrapper\">\n\t\t\t\t<div class=\"divider-wrap\" data-alignment=\"default\"><div style=\"height: 10px;\" class=\"divider\"><\/div><\/div>\n\t\t\t<\/div> \n\t\t<\/div>\n\t<\/div> \n<\/div><\/div>\n\n\t\t\t<\/div> \n\t\t<\/div>\n\t<\/div> \n<\/div><\/div>\n\t\t<div id=\"fws_69d1620061206\"  data-column-margin=\"default\" data-midnight=\"dark\" data-top-percent=\"3%\" data-bottom-percent=\"3%\"  class=\"wpb_row vc_row-fluid vc_row full-width-section vc_row-o-equal-height vc_row-flex vc_row-o-content-middle\"  style=\"padding-top: calc(100vw * 0.03); padding-bottom: calc(100vw * 0.03); \"><div class=\"row-bg-wrap\" data-bg-animation=\"none\" data-bg-animation-delay=\"\" data-bg-overlay=\"false\"><div class=\"inner-wrap row-bg-layer\" ><div class=\"row-bg viewport-desktop\"  style=\"\"><\/div><\/div><\/div><div class=\"row_col_wrap_12 col span_12 dark left\">\n\t<div  class=\"vc_col-sm-4 wpb_column column_container vc_column_container col padding-2-percent inherit_tablet inherit_phone\"  data-padding-pos=\"right\" data-has-bg-color=\"false\" data-bg-color=\"\" data-bg-opacity=\"1\" data-animation=\"\" data-delay=\"0\" >\n\t\t<div class=\"vc_column-inner\" >\n\t\t\t<div class=\"wpb_wrapper\">\n\t\t\t\t<h2 style=\"font-size: 36px;color: #1e5799;line-height: 1.4;text-align: left;font-family:Crimson Text;font-weight:600;font-style:italic\" class=\"vc_custom_heading vc_do_custom_heading\" >L&#039;ACLC travaille continuellement \u00e0 prot\u00e9ger vos libert\u00e9s civiles. Voici des fa\u00e7ons dont vous pouvez aider. <\/h2><div class=\"divider-wrap\" data-alignment=\"default\"><div style=\"margin-top: 25px; width: 120px; height: 5px; margin-bottom: 25px;\" data-width=\"120px\" data-animate=\"yes\" data-animation-delay=\"\" data-color=\"extra-color-1\" class=\"divider-small-border\"><\/div><\/div>\n<div class=\"wpb_text_column wpb_content_element\" >\n\t<div class=\"wpb_wrapper\">\n\t\t<p><span class=\"TextRun MacChromeBold SCXW168172639 BCX0\" lang=\"EN-CA\" xml:lang=\"EN-CA\" data-contrast=\"none\"><span class=\"NormalTextRun SCXW168172639 BCX0\">Rejoignez-vous<\/span><span class=\"NormalTextRun SCXW168172639 BCX0\">s<\/span><span class=\"NormalTextRun SCXW168172639 BCX0\">\u00a0<\/span><span class=\"NormalTextRun SCXW168172639 BCX0\">- et aide<\/span><span class=\"NormalTextRun SCXW168172639 BCX0\">\u00a0<\/span><span class=\"NormalTextRun SCXW168172639 BCX0\">assurer la libert\u00e9,\u00a0<\/span><span class=\"NormalTextRun SCXW168172639 BCX0\">\u00e9galit\u00e9,<\/span><span class=\"NormalTextRun SCXW168172639 BCX0\">\u00a0et ab<\/span><span class=\"NormalTextRun SCXW168172639 BCX0\">meilleur avenir pour tous les Canadiens.\u00a0<\/span><span class=\"NormalTextRun SCXW168172639 BCX0\">\u00a0<\/span><\/span><span class=\"EOP SCXW168172639 BCX0\" data-ccp-props=\"{&quot;335559739&quot;:105}\">\u00a0<\/span><\/p>\n\t<\/div>\n<\/div>\n\n\n\n\n\t\t\t<\/div> \n\t\t<\/div>\n\t<\/div> \n\n\t<div  class=\"vc_col-sm-8 wpb_column column_container vc_column_container col no-extra-padding inherit_tablet inherit_phone\"  data-padding-pos=\"all\" data-has-bg-color=\"false\" data-bg-color=\"\" data-bg-opacity=\"1\" data-animation=\"\" data-delay=\"0\" >\n\t\t<div class=\"vc_column-inner\" >\n\t\t\t<div class=\"wpb_wrapper\">\n\t\t\t\t<div id=\"fws_69d1620062483\" data-midnight=\"\" data-column-margin=\"default\" class=\"wpb_row vc_row-fluid vc_row inner_row  vc_custom_1504187365562\"  style=\"\"><div class=\"row-bg-wrap\"> <div class=\"row-bg\" ><\/div> <\/div><div class=\"row_col_wrap_12_inner col span_12  left\">\n\t<div  class=\"vc_col-sm-6 wpb_column column_container vc_column_container col child_column padding-1-percent inherit_tablet inherit_phone\"   data-padding-pos=\"all\" data-has-bg-color=\"false\" data-bg-color=\"\" data-bg-opacity=\"1\" data-animation=\"\" data-delay=\"0\" >\n\t\t<div class=\"vc_column-inner\" >\n\t\t<div class=\"wpb_wrapper\">\n\t\t\t<div class=\"nectar-fancy-box using-img\" data-style=\"color_box_basic\" data-animation=\"\" data-hover-o=\"default\" data-border-radius=\"none\" data-border=\"\" data-box-color-opacity=\"0.7\" data-delay=\"\" data-alignment=\"left\" data-color=\"#000000\" style=\"color: #ffffff;\"><div class=\"box-bg\"  style=\"background-image: url('https:\/\/dev.ccla.org\/wp-content\/uploads\/2021\/07\/diverse-group-of-volunteers-DXZ7NYD.jpg');  background-color: #000000;\"><\/div> <div class=\"inner\" style=\"min-height: 175px\"><i class=\"icon-default-style steadysets-icon-users\" data-color=\"accent-color\" style=\"font-size: 50px!important; line-height: 50px!important;\"><\/i>\n<h3>B\u00e9n\u00e9vole<\/h3>\n<p>Participez et rejoignez la cause !<\/p>\n<\/div>  <a  href=\"\/fr\/volontaire\/\" aria-label=\"B\u00e9n\u00e9vole avec l&#039;ACLC\" class=\"box-link\"><\/a> <\/div>\n\t\t<\/div> \n\t<\/div>\n\t<\/div> \n\n\t<div  class=\"vc_col-sm-6 wpb_column column_container vc_column_container col child_column padding-1-percent inherit_tablet inherit_phone\"   data-padding-pos=\"all\" data-has-bg-color=\"false\" data-bg-color=\"\" data-bg-opacity=\"1\" data-animation=\"\" data-delay=\"0\" >\n\t\t<div class=\"vc_column-inner\" >\n\t\t<div class=\"wpb_wrapper\">\n\t\t\t<div class=\"nectar-fancy-box using-img\" data-style=\"color_box_basic\" data-animation=\"\" data-hover-o=\"default\" data-border-radius=\"none\" data-border=\"\" data-box-color-opacity=\"0.7\" data-delay=\"\" data-alignment=\"left\" data-color=\"#000000\" style=\"color: #ffffff;\"><div class=\"box-bg\"  style=\"background-image: url('https:\/\/dev.ccla.org\/wp-content\/uploads\/2021\/07\/liam-edwards-x15GAQNepcQ-unsplash.jpg');  background-color: #000000;\"><\/div> <div class=\"inner\" style=\"min-height: 175px\"><i class=\"icon-default-style steadysets-icon-bullhorn\" data-color=\"accent-color\" style=\"font-size: 50px!important; line-height: 50px!important;\"><\/i>\n<h3>Passer \u00e0 l&#039;action<\/h3>\n<p>Agissez pour prot\u00e9ger votre d\u00e9mocratie.<\/p>\n<\/div>  <a  href=\"\/fr\/appel-a-tous-les-activistes\/prendre-des-mesures\/\" aria-label=\"Agir pour prot\u00e9ger la d\u00e9mocratie\" class=\"box-link\"><\/a> <\/div>\n\t\t<\/div> \n\t<\/div>\n\t<\/div> \n<\/div><\/div><div id=\"fws_69d16200640f5\" data-midnight=\"\" data-column-margin=\"default\" class=\"wpb_row vc_row-fluid vc_row inner_row\"  style=\"\"><div class=\"row-bg-wrap\"> <div class=\"row-bg\" ><\/div> <\/div><div class=\"row_col_wrap_12_inner col span_12  left\">\n\t<div  class=\"vc_col-sm-6 wpb_column column_container vc_column_container col child_column padding-1-percent inherit_tablet inherit_phone\"   data-padding-pos=\"all\" data-has-bg-color=\"false\" data-bg-color=\"\" data-bg-opacity=\"1\" data-animation=\"\" data-delay=\"0\" >\n\t\t<div class=\"vc_column-inner\" >\n\t\t<div class=\"wpb_wrapper\">\n\t\t\t<div class=\"nectar-fancy-box using-img\" data-style=\"color_box_basic\" data-animation=\"\" data-hover-o=\"default\" data-border-radius=\"none\" data-border=\"\" data-box-color-opacity=\"0.7\" data-delay=\"\" data-alignment=\"left\" data-color=\"#000000\" style=\"color: #ffffff;\"><div class=\"box-bg\"  style=\"background-image: url('https:\/\/dev.ccla.org\/wp-content\/uploads\/2021\/05\/Grittytrain-transit-commuter-PG93HBL.jpg');  background-color: #000000;\"><\/div> <div class=\"inner\" style=\"min-height: 175px\"><i class=\"icon-default-style steadysets-icon-chat\" data-color=\"accent-color\" style=\"font-size: 50px!important; line-height: 50px!important;\"><\/i>\n<h3>Informez-vous<\/h3>\n<p>T\u00e9l\u00e9chargez nos guides et bo\u00eetes \u00e0 outils pour conna\u00eetre vos droits.<\/p>\n<\/div>  <a  href=\"\/fr\/appel-a-tous-les-activistes\/sinformer\/\" aria-label=\"Informez-vous sur vos droits\" class=\"box-link\"><\/a> <\/div>\n\t\t<\/div> \n\t<\/div>\n\t<\/div> \n\n\t<div  class=\"vc_col-sm-6 wpb_column column_container vc_column_container col child_column padding-1-percent inherit_tablet inherit_phone\"   data-padding-pos=\"all\" data-has-bg-color=\"false\" data-bg-color=\"\" data-bg-opacity=\"1\" data-animation=\"\" data-delay=\"0\" >\n\t\t<div class=\"vc_column-inner\" >\n\t\t<div class=\"wpb_wrapper\">\n\t\t\t<div class=\"nectar-fancy-box using-img\" data-style=\"color_box_basic\" data-animation=\"\" data-hover-o=\"default\" data-border-radius=\"none\" data-border=\"\" data-box-color-opacity=\"0.7\" data-delay=\"\" data-alignment=\"left\" data-color=\"#000000\" style=\"color: #ffffff;\"><div class=\"box-bg\"  style=\"background-image: url('https:\/\/dev.ccla.org\/wp-content\/uploads\/2021\/06\/CCCL_general_crowd_2000x800.jpg');  background-color: #000000;\"><\/div> <div class=\"inner\" style=\"min-height: 175px\"><i class=\"icon-default-style steadysets-icon-heart\" data-color=\"accent-color\" style=\"font-size: 50px!important; line-height: 50px!important;\"><\/i>\n<h3>Faire un don<\/h3>\n<p class=\"vc_custom_heading\">En choisissant de faire un don aujourd&#039;hui, vous nous aidez \u00e0 d\u00e9fendre ceux qui en ont le plus besoin.<\/p>\n<\/div>  <a  href=\"\/fr\/give\/\" aria-label=\"Faire un don \u00e0 l&#039;ACLC\" class=\"box-link\"><\/a> <\/div>\n\t\t<\/div> \n\t<\/div>\n\t<\/div> \n<\/div><\/div>\n\t\t\t<\/div> \n\t\t<\/div>\n\t<\/div> \n<\/div><\/div>\n\t\t<div id=\"fws_69d1620066a47\"  data-column-margin=\"default\" data-midnight=\"dark\"  class=\"wpb_row vc_row-fluid vc_row\"  style=\"padding-top: 0px; padding-bottom: 0px; \"><div class=\"row-bg-wrap\" data-bg-animation=\"none\" data-bg-animation-delay=\"\" data-bg-overlay=\"false\"><div class=\"inner-wrap row-bg-layer\" ><div class=\"row-bg viewport-desktop\"  style=\"\"><\/div><\/div><\/div><div class=\"row_col_wrap_12 col span_12 dark left\">\n\t<div  class=\"vc_col-sm-12 wpb_column column_container vc_column_container col no-extra-padding inherit_tablet inherit_phone\"  data-padding-pos=\"all\" data-has-bg-color=\"false\" data-bg-color=\"\" data-bg-opacity=\"1\" data-animation=\"\" data-delay=\"0\" >\n\t\t<div class=\"vc_column-inner\" >\n\t\t\t<div class=\"wpb_wrapper\">\n\t\t\t\t\n\t\t<div id=\"fws_69d16200674c4\"  data-column-margin=\"default\" data-midnight=\"dark\"  class=\"wpb_row vc_row-fluid vc_row full-width-section\"  style=\"padding-top: 0px; padding-bottom: 0px; \"><div class=\"row-bg-wrap\" data-bg-animation=\"none\" data-bg-animation-delay=\"\" data-bg-overlay=\"true\"><div class=\"inner-wrap row-bg-layer\" ><div class=\"row-bg viewport-desktop using-bg-color\"  style=\"background-color: #f2f2f2; \"><\/div><\/div><div class=\"row-bg-overlay row-bg-layer\" style=\"background: rgba(0,0,0,0.01); background: linear-gradient(to bottom,rgba(0,0,0,0.01) 0%,rgba(0,0,0,0.3) 100%);  opacity: 0.95; \"><\/div><\/div><div class=\"row_col_wrap_12 col span_12 dark left\">\n\t<div  class=\"vc_col-sm-12 wpb_column column_container vc_column_container col no-extra-padding inherit_tablet inherit_phone\"  data-padding-pos=\"all\" data-has-bg-color=\"false\" data-bg-color=\"\" data-bg-opacity=\"1\" data-animation=\"\" data-delay=\"0\" >\n\t\t<div class=\"vc_column-inner\" >\n\t\t\t<div class=\"wpb_wrapper\">\n\t\t\t\t<div class=\"divider-wrap\" data-alignment=\"default\"><div style=\"height: 10px;\" class=\"divider\"><\/div><\/div>\n\t\t\t<\/div> \n\t\t<\/div>\n\t<\/div> \n<\/div><\/div>\n\n\t\t\t<\/div> \n\t\t<\/div>\n\t<\/div> \n<\/div><\/div>","protected":false},"excerpt":{"rendered":"L&#039;ACLC travaille continuellement \u00e0 prot\u00e9ger vos libert\u00e9s civiles. Voici des fa\u00e7ons dont vous pouvez aider. Joignez-vous \u00e0 nous et contribuez \u00e0 assurer la libert\u00e9, l&#039;\u00e9galit\u00e9 et un avenir meilleur pour tous les Canadiens. Emplacement b\u00e9n\u00e9vole...","protected":false},"author":4,"featured_media":5060,"parent":0,"menu_order":0,"comment_status":"closed","ping_status":"closed","template":"","meta":{"footnotes":""},"class_list":["post-3701","page","type-page","status-publish","has-post-thumbnail"],"yoast_head":"<!-- This site is optimized with the Yoast SEO plugin v24.7 - https:\/\/yoast.com\/wordpress\/plugins\/seo\/ -->\n<title>Civil Rights Activists and Volunteers In Canada - CCLA<\/title>\n<meta name=\"description\" content=\"Canadian Civil Liberties Association is calling all civil rights activists and volunteers in Canada to bring about quality, freedom, and justice. Learn more about it here.\" \/>\n<meta name=\"robots\" content=\"noindex, follow, max-snippet:-1, max-image-preview:large, max-video-preview:-1\" \/>\n<meta property=\"og:locale\" content=\"fr_CA\" \/>\n<meta property=\"og:type\" content=\"article\" \/>\n<meta property=\"og:title\" content=\"Civil Rights Activists and Volunteers In Canada - CCLA\" \/>\n<meta property=\"og:description\" content=\"Canadian Civil Liberties Association is calling all civil rights activists and volunteers in Canada to bring about quality, freedom, and justice. Learn more about it here.\" \/>\n<meta property=\"og:url\" content=\"https:\/\/dev.ccla.org\/fr\/appel-a-tous-les-activistes\/\" \/>\n<meta property=\"og:site_name\" content=\"CCLA\" \/>\n<meta property=\"article:modified_time\" content=\"2021-10-20T18:10:12+00:00\" \/>\n<meta property=\"og:image\" content=\"https:\/\/dev.ccla.org\/wp-content\/uploads\/2021\/07\/group-of-american-activists-is-protesting-2021-06-08-22-37-30-utc.jpg\" \/>\n\t<meta property=\"og:image:width\" content=\"2000\" \/>\n\t<meta property=\"og:image:height\" content=\"800\" \/>\n\t<meta property=\"og:image:type\" content=\"image\/jpeg\" \/>\n<meta name=\"twitter:card\" content=\"summary_large_image\" \/>\n<meta name=\"twitter:label1\" content=\"Estimation du temps de lecture\" \/>\n\t<meta name=\"twitter:data1\" content=\"2 minutes\" \/>\n<script type=\"application\/ld+json\" class=\"yoast-schema-graph\">{\"@context\":\"https:\/\/schema.org\",\"@graph\":[{\"@type\":\"WebPage\",\"@id\":\"https:\/\/dev.ccla.org\/calling-all-activists\/\",\"url\":\"https:\/\/dev.ccla.org\/calling-all-activists\/\",\"name\":\"Civil Rights Activists and Volunteers In Canada - CCLA\",\"isPartOf\":{\"@id\":\"https:\/\/dev.ccla.org\/#website\"},\"primaryImageOfPage\":{\"@id\":\"https:\/\/dev.ccla.org\/calling-all-activists\/#primaryimage\"},\"image\":{\"@id\":\"https:\/\/dev.ccla.org\/calling-all-activists\/#primaryimage\"},\"thumbnailUrl\":\"https:\/\/dev.ccla.org\/wp-content\/uploads\/2021\/07\/group-of-american-activists-is-protesting-2021-06-08-22-37-30-utc.jpg\",\"datePublished\":\"2021-06-16T01:20:48+00:00\",\"dateModified\":\"2021-10-20T18:10:12+00:00\",\"description\":\"Canadian Civil Liberties Association is calling all civil rights activists and volunteers in Canada to bring about quality, freedom, and justice. Learn more about it here.\",\"breadcrumb\":{\"@id\":\"https:\/\/dev.ccla.org\/calling-all-activists\/#breadcrumb\"},\"inLanguage\":\"fr-CA\",\"potentialAction\":[{\"@type\":\"ReadAction\",\"target\":[\"https:\/\/dev.ccla.org\/calling-all-activists\/\"]}]},{\"@type\":\"ImageObject\",\"inLanguage\":\"fr-CA\",\"@id\":\"https:\/\/dev.ccla.org\/calling-all-activists\/#primaryimage\",\"url\":\"https:\/\/dev.ccla.org\/wp-content\/uploads\/2021\/07\/group-of-american-activists-is-protesting-2021-06-08-22-37-30-utc.jpg\",\"contentUrl\":\"https:\/\/dev.ccla.org\/wp-content\/uploads\/2021\/07\/group-of-american-activists-is-protesting-2021-06-08-22-37-30-utc.jpg\",\"width\":2000,\"height\":800},{\"@type\":\"BreadcrumbList\",\"@id\":\"https:\/\/dev.ccla.org\/calling-all-activists\/#breadcrumb\",\"itemListElement\":[{\"@type\":\"ListItem\",\"position\":1,\"name\":\"Home\",\"item\":\"https:\/\/dev.ccla.org\/\"},{\"@type\":\"ListItem\",\"position\":2,\"name\":\"Get Involved\"}]},{\"@type\":\"WebSite\",\"@id\":\"https:\/\/dev.ccla.org\/#website\",\"url\":\"https:\/\/dev.ccla.org\/\",\"name\":\"CCLA\",\"description\":\"\",\"potentialAction\":[{\"@type\":\"SearchAction\",\"target\":{\"@type\":\"EntryPoint\",\"urlTemplate\":\"https:\/\/dev.ccla.org\/?s={search_term_string}\"},\"query-input\":{\"@type\":\"PropertyValueSpecification\",\"valueRequired\":true,\"valueName\":\"search_term_string\"}}],\"inLanguage\":\"fr-CA\"}]}<\/script>\n<!-- \/ Yoast SEO plugin. -->","yoast_head_json":{"title":"Civil Rights Activists and Volunteers In Canada - CCLA","description":"Canadian Civil Liberties Association is calling all civil rights activists and volunteers in Canada to bring about quality, freedom, and justice. Learn more about it here.","robots":{"index":"noindex","follow":"follow","max-snippet":"max-snippet:-1","max-image-preview":"max-image-preview:large","max-video-preview":"max-video-preview:-1"},"og_locale":"fr_CA","og_type":"article","og_title":"Civil Rights Activists and Volunteers In Canada - CCLA","og_description":"Canadian Civil Liberties Association is calling all civil rights activists and volunteers in Canada to bring about quality, freedom, and justice. Learn more about it here.","og_url":"https:\/\/dev.ccla.org\/fr\/appel-a-tous-les-activistes\/","og_site_name":"CCLA","article_modified_time":"2021-10-20T18:10:12+00:00","og_image":[{"width":2000,"height":800,"url":"https:\/\/dev.ccla.org\/wp-content\/uploads\/2021\/07\/group-of-american-activists-is-protesting-2021-06-08-22-37-30-utc.jpg","type":"image\/jpeg"}],"twitter_card":"summary_large_image","twitter_misc":{"Estimation du temps de lecture":"2 minutes"},"schema":{"@context":"https:\/\/schema.org","@graph":[{"@type":"WebPage","@id":"https:\/\/dev.ccla.org\/calling-all-activists\/","url":"https:\/\/dev.ccla.org\/calling-all-activists\/","name":"Civil Rights Activists and Volunteers In Canada - CCLA","isPartOf":{"@id":"https:\/\/dev.ccla.org\/#website"},"primaryImageOfPage":{"@id":"https:\/\/dev.ccla.org\/calling-all-activists\/#primaryimage"},"image":{"@id":"https:\/\/dev.ccla.org\/calling-all-activists\/#primaryimage"},"thumbnailUrl":"https:\/\/dev.ccla.org\/wp-content\/uploads\/2021\/07\/group-of-american-activists-is-protesting-2021-06-08-22-37-30-utc.jpg","datePublished":"2021-06-16T01:20:48+00:00","dateModified":"2021-10-20T18:10:12+00:00","description":"Canadian Civil Liberties Association is calling all civil rights activists and volunteers in Canada to bring about quality, freedom, and justice. Learn more about it here.","breadcrumb":{"@id":"https:\/\/dev.ccla.org\/calling-all-activists\/#breadcrumb"},"inLanguage":"fr-CA","potentialAction":[{"@type":"ReadAction","target":["https:\/\/dev.ccla.org\/calling-all-activists\/"]}]},{"@type":"ImageObject","inLanguage":"fr-CA","@id":"https:\/\/dev.ccla.org\/calling-all-activists\/#primaryimage","url":"https:\/\/dev.ccla.org\/wp-content\/uploads\/2021\/07\/group-of-american-activists-is-protesting-2021-06-08-22-37-30-utc.jpg","contentUrl":"https:\/\/dev.ccla.org\/wp-content\/uploads\/2021\/07\/group-of-american-activists-is-protesting-2021-06-08-22-37-30-utc.jpg","width":2000,"height":800},{"@type":"BreadcrumbList","@id":"https:\/\/dev.ccla.org\/calling-all-activists\/#breadcrumb","itemListElement":[{"@type":"ListItem","position":1,"name":"Home","item":"https:\/\/dev.ccla.org\/"},{"@type":"ListItem","position":2,"name":"Get Involved"}]},{"@type":"WebSite","@id":"https:\/\/dev.ccla.org\/#website","url":"https:\/\/dev.ccla.org\/","name":"CCLA","description":"","potentialAction":[{"@type":"SearchAction","target":{"@type":"EntryPoint","urlTemplate":"https:\/\/dev.ccla.org\/?s={search_term_string}"},"query-input":{"@type":"PropertyValueSpecification","valueRequired":true,"valueName":"search_term_string"}}],"inLanguage":"fr-CA"}]}},"_links":{"self":[{"href":"https:\/\/dev.ccla.org\/fr\/wp-json\/wp\/v2\/pages\/3701","targetHints":{"allow":["GET"]}}],"collection":[{"href":"https:\/\/dev.ccla.org\/fr\/wp-json\/wp\/v2\/pages"}],"about":[{"href":"https:\/\/dev.ccla.org\/fr\/wp-json\/wp\/v2\/types\/page"}],"author":[{"embeddable":true,"href":"https:\/\/dev.ccla.org\/fr\/wp-json\/wp\/v2\/users\/4"}],"replies":[{"embeddable":true,"href":"https:\/\/dev.ccla.org\/fr\/wp-json\/wp\/v2\/comments?post=3701"}],"version-history":[{"count":27,"href":"https:\/\/dev.ccla.org\/fr\/wp-json\/wp\/v2\/pages\/3701\/revisions"}],"predecessor-version":[{"id":5351,"href":"https:\/\/dev.ccla.org\/fr\/wp-json\/wp\/v2\/pages\/3701\/revisions\/5351"}],"wp:featuredmedia":[{"embeddable":true,"href":"https:\/\/dev.ccla.org\/fr\/wp-json\/wp\/v2\/media\/5060"}],"wp:attachment":[{"href":"https:\/\/dev.ccla.org\/fr\/wp-json\/wp\/v2\/media?parent=3701"}],"curies":[{"name":"wp","href":"https:\/\/api.w.org\/{rel}","templated":true}]}}