{"id":3672,"date":"2021-06-16T00:52:21","date_gmt":"2021-06-16T04:52:21","guid":{"rendered":"https:\/\/ccla.org\/?page_id=3672"},"modified":"2023-03-23T14:40:08","modified_gmt":"2023-03-23T18:40:08","slug":"donation-faqs","status":"publish","type":"page","link":"https:\/\/dev.ccla.org\/fr\/faq-sur-les-dons\/","title":{"rendered":"FAQ sur les dons"},"content":{"rendered":"<div id=\"fws_69d0d451c4f2a\"  data-column-margin=\"default\" data-midnight=\"dark\"  class=\"wpb_row vc_row-fluid vc_row\"  style=\"padding-top: 0px; padding-bottom: 0px; \"><div class=\"row-bg-wrap\" data-bg-animation=\"none\" data-bg-animation-delay=\"\" data-bg-overlay=\"false\"><div class=\"inner-wrap row-bg-layer\" ><div class=\"row-bg viewport-desktop\"  style=\"\"><\/div><\/div><\/div><div class=\"row_col_wrap_12 col span_12 dark left\">\n\t<div  class=\"vc_col-sm-12 wpb_column column_container vc_column_container col no-extra-padding inherit_tablet inherit_phone\"  data-padding-pos=\"all\" data-has-bg-color=\"false\" data-bg-color=\"\" data-bg-opacity=\"1\" data-animation=\"\" data-delay=\"0\" >\n\t\t<div class=\"vc_column-inner\" >\n\t\t\t<div class=\"wpb_wrapper\">\n\t\t\t\t\n\t\t<div id=\"fws_69d0d451c5f7a\"  data-column-margin=\"default\" data-midnight=\"dark\"  class=\"wpb_row vc_row-fluid vc_row full-width-section\"  style=\"padding-top: 0px; padding-bottom: 0px; \"><div class=\"row-bg-wrap\" data-bg-animation=\"none\" data-bg-animation-delay=\"\" data-bg-overlay=\"true\"><div class=\"inner-wrap row-bg-layer\" ><div class=\"row-bg viewport-desktop\"  style=\"\"><\/div><\/div><div class=\"row-bg-overlay row-bg-layer\" style=\"background: rgba(0,0,0,0.3); background: linear-gradient(to bottom,rgba(0,0,0,0.3) 0%,rgba(238,238,238,0.01) 100%);  opacity: 0.5; \"><\/div><\/div><div class=\"row_col_wrap_12 col span_12 dark left\">\n\t<div  class=\"vc_col-sm-12 wpb_column column_container vc_column_container col no-extra-padding inherit_tablet inherit_phone\"  data-padding-pos=\"all\" data-has-bg-color=\"false\" data-bg-color=\"\" data-bg-opacity=\"1\" data-animation=\"\" data-delay=\"0\" >\n\t\t<div class=\"vc_column-inner\" >\n\t\t\t<div class=\"wpb_wrapper\">\n\t\t\t\t<div class=\"divider-wrap\" data-alignment=\"default\"><div style=\"height: 10px;\" class=\"divider\"><\/div><\/div>\n\t\t\t<\/div> \n\t\t<\/div>\n\t<\/div> \n<\/div><\/div>\n\n\t\t\t<\/div> \n\t\t<\/div>\n\t<\/div> \n<\/div><\/div>\n\t\t<div id=\"fws_69d0d451c6ad4\"  data-column-margin=\"60px\" data-midnight=\"dark\" data-top-percent=\"3%\" data-bottom-percent=\"3%\"  class=\"wpb_row vc_row-fluid vc_row full-width-section  reverse_columns_column_phone\"  style=\"padding-top: calc(100vw * 0.03); padding-bottom: calc(100vw * 0.03); \"><div class=\"row-bg-wrap\" data-bg-animation=\"none\" data-bg-animation-delay=\"\" data-bg-overlay=\"false\"><div class=\"inner-wrap row-bg-layer\" ><div class=\"row-bg viewport-desktop using-bg-color\"  style=\"background-color: #ffffff; \"><\/div><\/div><\/div><div class=\"row_col_wrap_12 col span_12 dark left\">\n\t<div  class=\"vc_col-sm-12 wpb_column column_container vc_column_container col no-extra-padding inherit_tablet inherit_phone\"  data-padding-pos=\"right\" data-has-bg-color=\"false\" data-bg-color=\"\" data-bg-opacity=\"1\" data-animation=\"\" data-delay=\"0\" >\n\t\t<div class=\"vc_column-inner\" >\n\t\t\t<div class=\"wpb_wrapper\">\n\t\t\t\t<h2 style=\"font-size: 36px;color: #1e5799;line-height: 1.5;text-align: left;font-family:Crimson Text;font-weight:400;font-style:italic\" class=\"vc_custom_heading vc_do_custom_heading\" >Veuillez consulter ci-dessous les questions fr\u00e9quemment pos\u00e9es concernant les dons \u00e0 l&#039;ACLC.<\/h2><p style=\"color: #000000;text-align: left\" class=\"vc_custom_heading vc_do_custom_heading\" >Si vous avez des questions sur notre travail ou sur votre don, veuillez nous contacter au (416) 646-1407.<\/p><div class=\"divider-wrap\" data-alignment=\"default\"><div style=\"height: 30px;\" class=\"divider\"><\/div><\/div><div class=\"toggles\" data-br=\"\" data-starting=\"default\" data-style=\"minimal\"><div class=\"toggle accent-color\" data-inner-wrap=\"true\"><h3 class=\"toggle-title\"><a href=\"#\" role=\"button\" class=\"toggle-heading\"><i role=\"presentation\" class=\"fa fa-plus-circle\"><\/i>Que fait l&#039;ACLC ?<\/a><\/h3><div><div class=\"inner-toggle-wrap\">\n<div class=\"wpb_text_column wpb_content_element\" >\n\t<div class=\"wpb_wrapper\">\n\t\t<p>L&#039;ACLC est une organisation nationale des libert\u00e9s civiles qui a \u00e9t\u00e9 constitu\u00e9e pour promouvoir le respect et l&#039;observation des droits fondamentaux de la personne et des libert\u00e9s civiles au Canada. Pour faire avancer ces objectifs, nous participons aux litiges en tant que partie et en tant qu&#039;intervenant\u00a0; parler aux comit\u00e9s gouvernementaux qui pr\u00e9parent la l\u00e9gislation aux niveaux provincial et f\u00e9d\u00e9ral; tenir des r\u00e9unions et des rassemblements publics; faire des repr\u00e9sentations avant les enqu\u00eates publiques; mener des enqu\u00eates sur les exp\u00e9riences des gens avec diverses lois; publier des articles et appara\u00eetre r\u00e9guli\u00e8rement dans les m\u00e9dias de masse ; organiser des s\u00e9minaires et des programmes d&#039;\u00e9ducation pour les \u00e9l\u00e8ves aussi jeunes que la 3e ann\u00e9e jusqu&#039;au lyc\u00e9e, \u00e0 l&#039;universit\u00e9 et \u00e0 la facult\u00e9 de droit.<\/p>\n\t<\/div>\n<\/div>\n\n\n\n<\/div><\/div><\/div><div class=\"toggle accent-color\" data-inner-wrap=\"true\"><h3 class=\"toggle-title\"><a href=\"#\" role=\"button\" class=\"toggle-heading\"><i role=\"presentation\" class=\"fa fa-plus-circle\"><\/i>Les dons \u00e0 l&#039;ACLC sont-ils d\u00e9ductibles des imp\u00f4ts ?<\/a><\/h3><div><div class=\"inner-toggle-wrap\">\n<div class=\"wpb_text_column wpb_content_element\" >\n\t<div class=\"wpb_wrapper\">\n\t\t<p>Oui! L&#039;Association canadienne des libert\u00e9s civiles est un organisme de bienfaisance enregistr\u00e9 (num\u00e9ro d&#039;enregistrement 754802288 RR0001)<\/p>\n\t<\/div>\n<\/div>\n\n\n\n<\/div><\/div><\/div><div class=\"toggle accent-color\" data-inner-wrap=\"true\"><h3 class=\"toggle-title\"><a href=\"#\" role=\"button\" class=\"toggle-heading\"><i role=\"presentation\" class=\"fa fa-plus-circle\"><\/i>Comment l&#039;ACLC finance-t-elle ses cas?<\/a><\/h3><div><div class=\"inner-toggle-wrap\">\n<div class=\"wpb_text_column wpb_content_element\" >\n\t<div class=\"wpb_wrapper\">\n\t\t<p><span class=\"TextRun MacChromeBold SCXW229577055 BCX0\" lang=\"EN-CA\" xml:lang=\"EN-CA\" data-contrast=\"none\"><span class=\"NormalTextRun SCXW229577055 BCX0\" data-ccp-parastyle=\"Normal (Web)\">CCLA\u00a0<\/span><span class=\"NormalTextRun SCXW229577055 BCX0\" data-ccp-parastyle=\"Normal (Web)\">collecte des fonds aupr\u00e8s de donateurs publics et priv\u00e9s.\u00a0<\/span><span class=\"NormalTextRun SCXW229577055 BCX0\" data-ccp-parastyle=\"Normal (Web)\">contrairement \u00e0\u00a0<\/span><span class=\"NormalTextRun SCXW229577055 BCX0\" data-ccp-parastyle=\"Normal (Web)\">la plupart des organisations \u00e0 but non lucratif, l&#039;ACLC ne re\u00e7oit pas de financement du gouvernement. Cela nous aide \u00e0 maintenir notre ind\u00e9pendance afin que nous puissions mieux repr\u00e9senter les gens \u00e0 travers le Canada<\/span><span class=\"NormalTextRun SCXW229577055 BCX0\" data-ccp-parastyle=\"Normal (Web)\">. Les avocats qui travaillent pour nous le font la plupart du temps sur une base<\/span><\/span><span class=\"TextRun MacChromeBold SCXW229577055 BCX0\" lang=\"EN-CA\" xml:lang=\"EN-CA\" data-contrast=\"none\"><span class=\"NormalTextRun SCXW229577055 BCX0\" data-ccp-charstyle=\"Emphasis\">pro bono<\/span><\/span><span class=\"TextRun MacChromeBold SCXW229577055 BCX0\" lang=\"EN-CA\" xml:lang=\"EN-CA\" data-contrast=\"none\"><span class=\"NormalTextRun SCXW229577055 BCX0\" data-ccp-parastyle=\"Normal (Web)\">base.\u00a0<\/span><\/span><span class=\"EOP SCXW229577055 BCX0\" data-ccp-props=\"{&quot;134233117&quot;:true,&quot;134233118&quot;:true}\">\u00a0<\/span><\/p>\n\t<\/div>\n<\/div>\n\n\n\n<\/div><\/div><\/div><div class=\"toggle accent-color\" data-inner-wrap=\"true\"><h3 class=\"toggle-title\"><a href=\"#\" role=\"button\" class=\"toggle-heading\"><i role=\"presentation\" class=\"fa fa-plus-circle\"><\/i>Comment faire un don \u00e0 l&#039;ACLC?<\/a><\/h3><div><div class=\"inner-toggle-wrap\">\n<div class=\"wpb_text_column wpb_content_element\" >\n\t<div class=\"wpb_wrapper\">\n\t\t<p>S&#039;il te pla\u00eet\u00a0<a href=\"https:\/\/dev.ccla.org\/fr\/give\/\">cliquez ici pour visiter notre page de dons<\/a>. Vous pouvez \u00e9galement nous appeler au 416-646-1407 ou envoyer un courriel <a href=\"mailto:administration@ccla.org\">donations@ccla.org<\/a>. L&#039;Association canadienne des libert\u00e9s civiles est un organisme de bienfaisance enregistr\u00e9 et est en mesure d&#039;\u00e9mettre des re\u00e7us d&#039;imp\u00f4t pour les dons. (Num\u00e9ro d&#039;enregistrement d&#039;organisme de bienfaisance 754 802 288 RR 0001)<\/p>\n\t<\/div>\n<\/div>\n\n\n\n<\/div><\/div><\/div><div class=\"toggle accent-color\" data-inner-wrap=\"true\"><h3 class=\"toggle-title\"><a href=\"#\" role=\"button\" class=\"toggle-heading\"><i role=\"presentation\" class=\"fa fa-plus-circle\"><\/i>Quelle est la diff\u00e9rence entre CCLA et CCLET ?<\/a><\/h3><div><div class=\"inner-toggle-wrap\">\n<div class=\"wpb_text_column wpb_content_element\" >\n\t<div class=\"wpb_wrapper\">\n\t\t<p>L&#039;ACLC a \u00e9t\u00e9 constitu\u00e9e en 1964. L&#039;ACLC a \u00e9t\u00e9 cr\u00e9\u00e9e par l&#039;ACLC en tant qu&#039;organisme caritatif de recherche en \u00e9ducation en 1967. L&#039;ACLC se concentre sur les litiges, la surveillance\/la recherche sur les libert\u00e9s civiles et la d\u00e9fense des droits, tandis que la CCLET s&#039;engage dans l&#039;\u00e9ducation du public, y compris des discours, des pr\u00e9sentations, des \u00e9ditoriaux, ainsi que la prestation de programmes dans les \u00e9coles et les facult\u00e9s d&#039;\u00e9ducation. Les deux organisations partagent le personnel et les ressources.<\/p>\n\t<\/div>\n<\/div>\n\n\n\n<\/div><\/div><\/div><div class=\"toggle accent-color\" data-inner-wrap=\"true\"><h3 class=\"toggle-title\"><a href=\"#\" role=\"button\" class=\"toggle-heading\"><i role=\"presentation\" class=\"fa fa-plus-circle\"><\/i>J&#039;ai fait un don mais je n&#039;ai pas encore re\u00e7u mon re\u00e7u fiscal. Comment puis-je obtenir une copie?<\/a><\/h3><div><div class=\"inner-toggle-wrap\">\n<div class=\"wpb_text_column wpb_content_element\" >\n\t<div class=\"wpb_wrapper\">\n\t\t<div id=\"elementor-tab-content-1136\" class=\"elementor-tab-content elementor-clearfix elementor-active\" role=\"tabpanel\" data-tab=\"6\" aria-labelledby=\"elementor-tab-title-1136\">\n<p>Si vous nous avez appel\u00e9 pour faire un don, vous le recevrez dans le trimestre. Si vous avez fait un don en ligne, votre re\u00e7u vous a \u00e9t\u00e9 envoy\u00e9 automatiquement par courriel. Vous pouvez demander qu&#039;un re\u00e7u fiscal PDF vous soit \u00e0 nouveau envoy\u00e9 par e-mail si vous ne trouvez pas votre re\u00e7u.<\/p>\n<p>Si vous avez fait un don par la poste mais que vous souhaitez recevoir votre re\u00e7u fiscal (PDF) par e-mail, veuillez nous contacter.<\/p>\n<p>Les donateurs mensuels recevront un re\u00e7u fiscal cumulatif de fin d&#039;ann\u00e9e pour tous les dons mensuels de janvier de l&#039;ann\u00e9e pr\u00e9c\u00e9dente (ex. pour vos dons de janvier \u00e0 d\u00e9cembre, vous recevrez votre re\u00e7u en janvier de l&#039;ann\u00e9e suivante).\n<\/p><\/div>\n\t<\/div>\n<\/div>\n\n\n\n<\/div><\/div><\/div><div class=\"toggle accent-color\" data-inner-wrap=\"true\"><h3 class=\"toggle-title\"><a href=\"#\" role=\"button\" class=\"toggle-heading\"><i role=\"presentation\" class=\"fa fa-plus-circle\"><\/i>Je suis un donateur mensuel. Comment mettre \u00e0 jour mes informations de carte de cr\u00e9dit\u00a0?<\/a><\/h3><div><div class=\"inner-toggle-wrap\">\n<div class=\"wpb_text_column wpb_content_element\" >\n\t<div class=\"wpb_wrapper\">\n\t\t<div id=\"elementor-tab-content-1136\" class=\"elementor-tab-content elementor-clearfix elementor-active\" role=\"tabpanel\" data-tab=\"6\" aria-labelledby=\"elementor-tab-title-1136\">\n<p>Pour mettre \u00e0 jour les informations de votre carte de cr\u00e9dit. Veuillez envoyer un courriel \u00e0 Aliya Karim \u00e0 <a href=\"mailto:akarim@ccla.org\">akarim@ccla.org<\/a> et indiquez le meilleur num\u00e9ro auquel vous joindre.<\/p>\n<\/div>\n\t<\/div>\n<\/div>\n\n\n\n<\/div><\/div><\/div><div class=\"toggle accent-color\" data-inner-wrap=\"true\"><h3 class=\"toggle-title\"><a href=\"#\" role=\"button\" class=\"toggle-heading\"><i role=\"presentation\" class=\"fa fa-plus-circle\"><\/i>J&#039;ai re\u00e7u un appel d&#039;un collecteur de fonds de l&#039;ACLC<\/a><\/h3><div><div class=\"inner-toggle-wrap\">\n<div class=\"wpb_text_column wpb_content_element\" >\n\t<div class=\"wpb_wrapper\">\n\t\t<div id=\"elementor-tab-content-1136\" class=\"elementor-tab-content elementor-clearfix elementor-active\" role=\"tabpanel\" data-tab=\"6\" aria-labelledby=\"elementor-tab-title-1136\">\n<p>L&#039;ACLC s&#039;engage toujours \u00e0 dialoguer avec ses donateurs et \u00e0 donner aux gens la possibilit\u00e9 de devenir un donateur mensuel. En tant que donateur, vous pouvez recevoir un appel de notre partenaire de collecte de fonds, Keys, vous informant de nos cas les plus r\u00e9cents et de la mani\u00e8re dont vous pouvez soutenir notre travail essentiel.<\/p>\n<\/div>\n\t<\/div>\n<\/div>\n\n\n\n<\/div><\/div><\/div><div class=\"toggle accent-color\" data-inner-wrap=\"true\"><h3 class=\"toggle-title\"><a href=\"#\" role=\"button\" class=\"toggle-heading\"><i role=\"presentation\" class=\"fa fa-plus-circle\"><\/i>Puis-je laisser un don \u00e0 l&#039;ACLC dans mon testament\u00a0?<\/a><\/h3><div><div class=\"inner-toggle-wrap\">\n<div class=\"wpb_text_column wpb_content_element\" >\n\t<div class=\"wpb_wrapper\">\n\t\t<div id=\"elementor-tab-content-1136\" class=\"elementor-tab-content elementor-clearfix elementor-active\" role=\"tabpanel\" data-tab=\"6\" aria-labelledby=\"elementor-tab-title-1136\">\n<p>Oui, vous pouvez. <a href=\"https:\/\/dev.ccla.org\/fr\/give\/faire-un-legs-dans-votre-testament\/\">Veuillez cliquer ici pour en savoir plus sur la fa\u00e7on de faire un legs \u00e0 l&#039;ACLC dans votre testament<\/a>.<\/div>\n\t<\/div>\n<\/div>\n\n\n\n<\/div><\/div><\/div><\/div>\n\n\n\n\n\n\n\n\n\n\n\n\n\n\n\n\n\n\n\n\n\t\t\t<\/div> \n\t\t<\/div>\n\t<\/div> \n<\/div><\/div>\n\t\t<div id=\"fws_69d0d451c9915\"  data-column-margin=\"default\" data-midnight=\"dark\"  class=\"wpb_row vc_row-fluid vc_row\"  style=\"padding-top: 0px; padding-bottom: 0px; \"><div class=\"row-bg-wrap\" data-bg-animation=\"none\" data-bg-animation-delay=\"\" data-bg-overlay=\"false\"><div class=\"inner-wrap row-bg-layer\" ><div class=\"row-bg viewport-desktop\"  style=\"\"><\/div><\/div><\/div><div class=\"row_col_wrap_12 col span_12 dark left\">\n\t<div  class=\"vc_col-sm-12 wpb_column column_container vc_column_container col no-extra-padding inherit_tablet inherit_phone\"  data-padding-pos=\"all\" data-has-bg-color=\"false\" data-bg-color=\"\" data-bg-opacity=\"1\" data-animation=\"\" data-delay=\"0\" >\n\t\t<div class=\"vc_column-inner\" >\n\t\t\t<div class=\"wpb_wrapper\">\n\t\t\t\t\n\t\t<div id=\"fws_69d0d451ca39e\"  data-column-margin=\"default\" data-midnight=\"dark\"  class=\"wpb_row vc_row-fluid vc_row full-width-section\"  style=\"padding-top: 0px; padding-bottom: 0px; \"><div class=\"row-bg-wrap\" data-bg-animation=\"none\" data-bg-animation-delay=\"\" data-bg-overlay=\"true\"><div class=\"inner-wrap row-bg-layer\" ><div class=\"row-bg viewport-desktop using-bg-color\"  style=\"background-color: #f2f2f2; \"><\/div><\/div><div class=\"row-bg-overlay row-bg-layer\" style=\"background: rgba(0,0,0,0.01); background: linear-gradient(to bottom,rgba(0,0,0,0.01) 0%,rgba(0,0,0,0.3) 100%);  opacity: 0.95; \"><\/div><\/div><div class=\"row_col_wrap_12 col span_12 dark left\">\n\t<div  class=\"vc_col-sm-12 wpb_column column_container vc_column_container col no-extra-padding inherit_tablet inherit_phone\"  data-padding-pos=\"all\" data-has-bg-color=\"false\" data-bg-color=\"\" data-bg-opacity=\"1\" data-animation=\"\" data-delay=\"0\" >\n\t\t<div class=\"vc_column-inner\" >\n\t\t\t<div class=\"wpb_wrapper\">\n\t\t\t\t<div class=\"divider-wrap\" data-alignment=\"default\"><div style=\"height: 10px;\" class=\"divider\"><\/div><\/div>\n\t\t\t<\/div> \n\t\t<\/div>\n\t<\/div> \n<\/div><\/div>\n\n\t\t\t<\/div> \n\t\t<\/div>\n\t<\/div> \n<\/div><\/div>","protected":false},"excerpt":{"rendered":"Veuillez consulter ci-dessous quelques questions fr\u00e9quemment pos\u00e9es concernant les dons \u00e0 l&#039;ACLC. Si vous avez des questions sur notre travail ou sur votre don, veuillez nous contacter au (416) 646-1407.","protected":false},"author":4,"featured_media":1453,"parent":0,"menu_order":0,"comment_status":"closed","ping_status":"closed","template":"","meta":{"footnotes":""},"class_list":["post-3672","page","type-page","status-publish","has-post-thumbnail"],"yoast_head":"<!-- This site is optimized with the Yoast SEO plugin v24.7 - https:\/\/yoast.com\/wordpress\/plugins\/seo\/ -->\n<title>Donation FAQs - CCLA<\/title>\n<meta name=\"robots\" content=\"noindex, follow, max-snippet:-1, max-image-preview:large, max-video-preview:-1\" \/>\n<meta property=\"og:locale\" content=\"fr_CA\" \/>\n<meta property=\"og:type\" content=\"article\" \/>\n<meta property=\"og:title\" content=\"Donation FAQs - CCLA\" \/>\n<meta property=\"og:url\" content=\"https:\/\/dev.ccla.org\/fr\/faq-sur-les-dons\/\" \/>\n<meta property=\"og:site_name\" content=\"CCLA\" \/>\n<meta property=\"article:modified_time\" content=\"2023-03-23T18:40:08+00:00\" \/>\n<meta property=\"og:image\" content=\"https:\/\/dev.ccla.org\/wp-content\/uploads\/2021\/06\/CCCL_general_crowd_2000x800-1.jpg\" \/>\n\t<meta property=\"og:image:width\" content=\"2000\" \/>\n\t<meta property=\"og:image:height\" content=\"800\" \/>\n\t<meta property=\"og:image:type\" content=\"image\/jpeg\" \/>\n<meta name=\"twitter:card\" content=\"summary_large_image\" \/>\n<meta name=\"twitter:label1\" content=\"Estimation du temps de lecture\" \/>\n\t<meta name=\"twitter:data1\" content=\"3 minutes\" \/>\n<script type=\"application\/ld+json\" class=\"yoast-schema-graph\">{\"@context\":\"https:\/\/schema.org\",\"@graph\":[{\"@type\":\"WebPage\",\"@id\":\"https:\/\/dev.ccla.org\/donation-faqs\/\",\"url\":\"https:\/\/dev.ccla.org\/donation-faqs\/\",\"name\":\"Donation FAQs - CCLA\",\"isPartOf\":{\"@id\":\"https:\/\/dev.ccla.org\/#website\"},\"primaryImageOfPage\":{\"@id\":\"https:\/\/dev.ccla.org\/donation-faqs\/#primaryimage\"},\"image\":{\"@id\":\"https:\/\/dev.ccla.org\/donation-faqs\/#primaryimage\"},\"thumbnailUrl\":\"https:\/\/dev.ccla.org\/wp-content\/uploads\/2021\/06\/CCCL_general_crowd_2000x800-1.jpg\",\"datePublished\":\"2021-06-16T04:52:21+00:00\",\"dateModified\":\"2023-03-23T18:40:08+00:00\",\"breadcrumb\":{\"@id\":\"https:\/\/dev.ccla.org\/donation-faqs\/#breadcrumb\"},\"inLanguage\":\"fr-CA\",\"potentialAction\":[{\"@type\":\"ReadAction\",\"target\":[\"https:\/\/dev.ccla.org\/donation-faqs\/\"]}]},{\"@type\":\"ImageObject\",\"inLanguage\":\"fr-CA\",\"@id\":\"https:\/\/dev.ccla.org\/donation-faqs\/#primaryimage\",\"url\":\"https:\/\/dev.ccla.org\/wp-content\/uploads\/2021\/06\/CCCL_general_crowd_2000x800-1.jpg\",\"contentUrl\":\"https:\/\/dev.ccla.org\/wp-content\/uploads\/2021\/06\/CCCL_general_crowd_2000x800-1.jpg\",\"width\":2000,\"height\":800},{\"@type\":\"BreadcrumbList\",\"@id\":\"https:\/\/dev.ccla.org\/donation-faqs\/#breadcrumb\",\"itemListElement\":[{\"@type\":\"ListItem\",\"position\":1,\"name\":\"Home\",\"item\":\"https:\/\/dev.ccla.org\/\"},{\"@type\":\"ListItem\",\"position\":2,\"name\":\"Donation FAQs\"}]},{\"@type\":\"WebSite\",\"@id\":\"https:\/\/dev.ccla.org\/#website\",\"url\":\"https:\/\/dev.ccla.org\/\",\"name\":\"CCLA\",\"description\":\"\",\"potentialAction\":[{\"@type\":\"SearchAction\",\"target\":{\"@type\":\"EntryPoint\",\"urlTemplate\":\"https:\/\/dev.ccla.org\/?s={search_term_string}\"},\"query-input\":{\"@type\":\"PropertyValueSpecification\",\"valueRequired\":true,\"valueName\":\"search_term_string\"}}],\"inLanguage\":\"fr-CA\"}]}<\/script>\n<!-- \/ Yoast SEO plugin. -->","yoast_head_json":{"title":"Donation FAQs - CCLA","robots":{"index":"noindex","follow":"follow","max-snippet":"max-snippet:-1","max-image-preview":"max-image-preview:large","max-video-preview":"max-video-preview:-1"},"og_locale":"fr_CA","og_type":"article","og_title":"Donation FAQs - CCLA","og_url":"https:\/\/dev.ccla.org\/fr\/faq-sur-les-dons\/","og_site_name":"CCLA","article_modified_time":"2023-03-23T18:40:08+00:00","og_image":[{"width":2000,"height":800,"url":"https:\/\/dev.ccla.org\/wp-content\/uploads\/2021\/06\/CCCL_general_crowd_2000x800-1.jpg","type":"image\/jpeg"}],"twitter_card":"summary_large_image","twitter_misc":{"Estimation du temps de lecture":"3 minutes"},"schema":{"@context":"https:\/\/schema.org","@graph":[{"@type":"WebPage","@id":"https:\/\/dev.ccla.org\/donation-faqs\/","url":"https:\/\/dev.ccla.org\/donation-faqs\/","name":"Donation FAQs - CCLA","isPartOf":{"@id":"https:\/\/dev.ccla.org\/#website"},"primaryImageOfPage":{"@id":"https:\/\/dev.ccla.org\/donation-faqs\/#primaryimage"},"image":{"@id":"https:\/\/dev.ccla.org\/donation-faqs\/#primaryimage"},"thumbnailUrl":"https:\/\/dev.ccla.org\/wp-content\/uploads\/2021\/06\/CCCL_general_crowd_2000x800-1.jpg","datePublished":"2021-06-16T04:52:21+00:00","dateModified":"2023-03-23T18:40:08+00:00","breadcrumb":{"@id":"https:\/\/dev.ccla.org\/donation-faqs\/#breadcrumb"},"inLanguage":"fr-CA","potentialAction":[{"@type":"ReadAction","target":["https:\/\/dev.ccla.org\/donation-faqs\/"]}]},{"@type":"ImageObject","inLanguage":"fr-CA","@id":"https:\/\/dev.ccla.org\/donation-faqs\/#primaryimage","url":"https:\/\/dev.ccla.org\/wp-content\/uploads\/2021\/06\/CCCL_general_crowd_2000x800-1.jpg","contentUrl":"https:\/\/dev.ccla.org\/wp-content\/uploads\/2021\/06\/CCCL_general_crowd_2000x800-1.jpg","width":2000,"height":800},{"@type":"BreadcrumbList","@id":"https:\/\/dev.ccla.org\/donation-faqs\/#breadcrumb","itemListElement":[{"@type":"ListItem","position":1,"name":"Home","item":"https:\/\/dev.ccla.org\/"},{"@type":"ListItem","position":2,"name":"Donation FAQs"}]},{"@type":"WebSite","@id":"https:\/\/dev.ccla.org\/#website","url":"https:\/\/dev.ccla.org\/","name":"CCLA","description":"","potentialAction":[{"@type":"SearchAction","target":{"@type":"EntryPoint","urlTemplate":"https:\/\/dev.ccla.org\/?s={search_term_string}"},"query-input":{"@type":"PropertyValueSpecification","valueRequired":true,"valueName":"search_term_string"}}],"inLanguage":"fr-CA"}]}},"_links":{"self":[{"href":"https:\/\/dev.ccla.org\/fr\/wp-json\/wp\/v2\/pages\/3672","targetHints":{"allow":["GET"]}}],"collection":[{"href":"https:\/\/dev.ccla.org\/fr\/wp-json\/wp\/v2\/pages"}],"about":[{"href":"https:\/\/dev.ccla.org\/fr\/wp-json\/wp\/v2\/types\/page"}],"author":[{"embeddable":true,"href":"https:\/\/dev.ccla.org\/fr\/wp-json\/wp\/v2\/users\/4"}],"replies":[{"embeddable":true,"href":"https:\/\/dev.ccla.org\/fr\/wp-json\/wp\/v2\/comments?post=3672"}],"version-history":[{"count":13,"href":"https:\/\/dev.ccla.org\/fr\/wp-json\/wp\/v2\/pages\/3672\/revisions"}],"predecessor-version":[{"id":8604,"href":"https:\/\/dev.ccla.org\/fr\/wp-json\/wp\/v2\/pages\/3672\/revisions\/8604"}],"wp:featuredmedia":[{"embeddable":true,"href":"https:\/\/dev.ccla.org\/fr\/wp-json\/wp\/v2\/media\/1453"}],"wp:attachment":[{"href":"https:\/\/dev.ccla.org\/fr\/wp-json\/wp\/v2\/media?parent=3672"}],"curies":[{"name":"wp","href":"https:\/\/api.w.org\/{rel}","templated":true}]}}