{"id":3087,"date":"2021-06-14T00:06:25","date_gmt":"2021-06-14T00:06:25","guid":{"rendered":"https:\/\/ccla.org\/?page_id=3087"},"modified":"2022-03-29T19:48:25","modified_gmt":"2022-03-29T23:48:25","slug":"social-media-policy","status":"publish","type":"page","link":"https:\/\/dev.ccla.org\/fr\/politique-en-matiere-de-medias-sociaux\/","title":{"rendered":"Politique sur les m\u00e9dias sociaux"},"content":{"rendered":"<div id=\"fws_69d0e94e8b9d6\"  data-column-margin=\"default\" data-midnight=\"dark\"  class=\"wpb_row vc_row-fluid vc_row full-width-section\"  style=\"padding-top: 0px; padding-bottom: 0px; \"><div class=\"row-bg-wrap\" data-bg-animation=\"none\" data-bg-animation-delay=\"\" data-bg-overlay=\"true\"><div class=\"inner-wrap row-bg-layer\" ><div class=\"row-bg viewport-desktop\"  style=\"\"><\/div><\/div><div class=\"row-bg-overlay row-bg-layer\" style=\"background: rgba(0,0,0,0.3); background: linear-gradient(to bottom,rgba(0,0,0,0.3) 0%,rgba(238,238,238,0.01) 100%);  opacity: 0.5; \"><\/div><\/div><div class=\"row_col_wrap_12 col span_12 dark left\">\n\t<div  class=\"vc_col-sm-12 wpb_column column_container vc_column_container col no-extra-padding inherit_tablet inherit_phone\"  data-padding-pos=\"all\" data-has-bg-color=\"false\" data-bg-color=\"\" data-bg-opacity=\"1\" data-animation=\"\" data-delay=\"0\" >\n\t\t<div class=\"vc_column-inner\" >\n\t\t\t<div class=\"wpb_wrapper\">\n\t\t\t\t<div class=\"divider-wrap\" data-alignment=\"default\"><div style=\"height: 10px;\" class=\"divider\"><\/div><\/div>\n\t\t\t<\/div> \n\t\t<\/div>\n\t<\/div> \n<\/div><\/div>\n\t\t<div id=\"fws_69d0e94e8c7b1\"  data-column-margin=\"default\" data-midnight=\"dark\"  class=\"wpb_row vc_row-fluid vc_row full-width-section\"  style=\"padding-top: 0px; padding-bottom: 0px; \"><div class=\"row-bg-wrap\" data-bg-animation=\"none\" data-bg-animation-delay=\"\" data-bg-overlay=\"false\"><div class=\"inner-wrap row-bg-layer\" ><div class=\"row-bg viewport-desktop\"  style=\"\"><\/div><\/div><\/div><div class=\"row_col_wrap_12 col span_12 dark left\">\n\t<div  class=\"vc_col-sm-12 wpb_column column_container vc_column_container col padding-4-percent inherit_tablet inherit_phone\"  data-padding-pos=\"bottom\" data-has-bg-color=\"false\" data-bg-color=\"\" data-bg-opacity=\"1\" data-animation=\"\" data-delay=\"0\" >\n\t\t<div class=\"vc_column-inner\" >\n\t\t\t<div class=\"wpb_wrapper\">\n\t\t\t\t<div class=\"divider-wrap\" data-alignment=\"default\"><div style=\"height: 50px;\" class=\"divider\"><\/div><\/div>\n<div class=\"wpb_text_column wpb_content_element\" >\n\t<div class=\"wpb_wrapper\">\n\t\t<p>L&#039;Association canadienne des libert\u00e9s civiles, l&#039;ACLC, est un ardent d\u00e9fenseur de la libert\u00e9 d&#039;expression et travaille activement \u00e0 sa promotion et \u00e0 sa d\u00e9fense. En ce qui concerne notre engagement dans les m\u00e9dias sociaux, nous nous engageons \u00e0 cr\u00e9er un espace en ligne o\u00f9 nous pouvons partager des informations pertinentes sur le travail de l&#039;ACLC, les \u00e9v\u00e9nements actuels et notre mission, ainsi qu&#039;\u00e0 favoriser un espace en ligne sain pour un dialogue productif. L&#039;ACLC est active sur Facebook, Instagram, Twitter et YouTube. Sur ces plateformes, le public peut interagir avec l&#039;ACLC et les informations qu&#039;elle partage. Cette politique s&#039;applique \u00e0 toutes les pages de m\u00e9dias sociaux de l&#039;ACLC, y compris les pages, profils ou comptes actuels et futurs associ\u00e9s \u00e0 et exploit\u00e9s par l&#039;ACLC. Il fournira aux utilisateurs publics un guide sur la mani\u00e8re d&#039;interagir avec l&#039;ACLC et d&#039;autres utilisateurs de m\u00e9dias sociaux sur ses pages, ce que les utilisateurs peuvent attendre de l&#039;ACLC et o\u00f9 les utilisateurs peuvent trouver plus d&#039;informations.<\/p>\n<h3><span style=\"color: #1e5799;\">Mod\u00e9ration de contenu<\/span><\/h3>\n<p>Bien que l&#039;ACLC accueille favorablement les d\u00e9bats et discussions vigoureux sur nos pages de m\u00e9dias sociaux, nous nous r\u00e9servons le droit de mod\u00e9rer le contenu publi\u00e9 par l&#039;ACLC ou ses utilisateurs. En particulier, nous nous r\u00e9servons le droit de supprimer le contenu qui constitue raisonnablement des menaces criminelles ou du harc\u00e8lement ou qui constituerait probablement la promotion de la haine en vertu du Code criminel. De plus, nous encourageons fortement l&#039;utilisation d&#039;un langage poli et respectueux, m\u00eame dans les situations o\u00f9 un utilisateur n&#039;est pas d&#039;accord avec le contenu publi\u00e9 et\/ou les opinions d&#039;autres utilisateurs sur les pages de m\u00e9dias sociaux de l&#039;ACLC. Nous nous r\u00e9servons le droit de supprimer les commentaires qui utilisent des \u00e9pith\u00e8tes ou des insultes discriminatoires, qui s&#039;apparentent au harc\u00e8lement sexuel ou \u00e0 l&#039;intimidation, qui incitent \u00e0 la violence et aux images fixes ou anim\u00e9es illustrant le meurtre de personnes ou d&#039;animaux. L&#039;ACLC s&#039;engage \u00e0 fournir des informations \u00e9tay\u00e9es par des preuves factuelles et bien document\u00e9es, mais nous ne sommes pas en mesure de v\u00e9rifier chaque \u00e9l\u00e9ment publi\u00e9 par les utilisateurs. Les liens fournis par les utilisateurs qui ont \u00e9t\u00e9 signal\u00e9s par des v\u00e9rificateurs de faits tiers (tels que Snopes) comme des informations erron\u00e9es peuvent \u00eatre supprim\u00e9s de nos sites.<\/p>\n<h3><span style=\"color: #1e5799;\">Intimit\u00e9<\/span><\/h3>\n<p>Les sites de l&#039;ACLC sont ouverts au public. Il est de la responsabilit\u00e9 de l&#039;utilisateur de s&#039;abstenir de partager des informations qu&#039;il consid\u00e8re comme priv\u00e9es. L&#039;ACLC n&#039;est pas responsable de la mani\u00e8re dont les plateformes sur lesquelles nous op\u00e9rons peuvent collecter, utiliser ou stocker des informations. Nous utilisons un service pour collecter des informations agr\u00e9g\u00e9es (statistiques) sur notre pr\u00e9sence sur les r\u00e9seaux conventionnels et sociaux, qui n&#039;inclut pas les informations personnelles.<a href=\"https:\/\/dev.ccla.org\/fr\/politique-de-confidentialite\/\">La politique de confidentialit\u00e9 de l&#039;ACLC est accessible ici<\/a>. <strong>Date effective:<\/strong> 5 ao\u00fbt 2020 <strong>Date de r\u00e9vision:<\/strong> Annuellement Si vous avez des questions au sujet de cette politique, veuillez nous contacter au (416)-646-1404 ou \u00e0 administration@ccla.org.<\/p>\n\t<\/div>\n<\/div>\n\n\n\n<div class=\"divider-wrap\" data-alignment=\"default\"><div style=\"height: 10px;\" class=\"divider\"><\/div><\/div>\n\t\t\t<\/div> \n\t\t<\/div>\n\t<\/div> \n<\/div><\/div>\n\t\t<div id=\"fws_69d0e94e8d579\"  data-column-margin=\"default\" data-midnight=\"dark\"  class=\"wpb_row vc_row-fluid vc_row full-width-section\"  style=\"padding-top: 0px; padding-bottom: 0px; \"><div class=\"row-bg-wrap\" data-bg-animation=\"none\" data-bg-animation-delay=\"\" data-bg-overlay=\"true\"><div class=\"inner-wrap row-bg-layer\" ><div class=\"row-bg viewport-desktop using-bg-color\"  style=\"background-color: #f2f2f2; \"><\/div><\/div><div class=\"row-bg-overlay row-bg-layer\" style=\"background: rgba(0,0,0,0.01); background: linear-gradient(to bottom,rgba(0,0,0,0.01) 0%,rgba(0,0,0,0.3) 100%);  opacity: 0.95; \"><\/div><\/div><div class=\"row_col_wrap_12 col span_12 dark left\">\n\t<div  class=\"vc_col-sm-12 wpb_column column_container vc_column_container col no-extra-padding inherit_tablet inherit_phone\"  data-padding-pos=\"all\" data-has-bg-color=\"false\" data-bg-color=\"\" data-bg-opacity=\"1\" data-animation=\"\" data-delay=\"0\" >\n\t\t<div class=\"vc_column-inner\" >\n\t\t\t<div class=\"wpb_wrapper\">\n\t\t\t\t<div class=\"divider-wrap\" data-alignment=\"default\"><div style=\"height: 10px;\" class=\"divider\"><\/div><\/div>\n\t\t\t<\/div> \n\t\t<\/div>\n\t<\/div> \n<\/div><\/div>","protected":false},"excerpt":{"rendered":"L&#039;Association canadienne des libert\u00e9s civiles, l&#039;ACLC, est un ardent d\u00e9fenseur de la libert\u00e9 d&#039;expression et travaille activement \u00e0 sa promotion et \u00e0 sa d\u00e9fense. En ce qui concerne notre engagement sur les m\u00e9dias sociaux, nous nous engageons \u00e0...","protected":false},"author":4,"featured_media":1900,"parent":0,"menu_order":0,"comment_status":"closed","ping_status":"closed","template":"","meta":{"footnotes":""},"class_list":["post-3087","page","type-page","status-publish","has-post-thumbnail"],"yoast_head":"<!-- This site is optimized with the Yoast SEO plugin v24.7 - https:\/\/yoast.com\/wordpress\/plugins\/seo\/ -->\n<title>Social Media Policy - CCLA<\/title>\n<meta name=\"robots\" content=\"noindex, follow, max-snippet:-1, max-image-preview:large, max-video-preview:-1\" \/>\n<meta property=\"og:locale\" content=\"fr_CA\" \/>\n<meta property=\"og:type\" content=\"article\" \/>\n<meta property=\"og:title\" content=\"Social Media Policy - CCLA\" \/>\n<meta property=\"og:url\" content=\"https:\/\/dev.ccla.org\/fr\/politique-en-matiere-de-medias-sociaux\/\" \/>\n<meta property=\"og:site_name\" content=\"CCLA\" \/>\n<meta property=\"article:modified_time\" content=\"2022-03-29T23:48:25+00:00\" \/>\n<meta property=\"og:image\" content=\"https:\/\/dev.ccla.org\/wp-content\/uploads\/2021\/06\/Library_susan-yin-2JIvboGLeho-unsplash.jpg\" \/>\n\t<meta property=\"og:image:width\" content=\"2000\" \/>\n\t<meta property=\"og:image:height\" content=\"800\" \/>\n\t<meta property=\"og:image:type\" content=\"image\/jpeg\" \/>\n<meta name=\"twitter:card\" content=\"summary_large_image\" \/>\n<meta name=\"twitter:label1\" content=\"Estimation du temps de lecture\" \/>\n\t<meta name=\"twitter:data1\" content=\"3 minutes\" \/>\n<script type=\"application\/ld+json\" class=\"yoast-schema-graph\">{\"@context\":\"https:\/\/schema.org\",\"@graph\":[{\"@type\":\"WebPage\",\"@id\":\"https:\/\/dev.ccla.org\/social-media-policy\/\",\"url\":\"https:\/\/dev.ccla.org\/social-media-policy\/\",\"name\":\"Social Media Policy - CCLA\",\"isPartOf\":{\"@id\":\"https:\/\/dev.ccla.org\/#website\"},\"primaryImageOfPage\":{\"@id\":\"https:\/\/dev.ccla.org\/social-media-policy\/#primaryimage\"},\"image\":{\"@id\":\"https:\/\/dev.ccla.org\/social-media-policy\/#primaryimage\"},\"thumbnailUrl\":\"https:\/\/dev.ccla.org\/wp-content\/uploads\/2021\/06\/Library_susan-yin-2JIvboGLeho-unsplash.jpg\",\"datePublished\":\"2021-06-14T00:06:25+00:00\",\"dateModified\":\"2022-03-29T23:48:25+00:00\",\"breadcrumb\":{\"@id\":\"https:\/\/dev.ccla.org\/social-media-policy\/#breadcrumb\"},\"inLanguage\":\"fr-CA\",\"potentialAction\":[{\"@type\":\"ReadAction\",\"target\":[\"https:\/\/dev.ccla.org\/social-media-policy\/\"]}]},{\"@type\":\"ImageObject\",\"inLanguage\":\"fr-CA\",\"@id\":\"https:\/\/dev.ccla.org\/social-media-policy\/#primaryimage\",\"url\":\"https:\/\/dev.ccla.org\/wp-content\/uploads\/2021\/06\/Library_susan-yin-2JIvboGLeho-unsplash.jpg\",\"contentUrl\":\"https:\/\/dev.ccla.org\/wp-content\/uploads\/2021\/06\/Library_susan-yin-2JIvboGLeho-unsplash.jpg\",\"width\":2000,\"height\":800},{\"@type\":\"BreadcrumbList\",\"@id\":\"https:\/\/dev.ccla.org\/social-media-policy\/#breadcrumb\",\"itemListElement\":[{\"@type\":\"ListItem\",\"position\":1,\"name\":\"Home\",\"item\":\"https:\/\/dev.ccla.org\/\"},{\"@type\":\"ListItem\",\"position\":2,\"name\":\"Social Media Policy\"}]},{\"@type\":\"WebSite\",\"@id\":\"https:\/\/dev.ccla.org\/#website\",\"url\":\"https:\/\/dev.ccla.org\/\",\"name\":\"CCLA\",\"description\":\"\",\"potentialAction\":[{\"@type\":\"SearchAction\",\"target\":{\"@type\":\"EntryPoint\",\"urlTemplate\":\"https:\/\/dev.ccla.org\/?s={search_term_string}\"},\"query-input\":{\"@type\":\"PropertyValueSpecification\",\"valueRequired\":true,\"valueName\":\"search_term_string\"}}],\"inLanguage\":\"fr-CA\"}]}<\/script>\n<!-- \/ Yoast SEO plugin. -->","yoast_head_json":{"title":"Social Media Policy - CCLA","robots":{"index":"noindex","follow":"follow","max-snippet":"max-snippet:-1","max-image-preview":"max-image-preview:large","max-video-preview":"max-video-preview:-1"},"og_locale":"fr_CA","og_type":"article","og_title":"Social Media Policy - CCLA","og_url":"https:\/\/dev.ccla.org\/fr\/politique-en-matiere-de-medias-sociaux\/","og_site_name":"CCLA","article_modified_time":"2022-03-29T23:48:25+00:00","og_image":[{"width":2000,"height":800,"url":"https:\/\/dev.ccla.org\/wp-content\/uploads\/2021\/06\/Library_susan-yin-2JIvboGLeho-unsplash.jpg","type":"image\/jpeg"}],"twitter_card":"summary_large_image","twitter_misc":{"Estimation du temps de lecture":"3 minutes"},"schema":{"@context":"https:\/\/schema.org","@graph":[{"@type":"WebPage","@id":"https:\/\/dev.ccla.org\/social-media-policy\/","url":"https:\/\/dev.ccla.org\/social-media-policy\/","name":"Social Media Policy - CCLA","isPartOf":{"@id":"https:\/\/dev.ccla.org\/#website"},"primaryImageOfPage":{"@id":"https:\/\/dev.ccla.org\/social-media-policy\/#primaryimage"},"image":{"@id":"https:\/\/dev.ccla.org\/social-media-policy\/#primaryimage"},"thumbnailUrl":"https:\/\/dev.ccla.org\/wp-content\/uploads\/2021\/06\/Library_susan-yin-2JIvboGLeho-unsplash.jpg","datePublished":"2021-06-14T00:06:25+00:00","dateModified":"2022-03-29T23:48:25+00:00","breadcrumb":{"@id":"https:\/\/dev.ccla.org\/social-media-policy\/#breadcrumb"},"inLanguage":"fr-CA","potentialAction":[{"@type":"ReadAction","target":["https:\/\/dev.ccla.org\/social-media-policy\/"]}]},{"@type":"ImageObject","inLanguage":"fr-CA","@id":"https:\/\/dev.ccla.org\/social-media-policy\/#primaryimage","url":"https:\/\/dev.ccla.org\/wp-content\/uploads\/2021\/06\/Library_susan-yin-2JIvboGLeho-unsplash.jpg","contentUrl":"https:\/\/dev.ccla.org\/wp-content\/uploads\/2021\/06\/Library_susan-yin-2JIvboGLeho-unsplash.jpg","width":2000,"height":800},{"@type":"BreadcrumbList","@id":"https:\/\/dev.ccla.org\/social-media-policy\/#breadcrumb","itemListElement":[{"@type":"ListItem","position":1,"name":"Home","item":"https:\/\/dev.ccla.org\/"},{"@type":"ListItem","position":2,"name":"Social Media Policy"}]},{"@type":"WebSite","@id":"https:\/\/dev.ccla.org\/#website","url":"https:\/\/dev.ccla.org\/","name":"CCLA","description":"","potentialAction":[{"@type":"SearchAction","target":{"@type":"EntryPoint","urlTemplate":"https:\/\/dev.ccla.org\/?s={search_term_string}"},"query-input":{"@type":"PropertyValueSpecification","valueRequired":true,"valueName":"search_term_string"}}],"inLanguage":"fr-CA"}]}},"_links":{"self":[{"href":"https:\/\/dev.ccla.org\/fr\/wp-json\/wp\/v2\/pages\/3087","targetHints":{"allow":["GET"]}}],"collection":[{"href":"https:\/\/dev.ccla.org\/fr\/wp-json\/wp\/v2\/pages"}],"about":[{"href":"https:\/\/dev.ccla.org\/fr\/wp-json\/wp\/v2\/types\/page"}],"author":[{"embeddable":true,"href":"https:\/\/dev.ccla.org\/fr\/wp-json\/wp\/v2\/users\/4"}],"replies":[{"embeddable":true,"href":"https:\/\/dev.ccla.org\/fr\/wp-json\/wp\/v2\/comments?post=3087"}],"version-history":[{"count":4,"href":"https:\/\/dev.ccla.org\/fr\/wp-json\/wp\/v2\/pages\/3087\/revisions"}],"predecessor-version":[{"id":7377,"href":"https:\/\/dev.ccla.org\/fr\/wp-json\/wp\/v2\/pages\/3087\/revisions\/7377"}],"wp:featuredmedia":[{"embeddable":true,"href":"https:\/\/dev.ccla.org\/fr\/wp-json\/wp\/v2\/media\/1900"}],"wp:attachment":[{"href":"https:\/\/dev.ccla.org\/fr\/wp-json\/wp\/v2\/media?parent=3087"}],"curies":[{"name":"wp","href":"https:\/\/api.w.org\/{rel}","templated":true}]}}