{"id":12055,"date":"2021-06-16T01:20:48","date_gmt":"2021-06-16T05:20:48","guid":{"rendered":"https:\/\/dev.ccla.org\/calling-all-activists\/"},"modified":"2026-04-14T12:07:29","modified_gmt":"2026-04-14T16:07:29","slug":"calling-all-activists","status":"publish","type":"page","link":"https:\/\/dev.ccla.org\/fr\/calling-all-activists\/","title":{"rendered":"Impliquez-vous"},"content":{"rendered":"[vc_row type=\u00a0\u00bbin_container\u00a0\u00bb full_screen_row_position=\u00a0\u00bbmiddle\u00a0\u00bb column_margin=\u00a0\u00bbdefault\u00a0\u00bb column_direction=\u00a0\u00bbdefault\u00a0\u00bb column_direction_tablet=\u00a0\u00bbdefault\u00a0\u00bb column_direction_phone=\u00a0\u00bbdefault\u00a0\u00bb scene_position=\u00a0\u00bbcenter\u00a0\u00bb text_color=\u00a0\u00bbdark\u00a0\u00bb text_align=\u00a0\u00bbleft\u00a0\u00bb row_border_radius=\u00a0\u00bbnone\u00a0\u00bb row_border_radius_applies=\u00a0\u00bbbg\u00a0\u00bb overlay_strength=\u00a0\u00bb0.3&Prime; gradient_direction=\u00a0\u00bbleft_to_right\u00a0\u00bb shape_divider_position=\u00a0\u00bbbottom\u00a0\u00bb bg_image_animation=\u00a0\u00bbnone\u00a0\u00bb][vc_column column_padding=\u00a0\u00bbno-extra-padding\u00a0\u00bb column_padding_tablet=\u00a0\u00bbinherit\u00a0\u00bb column_padding_phone=\u00a0\u00bbinherit\u00a0\u00bb column_padding_position=\u00a0\u00bball\u00a0\u00bb column_element_spacing=\u00a0\u00bbdefault\u00a0\u00bb background_color_opacity=\u00a0\u00bb1&Prime; background_hover_color_opacity=\u00a0\u00bb1&Prime; column_shadow=\u00a0\u00bbnone\u00a0\u00bb column_border_radius=\u00a0\u00bbnone\u00a0\u00bb column_link_target=\u00a0\u00bb_self\u00a0\u00bb gradient_direction=\u00a0\u00bbleft_to_right\u00a0\u00bb overlay_strength=\u00a0\u00bb0.3&Prime; width=\u00a0\u00bb1\/1&Prime; tablet_width_inherit=\u00a0\u00bbdefault\u00a0\u00bb tablet_text_alignment=\u00a0\u00bbdefault\u00a0\u00bb phone_text_alignment=\u00a0\u00bbdefault\u00a0\u00bb bg_image_animation=\u00a0\u00bbnone\u00a0\u00bb border_type=\u00a0\u00bbsimple\u00a0\u00bb column_border_width=\u00a0\u00bbnone\u00a0\u00bb column_border_style=\u00a0\u00bbsolid\u00a0\u00bb][nectar_global_section id=\u00a0\u00bb1355&Prime;][\/vc_column][\/vc_row][vc_row type=\u00a0\u00bbfull_width_background\u00a0\u00bb full_screen_row_position=\u00a0\u00bbmiddle\u00a0\u00bb column_margin=\u00a0\u00bbdefault\u00a0\u00bb equal_height=\u00a0\u00bbyes\u00a0\u00bb content_placement=\u00a0\u00bbmiddle\u00a0\u00bb column_direction=\u00a0\u00bbdefault\u00a0\u00bb column_direction_tablet=\u00a0\u00bbdefault\u00a0\u00bb column_direction_phone=\u00a0\u00bbdefault\u00a0\u00bb scene_position=\u00a0\u00bbcenter\u00a0\u00bb top_padding=\u00a0\u00bb3%\u00a0\u00bb constrain_group_1=\u00a0\u00bbyes\u00a0\u00bb bottom_padding=\u00a0\u00bb3%\u00a0\u00bb text_color=\u00a0\u00bbdark\u00a0\u00bb text_align=\u00a0\u00bbleft\u00a0\u00bb row_border_radius=\u00a0\u00bbnone\u00a0\u00bb row_border_radius_applies=\u00a0\u00bbbg\u00a0\u00bb overlay_strength=\u00a0\u00bb0.3&Prime; gradient_direction=\u00a0\u00bbleft_to_right\u00a0\u00bb shape_divider_position=\u00a0\u00bbbottom\u00a0\u00bb bg_image_animation=\u00a0\u00bbnone\u00a0\u00bb shape_type=\u00a0\u00bb\u00a0\u00bb][vc_column column_padding=\u00a0\u00bbpadding-2-percent\u00a0\u00bb column_padding_tablet=\u00a0\u00bbinherit\u00a0\u00bb column_padding_phone=\u00a0\u00bbinherit\u00a0\u00bb column_padding_position=\u00a0\u00bbright\u00a0\u00bb column_element_spacing=\u00a0\u00bbdefault\u00a0\u00bb background_color_opacity=\u00a0\u00bb1&Prime; background_hover_color_opacity=\u00a0\u00bb1&Prime; column_shadow=\u00a0\u00bbnone\u00a0\u00bb column_border_radius=\u00a0\u00bbnone\u00a0\u00bb column_link_target=\u00a0\u00bb_self\u00a0\u00bb gradient_direction=\u00a0\u00bbleft_to_right\u00a0\u00bb overlay_strength=\u00a0\u00bb0.3&Prime; width=\u00a0\u00bb1\/3&Prime; tablet_width_inherit=\u00a0\u00bbdefault\u00a0\u00bb tablet_text_alignment=\u00a0\u00bbdefault\u00a0\u00bb phone_text_alignment=\u00a0\u00bbdefault\u00a0\u00bb bg_image_animation=\u00a0\u00bbnone\u00a0\u00bb border_type=\u00a0\u00bbsimple\u00a0\u00bb column_border_width=\u00a0\u00bbnone\u00a0\u00bb column_border_style=\u00a0\u00bbsolid\u00a0\u00bb][vc_custom_heading text=\u00a0\u00bbLa CCLA travaille continuellement \u00e0 prot\u00e9ger vos libert\u00e9s civiles. Voici des fa\u00e7ons dont vous pouvez aider.   \u00a0\u00bb font_container=\u00a0\u00bbtag:h2|font_size:36|text_align:left|color:%231e5799|line_height:1.4&Prime; google_fonts=\u00a0\u00bbfont_family:Crimson%20Text%3Aregular%2Citalic%2C600%2C600italic%2C700%2C700italic|font_style:600%20bold%20italic%3A600%3Aitalic\u00a0\u00bb][divider line_type=\u00a0\u00bbSmall Line\u00a0\u00bb line_alignment=\u00a0\u00bbdefault\u00a0\u00bb line_thickness=\u00a0\u00bb5&Prime; divider_color=\u00a0\u00bbextra-color-1&Prime; animate=\u00a0\u00bbyes\u00a0\u00bb custom_height=\u00a0\u00bb50&Prime; custom_line_width=\u00a0\u00bb120&Prime;][vc_column_text]<span class=\"TextRun MacChromeBold SCXW168172639 BCX0\" lang=\"EN-CA\" data-contrast=\"none\" xml:lang=\"EN-CA\"><span class=\"NormalTextRun SCXW168172639 BCX0\">Joignez-vous \u00e0 vous<\/span><span class=\"NormalTextRun SCXW168172639 BCX0\"><span class=\"NormalTextRun SCXW168172639 BCX0\"> <\/span><span class=\"NormalTextRun SCXW168172639 BCX0\">\u2014 et aidez \u00e0<\/span><span class=\"NormalTextRun SCXW168172639 BCX0\"> <\/span><span class=\"NormalTextRun SCXW168172639 BCX0\">assurer la libert\u00e9, <\/span><span class=\"NormalTextRun SCXW168172639 BCX0\">l\u2019\u00e9galit\u00e9<\/span><span class=\"NormalTextRun SCXW168172639 BCX0\"> et un avenir meilleur<\/span><span class=\"NormalTextRun SCXW168172639 BCX0\">pour tous les peuples au Canada. <\/span><\/span> <span class=\"NormalTextRun SCXW168172639 BCX0\"> <\/span><\/span><span class=\"EOP SCXW168172639 BCX0\" data-ccp-props=\"{\"335559739\":105}\"> <\/span>[\/vc_column_text][\/vc_column][vc_column column_padding=\u00a0\u00bbno-extra-padding\u00a0\u00bb column_padding_tablet=\u00a0\u00bbinherit\u00a0\u00bb column_padding_phone=\u00a0\u00bbinherit\u00a0\u00bb column_padding_position=\u00a0\u00bball\u00a0\u00bb column_element_spacing=\u00a0\u00bbdefault\u00a0\u00bb background_color_opacity=\u00a0\u00bb1&Prime; background_hover_color_opacity=\u00a0\u00bb1&Prime; column_shadow=\u00a0\u00bbnone\u00a0\u00bb column_border_radius=\u00a0\u00bbnone\u00a0\u00bb column_link_target=\u00a0\u00bb_self\u00a0\u00bb gradient_direction=\u00a0\u00bbleft_to_right\u00a0\u00bb overlay_strength=\u00a0\u00bb0.3&Prime; width=\u00a0\u00bb2\/3&Prime; tablet_width_inherit=\u00a0\u00bbdefault\u00a0\u00bb tablet_text_alignment=\u00a0\u00bbdefault\u00a0\u00bb phone_text_alignment=\u00a0\u00bbdefault\u00a0\u00bb bg_image_animation=\u00a0\u00bbnone\u00a0\u00bb border_type=\u00a0\u00bbsimple\u00a0\u00bb column_border_width=\u00a0\u00bbnone\u00a0\u00bb column_border_style=\u00a0\u00bbsolid\u00a0\u00bb][vc_row_inner column_margin=\u00a0\u00bbdefault\u00a0\u00bb column_direction=\u00a0\u00bbdefault\u00a0\u00bb column_direction_tablet=\u00a0\u00bbdefault\u00a0\u00bb column_direction_phone=\u00a0\u00bbdefault\u00a0\u00bb text_align=\u00a0\u00bbleft\u00a0\u00bb css=\u00a0\u00bb.vc_custom_1504187365562{margin-bottom: 2% !important;}\u00a0\u00bb][vc_column_inner column_padding=\u00a0\u00bbpadding-1-percent\u00a0\u00bb column_padding_tablet=\u00a0\u00bbinherit\u00a0\u00bb column_padding_phone=\u00a0\u00bbinherit\u00a0\u00bb column_padding_position=\u00a0\u00bball\u00a0\u00bb column_element_spacing=\u00a0\u00bbdefault\u00a0\u00bb background_color_opacity=\u00a0\u00bb1&Prime; background_hover_color_opacity=\u00a0\u00bb1&Prime; column_shadow=\u00a0\u00bbnone\u00a0\u00bb column_border_radius=\u00a0\u00bbnone\u00a0\u00bb column_link_target=\u00a0\u00bb_self\u00a0\u00bb gradient_direction=\u00a0\u00bbleft_to_right\u00a0\u00bb overlay_strength=\u00a0\u00bb0.3&Prime; width=\u00a0\u00bb1\/2&Prime; tablet_width_inherit=\u00a0\u00bbdefault\u00a0\u00bb bg_image_animation=\u00a0\u00bbnone\u00a0\u00bb border_type=\u00a0\u00bbsimple\u00a0\u00bb column_border_width=\u00a0\u00bbnone\u00a0\u00bb column_border_style=\u00a0\u00bbsolid\u00a0\u00bb][fancy_box box_style=\u00a0\u00bbcolor_box_basic\u00a0\u00bb icon_family=\u00a0\u00bbsteadysets\u00a0\u00bb image_url=\u00a0\u00bb4763&Prime; box_color=\u00a0\u00bb#000000&Prime; box_color_opacity=\u00a0\u00bb0.7&Prime; box_alignment=\u00a0\u00bbleft\u00a0\u00bb border_radius=\u00a0\u00bbnone\u00a0\u00bb image_loading=\u00a0\u00bbdefault\u00a0\u00bb min_height=\u00a0\u00bb175&Prime; link_url=\u00a0\u00bbhttps:\/\/dev.ccla.org\/volunteer\/\u00a0\u00bb link_screen_reader=\u00a0\u00bbVolunteer with CCLA\u00a0\u00bb icon_steadysets=\u00a0\u00bbsteadysets-icon-users\u00a0\u00bb]\n<h3>B\u00e9n\u00e9vole<\/h3>\n<p>Donnez un coup de main et joignez-vous \u00e0 la cause!<\/p>\n[\/fancy_box][\/vc_column_inner][vc_column_inner column_padding=\u00a0\u00bbpadding-1-percent\u00a0\u00bb column_padding_tablet=\u00a0\u00bbinherit\u00a0\u00bb column_padding_phone=\u00a0\u00bbinherit\u00a0\u00bb column_padding_position=\u00a0\u00bball\u00a0\u00bb column_element_spacing=\u00a0\u00bbdefault\u00a0\u00bb background_color_opacity=\u00a0\u00bb1&Prime; background_hover_color_opacity=\u00a0\u00bb1&Prime; column_shadow=\u00a0\u00bbnone\u00a0\u00bb column_border_radius=\u00a0\u00bbnone\u00a0\u00bb column_link_target=\u00a0\u00bb_self\u00a0\u00bb gradient_direction=\u00a0\u00bbleft_to_right\u00a0\u00bb overlay_strength=\u00a0\u00bb0.3&Prime; width=\u00a0\u00bb1\/2&Prime; tablet_width_inherit=\u00a0\u00bbdefault\u00a0\u00bb bg_image_animation=\u00a0\u00bbnone\u00a0\u00bb border_type=\u00a0\u00bbsimple\u00a0\u00bb column_border_width=\u00a0\u00bbnone\u00a0\u00bb column_border_style=\u00a0\u00bbsolid\u00a0\u00bb][fancy_box box_style=\u00a0\u00bbcolor_box_basic\u00a0\u00bb icon_family=\u00a0\u00bbsteadysets\u00a0\u00bb image_url=\u00a0\u00bb4835&Prime; box_color=\u00a0\u00bb#000000&Prime; box_color_opacity=\u00a0\u00bb0.7&Prime; box_alignment=\u00a0\u00bbleft\u00a0\u00bb border_radius=\u00a0\u00bbnone\u00a0\u00bb image_loading=\u00a0\u00bbdefault\u00a0\u00bb min_height=\u00a0\u00bb175&Prime; link_url=\u00a0\u00bbhttps:\/\/dev.ccla.org\/calling-all-activists\/take-action\/\u00a0\u00bb link_screen_reader=\u00a0\u00bbTake Action To Protect Democracy\u00a0\u00bb icon_steadysets=\u00a0\u00bbsteadysets-icon-bullhorn\u00a0\u00bb]\n<h3>Passez \u00e0 l\u2019action<\/h3>\n<p>Agissez pour prot\u00e9ger votre d\u00e9mocratie.<\/p>\n[\/fancy_box][\/vc_column_inner][\/vc_row_inner][vc_row_inner column_margin=\u00a0\u00bbdefault\u00a0\u00bb column_direction=\u00a0\u00bbdefault\u00a0\u00bb column_direction_tablet=\u00a0\u00bbdefault\u00a0\u00bb column_direction_phone=\u00a0\u00bbdefault\u00a0\u00bb text_align=\u00a0\u00bbleft\u00a0\u00bb][vc_column_inner column_padding=\u00a0\u00bbpadding-1-percent\u00a0\u00bb column_padding_tablet=\u00a0\u00bbinherit\u00a0\u00bb column_padding_phone=\u00a0\u00bbinherit\u00a0\u00bb column_padding_position=\u00a0\u00bball\u00a0\u00bb column_element_spacing=\u00a0\u00bbdefault\u00a0\u00bb background_color_opacity=\u00a0\u00bb1&Prime; background_hover_color_opacity=\u00a0\u00bb1&Prime; column_shadow=\u00a0\u00bbnone\u00a0\u00bb column_border_radius=\u00a0\u00bbnone\u00a0\u00bb column_link_target=\u00a0\u00bb_self\u00a0\u00bb gradient_direction=\u00a0\u00bbleft_to_right\u00a0\u00bb overlay_strength=\u00a0\u00bb0.3&Prime; width=\u00a0\u00bb1\/2&Prime; tablet_width_inherit=\u00a0\u00bbdefault\u00a0\u00bb bg_image_animation=\u00a0\u00bbnone\u00a0\u00bb border_type=\u00a0\u00bbsimple\u00a0\u00bb column_border_width=\u00a0\u00bbnone\u00a0\u00bb column_border_style=\u00a0\u00bbsolid\u00a0\u00bb][fancy_box box_style=\u00a0\u00bbcolor_box_basic\u00a0\u00bb icon_family=\u00a0\u00bbsteadysets\u00a0\u00bb image_url=\u00a0\u00bb778&Prime; box_color=\u00a0\u00bb#000000&Prime; box_color_opacity=\u00a0\u00bb0.7&Prime; box_alignment=\u00a0\u00bbleft\u00a0\u00bb border_radius=\u00a0\u00bbnone\u00a0\u00bb image_loading=\u00a0\u00bbdefault\u00a0\u00bb min_height=\u00a0\u00bb175&Prime; link_url=\u00a0\u00bbhttps:\/\/dev.ccla.org\/calling-all-activists\/get-informed\/\u00a0\u00bb link_screen_reader=\u00a0\u00bbGet Informed About Your Rights\u00a0\u00bb icon_steadysets=\u00a0\u00bbsteadysets-icon-chat\u00a0\u00bb]\n<h3>Informez-vous<\/h3>\n<p>T\u00e9l\u00e9chargez nos guides et trousses d\u2019outils pour conna\u00eetre vos droits.<\/p>\n[\/fancy_box][\/vc_column_inner][vc_column_inner column_padding=\u00a0\u00bbpadding-1-percent\u00a0\u00bb column_padding_tablet=\u00a0\u00bbinherit\u00a0\u00bb column_padding_phone=\u00a0\u00bbinherit\u00a0\u00bb column_padding_position=\u00a0\u00bball\u00a0\u00bb column_element_spacing=\u00a0\u00bbdefault\u00a0\u00bb background_color_opacity=\u00a0\u00bb1&Prime; background_hover_color_opacity=\u00a0\u00bb1&Prime; column_shadow=\u00a0\u00bbnone\u00a0\u00bb column_border_radius=\u00a0\u00bbnone\u00a0\u00bb column_link_target=\u00a0\u00bb_self\u00a0\u00bb gradient_direction=\u00a0\u00bbleft_to_right\u00a0\u00bb overlay_strength=\u00a0\u00bb0.3&Prime; width=\u00a0\u00bb1\/2&Prime; tablet_width_inherit=\u00a0\u00bbdefault\u00a0\u00bb bg_image_animation=\u00a0\u00bbnone\u00a0\u00bb border_type=\u00a0\u00bbsimple\u00a0\u00bb column_border_width=\u00a0\u00bbnone\u00a0\u00bb column_border_style=\u00a0\u00bbsolid\u00a0\u00bb][fancy_box box_style=\u00a0\u00bbcolor_box_basic\u00a0\u00bb icon_family=\u00a0\u00bbsteadysets\u00a0\u00bb image_url=\u00a0\u00bb1351&Prime; box_color=\u00a0\u00bb#000000&Prime; box_color_opacity=\u00a0\u00bb0.7&Prime; box_alignment=\u00a0\u00bbleft\u00a0\u00bb border_radius=\u00a0\u00bbnone\u00a0\u00bb image_loading=\u00a0\u00bbdefault\u00a0\u00bb min_height=\u00a0\u00bb175&Prime; link_url=\u00a0\u00bb\/give\/\u00a0\u00bb link_screen_reader=\u00a0\u00bbDonate to CCLA\u00a0\u00bb icon_steadysets=\u00a0\u00bbsteadysets-icon-heart\u00a0\u00bb]\n<h3>Faire un don<\/h3>\n<p class=\"vc_custom_heading\">En choisissant de faire un don aujourd\u2019hui, vous nous aidez \u00e0 d\u00e9fendre ceux qui en ont le plus besoin.<\/p>\n[\/fancy_box][\/vc_column_inner][\/vc_row_inner][\/vc_column][\/vc_row][vc_row type=\u00a0\u00bbin_container\u00a0\u00bb full_screen_row_position=\u00a0\u00bbmiddle\u00a0\u00bb column_margin=\u00a0\u00bbdefault\u00a0\u00bb column_direction=\u00a0\u00bbdefault\u00a0\u00bb column_direction_tablet=\u00a0\u00bbdefault\u00a0\u00bb column_direction_phone=\u00a0\u00bbdefault\u00a0\u00bb scene_position=\u00a0\u00bbcenter\u00a0\u00bb text_color=\u00a0\u00bbdark\u00a0\u00bb text_align=\u00a0\u00bbleft\u00a0\u00bb row_border_radius=\u00a0\u00bbnone\u00a0\u00bb row_border_radius_applies=\u00a0\u00bbbg\u00a0\u00bb overlay_strength=\u00a0\u00bb0.3&Prime; gradient_direction=\u00a0\u00bbleft_to_right\u00a0\u00bb shape_divider_position=\u00a0\u00bbbottom\u00a0\u00bb bg_image_animation=\u00a0\u00bbnone\u00a0\u00bb][vc_column column_padding=\u00a0\u00bbno-extra-padding\u00a0\u00bb column_padding_tablet=\u00a0\u00bbinherit\u00a0\u00bb column_padding_phone=\u00a0\u00bbinherit\u00a0\u00bb column_padding_position=\u00a0\u00bball\u00a0\u00bb column_element_spacing=\u00a0\u00bbdefault\u00a0\u00bb background_color_opacity=\u00a0\u00bb1&Prime; background_hover_color_opacity=\u00a0\u00bb1&Prime; column_shadow=\u00a0\u00bbnone\u00a0\u00bb column_border_radius=\u00a0\u00bbnone\u00a0\u00bb column_link_target=\u00a0\u00bb_self\u00a0\u00bb gradient_direction=\u00a0\u00bbleft_to_right\u00a0\u00bb overlay_strength=\u00a0\u00bb0.3&Prime; width=\u00a0\u00bb1\/1&Prime; tablet_width_inherit=\u00a0\u00bbdefault\u00a0\u00bb tablet_text_alignment=\u00a0\u00bbdefault\u00a0\u00bb phone_text_alignment=\u00a0\u00bbdefault\u00a0\u00bb bg_image_animation=\u00a0\u00bbnone\u00a0\u00bb border_type=\u00a0\u00bbsimple\u00a0\u00bb column_border_width=\u00a0\u00bbnone\u00a0\u00bb column_border_style=\u00a0\u00bbsolid\u00a0\u00bb][nectar_global_section id=\u00a0\u00bb3656&Prime;][\/vc_column][\/vc_row]\n","protected":false},"excerpt":{"rendered":"<p>[vc_row type=\u00a0\u00bbin_container\u00a0\u00bb full_screen_row_position=\u00a0\u00bbmiddle\u00a0\u00bb column_margin=\u00a0\u00bbdefault\u00a0\u00bb column_direction=\u00a0\u00bbdefault\u00a0\u00bb column_direction_tablet=\u00a0\u00bbdefault\u00a0\u00bb column_direction_phone=\u00a0\u00bbdefault\u00a0\u00bb scene_position=\u00a0\u00bbcenter\u00a0\u00bb text_color=\u00a0\u00bbdark\u00a0\u00bb text_align=\u00a0\u00bbleft\u00a0\u00bb row_border_radius=\u00a0\u00bbnone\u00a0\u00bb row_border_radius_applies=\u00a0\u00bbbg\u00a0\u00bb overlay_strength=\u00a0\u00bb0.3&Prime; gradient_direction=\u00a0\u00bbleft_to_right\u00a0\u00bb shape_divider_position=\u00a0\u00bbbottom\u00a0\u00bb bg_image_animation=\u00a0\u00bbnone\u00a0\u00bb][vc_column column_padding=\u00a0\u00bbno-extra-padding\u00a0\u00bb column_padding_tablet=\u00a0\u00bbinherit\u00a0\u00bb column_padding_phone=\u00a0\u00bbinherit\u00a0\u00bb column_padding_position=\u00a0\u00bball\u00a0\u00bb column_element_spacing=\u00a0\u00bbdefault\u00a0\u00bb background_color_opacity=\u00a0\u00bb1&Prime; background_hover_color_opacity=\u00a0\u00bb1&Prime; column_shadow=\u00a0\u00bbnone\u00a0\u00bb column_border_radius=\u00a0\u00bbnone\u00a0\u00bb column_link_target=\u00a0\u00bb_self\u00a0\u00bb gradient_direction=\u00a0\u00bbleft_to_right\u00a0\u00bb overlay_strength=\u00a0\u00bb0.3&Prime; width=\u00a0\u00bb1\/1&Prime; tablet_width_inherit=\u00a0\u00bbdefault\u00a0\u00bb&#8230;<\/p>\n","protected":false},"author":4,"featured_media":12056,"parent":0,"menu_order":0,"comment_status":"closed","ping_status":"closed","template":"","meta":{"footnotes":""},"class_list":["post-12055","page","type-page","status-publish","has-post-thumbnail"],"yoast_head":"<!-- This site is optimized with the Yoast SEO plugin v27.4 - https:\/\/yoast.com\/product\/yoast-seo-wordpress\/ -->\n<title>Militants des droits civiques et b\u00e9n\u00e9voles au Canada-<\/title>\n<meta name=\"description\" content=\"L\u2019Association canadienne des libert\u00e9s civiles appelle tous les militants et b\u00e9n\u00e9voles des droits civiques au Canada \u00e0 promouvoir la qualit\u00e9, la libert\u00e9 et la justice. Apprenez-en plus ici.\" \/>\n<meta name=\"robots\" content=\"noindex, follow, max-snippet:-1, max-image-preview:large, max-video-preview:-1\" \/>\n<meta property=\"og:locale\" content=\"fr_CA\" \/>\n<meta property=\"og:type\" content=\"article\" \/>\n<meta property=\"og:title\" content=\"Militants des droits civiques et b\u00e9n\u00e9voles au Canada-\" \/>\n<meta property=\"og:description\" content=\"L\u2019Association canadienne des libert\u00e9s civiles appelle tous les militants et b\u00e9n\u00e9voles des droits civiques au Canada \u00e0 promouvoir la qualit\u00e9, la libert\u00e9 et la justice. Apprenez-en plus ici.\" \/>\n<meta property=\"og:url\" content=\"https:\/\/dev.ccla.org\/fr\/calling-all-activists\/\" \/>\n<meta property=\"og:site_name\" content=\"CCLA\" \/>\n<meta property=\"article:modified_time\" content=\"2026-04-14T16:07:29+00:00\" \/>\n<meta property=\"og:image\" content=\"https:\/\/dev.ccla.org\/wp-content\/uploads\/2021\/07\/group-of-american-activists-is-protesting-2021-06-08-22-37-30-utc.jpg\" \/>\n\t<meta property=\"og:image:width\" content=\"2000\" \/>\n\t<meta property=\"og:image:height\" content=\"800\" \/>\n\t<meta property=\"og:image:type\" content=\"image\/jpeg\" \/>\n<meta name=\"twitter:card\" content=\"summary_large_image\" \/>\n<meta name=\"twitter:label1\" content=\"Estimation du temps de lecture\" \/>\n\t<meta name=\"twitter:data1\" content=\"6 minutes\" \/>\n<script type=\"application\/ld+json\" class=\"yoast-schema-graph\">{\"@context\":\"https:\\\/\\\/schema.org\",\"@graph\":[{\"@type\":\"WebPage\",\"@id\":\"https:\\\/\\\/dev.ccla.org\\\/fr\\\/calling-all-activists\\\/\",\"url\":\"https:\\\/\\\/dev.ccla.org\\\/fr\\\/calling-all-activists\\\/\",\"name\":\"Militants des droits civiques et b\u00e9n\u00e9voles au Canada-\",\"isPartOf\":{\"@id\":\"https:\\\/\\\/dev.ccla.org\\\/fr\\\/#website\"},\"primaryImageOfPage\":{\"@id\":\"https:\\\/\\\/dev.ccla.org\\\/fr\\\/calling-all-activists\\\/#primaryimage\"},\"image\":{\"@id\":\"https:\\\/\\\/dev.ccla.org\\\/fr\\\/calling-all-activists\\\/#primaryimage\"},\"thumbnailUrl\":\"https:\\\/\\\/dev.ccla.org\\\/wp-content\\\/uploads\\\/2021\\\/07\\\/group-of-american-activists-is-protesting-2021-06-08-22-37-30-utc.jpg\",\"datePublished\":\"2021-06-16T05:20:48+00:00\",\"dateModified\":\"2026-04-14T16:07:29+00:00\",\"description\":\"L\u2019Association canadienne des libert\u00e9s civiles appelle tous les militants et b\u00e9n\u00e9voles des droits civiques au Canada \u00e0 promouvoir la qualit\u00e9, la libert\u00e9 et la justice. Apprenez-en plus ici.\",\"breadcrumb\":{\"@id\":\"https:\\\/\\\/dev.ccla.org\\\/fr\\\/calling-all-activists\\\/#breadcrumb\"},\"inLanguage\":\"fr-CA\",\"potentialAction\":[{\"@type\":\"ReadAction\",\"target\":[\"https:\\\/\\\/dev.ccla.org\\\/fr\\\/calling-all-activists\\\/\"]}]},{\"@type\":\"ImageObject\",\"inLanguage\":\"fr-CA\",\"@id\":\"https:\\\/\\\/dev.ccla.org\\\/fr\\\/calling-all-activists\\\/#primaryimage\",\"url\":\"https:\\\/\\\/dev.ccla.org\\\/wp-content\\\/uploads\\\/2021\\\/07\\\/group-of-american-activists-is-protesting-2021-06-08-22-37-30-utc.jpg\",\"contentUrl\":\"https:\\\/\\\/dev.ccla.org\\\/wp-content\\\/uploads\\\/2021\\\/07\\\/group-of-american-activists-is-protesting-2021-06-08-22-37-30-utc.jpg\",\"width\":2000,\"height\":800},{\"@type\":\"BreadcrumbList\",\"@id\":\"https:\\\/\\\/dev.ccla.org\\\/fr\\\/calling-all-activists\\\/#breadcrumb\",\"itemListElement\":[{\"@type\":\"ListItem\",\"position\":1,\"name\":\"Home\",\"item\":\"https:\\\/\\\/dev.ccla.org\\\/fr\\\/home-original\\\/\"},{\"@type\":\"ListItem\",\"position\":2,\"name\":\"Impliquez-vous\"}]},{\"@type\":\"WebSite\",\"@id\":\"https:\\\/\\\/dev.ccla.org\\\/fr\\\/#website\",\"url\":\"https:\\\/\\\/dev.ccla.org\\\/fr\\\/\",\"name\":\"CCLA\",\"description\":\"\",\"potentialAction\":[{\"@type\":\"SearchAction\",\"target\":{\"@type\":\"EntryPoint\",\"urlTemplate\":\"https:\\\/\\\/dev.ccla.org\\\/fr\\\/?s={search_term_string}\"},\"query-input\":{\"@type\":\"PropertyValueSpecification\",\"valueRequired\":true,\"valueName\":\"search_term_string\"}}],\"inLanguage\":\"fr-CA\"}]}<\/script>\n<!-- \/ Yoast SEO plugin. -->","yoast_head_json":{"title":"Militants des droits civiques et b\u00e9n\u00e9voles au Canada-","description":"L\u2019Association canadienne des libert\u00e9s civiles appelle tous les militants et b\u00e9n\u00e9voles des droits civiques au Canada \u00e0 promouvoir la qualit\u00e9, la libert\u00e9 et la justice. Apprenez-en plus ici.","robots":{"index":"noindex","follow":"follow","max-snippet":"max-snippet:-1","max-image-preview":"max-image-preview:large","max-video-preview":"max-video-preview:-1"},"og_locale":"fr_CA","og_type":"article","og_title":"Militants des droits civiques et b\u00e9n\u00e9voles au Canada-","og_description":"L\u2019Association canadienne des libert\u00e9s civiles appelle tous les militants et b\u00e9n\u00e9voles des droits civiques au Canada \u00e0 promouvoir la qualit\u00e9, la libert\u00e9 et la justice. Apprenez-en plus ici.","og_url":"https:\/\/dev.ccla.org\/fr\/calling-all-activists\/","og_site_name":"CCLA","article_modified_time":"2026-04-14T16:07:29+00:00","og_image":[{"width":2000,"height":800,"url":"https:\/\/dev.ccla.org\/wp-content\/uploads\/2021\/07\/group-of-american-activists-is-protesting-2021-06-08-22-37-30-utc.jpg","type":"image\/jpeg"}],"twitter_card":"summary_large_image","twitter_misc":{"Estimation du temps de lecture":"6 minutes"},"schema":{"@context":"https:\/\/schema.org","@graph":[{"@type":"WebPage","@id":"https:\/\/dev.ccla.org\/fr\/calling-all-activists\/","url":"https:\/\/dev.ccla.org\/fr\/calling-all-activists\/","name":"Militants des droits civiques et b\u00e9n\u00e9voles au Canada-","isPartOf":{"@id":"https:\/\/dev.ccla.org\/fr\/#website"},"primaryImageOfPage":{"@id":"https:\/\/dev.ccla.org\/fr\/calling-all-activists\/#primaryimage"},"image":{"@id":"https:\/\/dev.ccla.org\/fr\/calling-all-activists\/#primaryimage"},"thumbnailUrl":"https:\/\/dev.ccla.org\/wp-content\/uploads\/2021\/07\/group-of-american-activists-is-protesting-2021-06-08-22-37-30-utc.jpg","datePublished":"2021-06-16T05:20:48+00:00","dateModified":"2026-04-14T16:07:29+00:00","description":"L\u2019Association canadienne des libert\u00e9s civiles appelle tous les militants et b\u00e9n\u00e9voles des droits civiques au Canada \u00e0 promouvoir la qualit\u00e9, la libert\u00e9 et la justice. Apprenez-en plus ici.","breadcrumb":{"@id":"https:\/\/dev.ccla.org\/fr\/calling-all-activists\/#breadcrumb"},"inLanguage":"fr-CA","potentialAction":[{"@type":"ReadAction","target":["https:\/\/dev.ccla.org\/fr\/calling-all-activists\/"]}]},{"@type":"ImageObject","inLanguage":"fr-CA","@id":"https:\/\/dev.ccla.org\/fr\/calling-all-activists\/#primaryimage","url":"https:\/\/dev.ccla.org\/wp-content\/uploads\/2021\/07\/group-of-american-activists-is-protesting-2021-06-08-22-37-30-utc.jpg","contentUrl":"https:\/\/dev.ccla.org\/wp-content\/uploads\/2021\/07\/group-of-american-activists-is-protesting-2021-06-08-22-37-30-utc.jpg","width":2000,"height":800},{"@type":"BreadcrumbList","@id":"https:\/\/dev.ccla.org\/fr\/calling-all-activists\/#breadcrumb","itemListElement":[{"@type":"ListItem","position":1,"name":"Home","item":"https:\/\/dev.ccla.org\/fr\/home-original\/"},{"@type":"ListItem","position":2,"name":"Impliquez-vous"}]},{"@type":"WebSite","@id":"https:\/\/dev.ccla.org\/fr\/#website","url":"https:\/\/dev.ccla.org\/fr\/","name":"CCLA","description":"","potentialAction":[{"@type":"SearchAction","target":{"@type":"EntryPoint","urlTemplate":"https:\/\/dev.ccla.org\/fr\/?s={search_term_string}"},"query-input":{"@type":"PropertyValueSpecification","valueRequired":true,"valueName":"search_term_string"}}],"inLanguage":"fr-CA"}]}},"_links":{"self":[{"href":"https:\/\/dev.ccla.org\/fr\/wp-json\/wp\/v2\/pages\/12055","targetHints":{"allow":["GET"]}}],"collection":[{"href":"https:\/\/dev.ccla.org\/fr\/wp-json\/wp\/v2\/pages"}],"about":[{"href":"https:\/\/dev.ccla.org\/fr\/wp-json\/wp\/v2\/types\/page"}],"author":[{"embeddable":true,"href":"https:\/\/dev.ccla.org\/fr\/wp-json\/wp\/v2\/users\/4"}],"replies":[{"embeddable":true,"href":"https:\/\/dev.ccla.org\/fr\/wp-json\/wp\/v2\/comments?post=12055"}],"version-history":[{"count":1,"href":"https:\/\/dev.ccla.org\/fr\/wp-json\/wp\/v2\/pages\/12055\/revisions"}],"predecessor-version":[{"id":12057,"href":"https:\/\/dev.ccla.org\/fr\/wp-json\/wp\/v2\/pages\/12055\/revisions\/12057"}],"wp:featuredmedia":[{"embeddable":true,"href":"https:\/\/dev.ccla.org\/fr\/wp-json\/wp\/v2\/media\/12056"}],"wp:attachment":[{"href":"https:\/\/dev.ccla.org\/fr\/wp-json\/wp\/v2\/media?parent=12055"}],"curies":[{"name":"wp","href":"https:\/\/api.w.org\/{rel}","templated":true}]}}